{"id":37619,"date":"2024-10-11T17:37:03","date_gmt":"2024-10-11T15:37:03","guid":{"rendered":"https:\/\/vapotheque.ch\/boutique\/vaping-in-paris-silver-fox-apfel-e-liquid\/"},"modified":"2025-04-26T12:37:35","modified_gmt":"2025-04-26T10:37:35","slug":"vaping-in-paris-silver-fox-apfel-e-liquid","status":"publish","type":"product","link":"https:\/\/vapotheque.ch\/de\/shop\/vaping-in-paris-silver-fox-apfel-e-liquid\/","title":{"rendered":"Vaping In Paris &#8211; Silver Fox &#8211; Apple E-Liquid 50 ml \/ 75 ml"},"content":{"rendered":"<h2><strong>Vaping In Paris Silver Fox &#8211; Apple E-Liquid 50 ml \/ 75 ml<\/strong> : das Knuspern eines gr\u00fcnen Apfels!<\/h2>\n<p>Lassen Sie sich von einem Wirbelwind der Frische mitrei\u00dfen mit dem <strong>Vaping In Paris Silver Fox &#8211; Apple E-Liquid 50 ml \/ 75 ml<\/strong>, dem neuesten fruchtigen Juwel der Marke! \u2744\ufe0f<\/p>\n<p>Stellen Sie sich einen knackigen, saftigen gr\u00fcnen Apfel vor, der direkt aus einem Obstgarten kommt, im Morgentau gebadet, umh\u00fcllt von einem eisigen Atem, der Ihre Geschmacksknospen bei jedem Zug erschaudern l\u00e4sst. Dieses E-Liquid ist nicht nur ein Geschmack, es ist eine wirklich erfrischende Flucht, die Sie an die Einweg-Puffs erinnert, die Sie lieben&#8230; aber mit diesem Hauch von <strong>Vaping In Paris-Qualit\u00e4t<\/strong>, made in France! <\/p>\n<p><strong>Silver Fox<\/strong> zeichnet sich dadurch aus, dass es die Essenz von Fr\u00fcchten in seinen intensivsten Versionen einf\u00e4ngt, und dieses <strong>Vaping In Paris Silver Fox &#8211; Apple E-Liquid 50ml \/ 75ml<\/strong> ist da keine Ausnahme. Der nat\u00fcrliche Geschmack des Apfels bleibt bis zur Perfektion erhalten, ohne \u00fcberfl\u00fcssige S\u00fc\u00dfungsmittel oder Zusatzstoffe, nur purer fruchtiger Genuss. <\/p>\n<p>Hergestellt aus einer 100% pflanzlichen Basis, ist diese Fl\u00fcssigkeit so rein wie der Genuss, den sie Ihnen bereiten wird. Frische, Fruchtigkeit, Einfachheit&#8230; Aber mit all der Wirkung, die Du t\u00e4glich in einem Vape suchst. <\/p>\n<p>Lust auf Nikotin? Keine Panik! Dieses <strong>E-Liquid ist in 0 mg<\/strong>, aber Sie k\u00f6nnen es nach Bedarf anpassen, indem Sie ein oder zwei <strong>Nikotinverst\u00e4rker<\/strong> hinzuf\u00fcgen, um die perfekte Rate zu erreichen.<\/p>\n<p>Also, bereit, mit dem <strong>Vaping In Paris Silver Fox &#8211; Apple E-Liquid 50 ml \/ 75 ml<\/strong> in einen gefrosteten Apfel zu bei\u00dfen?<\/p>\n<\/p>\n<p><span style=\"vertical-align: inherit\">Hergestellt in Frankreich; MPGV\/GV-Dosierung: 50% \/ 50%. Passt sich jeder Art von Ausr\u00fcstung an. <\/span><\/p>\n<\/p>\n<p><span style=\"vertical-align: inherit\">Entdecken Sie weitere Produkte der Marke <\/span><a href=\"..\/..\/marque\/vaping-in-paris\"><span style=\"vertical-align: inherit\">Vaping in Paris<\/span><\/a><span style=\"vertical-align: inherit\"> .<\/span><\/p>\n<p><span style=\"vertical-align: inherit\">Erhalten Sie Rabatte oder die neuesten Informationen zu unseren Produkten, indem Sie uns in unseren sozialen Netzwerken folgen: <\/span><a href=\"https:\/\/www.facebook.com\/VapeAigleCH\" target=\"_blank\" rel=\"noopener\"><span style=\"vertical-align: inherit\">Facebook<\/span><\/a><span style=\"vertical-align: inherit\"> oder <\/span><a href=\"https:\/\/www.instagram.com\/vapotheque\/\" target=\"_blank\" rel=\"noopener\"><span style=\"vertical-align: inherit\">Instagram<\/span><\/a><span style=\"vertical-align: inherit\"> .<\/span><\/p>\n","protected":false},"excerpt":{"rendered":"<p>Vaping In Paris Silver Fox &#8211; Apple E-Liquid 50 ml \/ 75 ml : das Knuspern eines gr\u00fcnen Apfels! Lassen Sie sich von einem Wirbelwind der Frische mitrei\u00dfen mit dem Vaping In Paris Silver Fox &#8211; Apple E-Liquid 50 ml \/ 75 ml, dem neuesten fruchtigen Juwel der Marke! \u2744\ufe0f Stellen Sie sich einen knackigen, [&hellip;]<\/p>\n","protected":false},"featured_media":45585,"template":"","meta":{"_acf_changed":false},"product_cat":[405,404,442,408,1866,1686,1679],"product_tag":[],"class_list":{"0":"post-37619","1":"product","2":"type-product","3":"status-publish","4":"has-post-thumbnail","6":"product_brand-vaping-in-paris-de","7":"product_cat-e-liquids","8":"product_cat-fruchtig","9":"product_cat-hervorgehobene-produkte","10":"product_cat-lieferbar-innerhalb-von-24-stunden-de","11":"product_cat-silver-fox-50-ml-de","12":"product_cat-50-ml-fur-70-ml","13":"product_cat-menge-e-flussigkeit-kapazitat-flasche","15":"first","16":"instock","17":"taxable","18":"shipping-taxable","19":"purchasable","20":"product-type-simple"},"acf":[],"jetpack_sharing_enabled":true,"_links":{"self":[{"href":"https:\/\/vapotheque.ch\/de\/wp-json\/wp\/v2\/product\/37619","targetHints":{"allow":["GET"]}}],"collection":[{"href":"https:\/\/vapotheque.ch\/de\/wp-json\/wp\/v2\/product"}],"about":[{"href":"https:\/\/vapotheque.ch\/de\/wp-json\/wp\/v2\/types\/product"}],"wp:featuredmedia":[{"embeddable":true,"href":"https:\/\/vapotheque.ch\/de\/wp-json\/wp\/v2\/media\/45585"}],"wp:attachment":[{"href":"https:\/\/vapotheque.ch\/de\/wp-json\/wp\/v2\/media?parent=37619"}],"wp:term":[{"taxonomy":"product_cat","embeddable":true,"href":"https:\/\/vapotheque.ch\/de\/wp-json\/wp\/v2\/product_cat?post=37619"},{"taxonomy":"product_tag","embeddable":true,"href":"https:\/\/vapotheque.ch\/de\/wp-json\/wp\/v2\/product_tag?post=37619"}],"curies":[{"name":"wp","href":"https:\/\/api.w.org\/{rel}","templated":true}]}}