{"id":37618,"date":"2024-10-11T17:03:52","date_gmt":"2024-10-11T15:03:52","guid":{"rendered":"https:\/\/vapotheque.ch\/boutique\/vaping-in-paris-silver-fox-rote-fruechte-e-liquid\/"},"modified":"2025-04-26T12:38:40","modified_gmt":"2025-04-26T10:38:40","slug":"vaping-in-paris-silver-fox-rote-fruechte-e-liquid","status":"publish","type":"product","link":"https:\/\/vapotheque.ch\/de\/shop\/vaping-in-paris-silver-fox-rote-fruechte-e-liquid\/","title":{"rendered":"Vaping In Paris &#8211; Silver Fox &#8211; Rote Fr\u00fcchte E-Liquid 50 ml \/ 75 ml"},"content":{"rendered":"<h2><strong>Vaping In Paris Silver Fox &#8211; Red Fruits E-Liquid 50 ml \/ 75 ml<\/strong> : ein Korb mit gefrosteten roten Fr\u00fcchten!<\/h2>\n<p><strong>Vaping In Paris<\/strong> pr\u00e4sentiert das <strong>Vaping In Paris Silver Fox &#8211; Red Fruits E-Liquid 50 ml \/ 75 ml<\/strong> ! Machen Sie sich bereit f\u00fcr eine eisig-fruchtige Explosion, die Sie von Kopf bis Fu\u00df erfrischen wird! Diese k\u00f6stlich frische Mischung vereint saftige rote Fr\u00fcchte, die durch eine eisige Note verfeinert werden, f\u00fcr einen Dampf, der ebenso intensiv wie erfrischend ist. <\/p>\n<p>Alle <strong>Vaping In Paris<\/strong> E-Liquids werden mit Sorgfalt, aus nat\u00fcrlichen Aromen und ohne \u00fcberfl\u00fcssige Zusatzstoffe wie S\u00fc\u00dfstoffe oder Koolada hergestellt. Authentizit\u00e4t ist das Gebot der Stunde mit dieser ultra-realistischen Mischung, die die Aromen von Einweg-Puffs perfekt reproduziert, aber in einer nachhaltigeren und umweltfreundlicheren Version! <\/p>\n<p>M\u00f6gen Sie fruchtige und frische Empfindungen? Dann ist dieses E-Liquid genau das Richtige f\u00fcr Sie! Lassen Sie sich von der Komplexit\u00e4t dieses eisgek\u00fchlten Cocktails verf\u00fchren, der rote Fr\u00fcchte und intensive Frische vereint. Egal, ob Sie auf der Suche nach kraftvollen Aromen oder einem erfrischenden Erlebnis sind, das <strong>Vaping In Paris Silver Fox &#8211; Red Fruits E-Liquid 50ml \/ 75ml <\/strong>wird Ihr neuer Lieblings-Vape-Begleiter werden.   <\/p>\n<p>Mit einer 100% pflanzlichen Basis und einer perfekten Balance von <strong>50 PG Vegetable \/ 50 VG<\/strong> garantiert Ihnen dieses E-Liquid einen sanften und schmackhaften Dampf mit einer sch\u00f6nen Dampfproduktion.<\/p>\n<p>Lust auf Nikotin? Keine Panik! Dieses <strong>E-Liquid ist in 0 mg<\/strong>, aber Sie k\u00f6nnen es nach Bedarf anpassen, indem Sie ein oder zwei <strong>Nikotinverst\u00e4rker<\/strong> hinzuf\u00fcgen, um die perfekte Rate zu erreichen.<\/p>\n<p>Bereit, sich in die eisige Welle zu st\u00fcrzen? Probieren Sie das <strong>Vaping In Paris Silver Fox &#8211; Red Fruits E-Liquid 50 ml \/ 75 ml<\/strong> und genie\u00dfen Sie bei jedem Zug einen fruchtigen und erfrischenden Dampf. <\/p>\n<p><span style=\"vertical-align: inherit\">Hergestellt in Frankreich; MPGV\/GV-Dosierung: 50% \/ 50%. Passt sich jeder Art von Ausr\u00fcstung an. <\/span><\/p>\n<\/p>\n<p><span style=\"vertical-align: inherit\">Entdecken Sie weitere Produkte der Marke <\/span><a href=\"..\/..\/marque\/vaping-in-paris\"><span style=\"vertical-align: inherit\">Vaping in Paris<\/span><\/a><span style=\"vertical-align: inherit\"> .<\/span><\/p>\n<p><span style=\"vertical-align: inherit\">Erhalten Sie Rabatte oder die neuesten Informationen zu unseren Produkten, indem Sie uns in unseren sozialen Netzwerken folgen: <\/span><a href=\"https:\/\/www.facebook.com\/VapeAigleCH\" target=\"_blank\" rel=\"noopener\"><span style=\"vertical-align: inherit\">Facebook<\/span><\/a><span style=\"vertical-align: inherit\"> oder <\/span><a href=\"https:\/\/www.instagram.com\/vapotheque\" target=\"_blank\" rel=\"noopener\"><span style=\"vertical-align: inherit\">Instagram<\/span><\/a><span style=\"vertical-align: inherit\"> .<\/span><\/p>\n","protected":false},"excerpt":{"rendered":"<p>Vaping In Paris Silver Fox &#8211; Red Fruits E-Liquid 50 ml \/ 75 ml : ein Korb mit gefrosteten roten Fr\u00fcchten! Vaping In Paris pr\u00e4sentiert das Vaping In Paris Silver Fox &#8211; Red Fruits E-Liquid 50 ml \/ 75 ml ! Machen Sie sich bereit f\u00fcr eine eisig-fruchtige Explosion, die Sie von Kopf bis Fu\u00df [&hellip;]<\/p>\n","protected":false},"featured_media":35209,"template":"","meta":{"_acf_changed":false},"product_cat":[405,404,442,408,1866,1686,1679],"product_tag":[],"class_list":{"0":"post-37618","1":"product","2":"type-product","3":"status-publish","4":"has-post-thumbnail","6":"product_brand-vaping-in-paris-de","7":"product_cat-e-liquids","8":"product_cat-fruchtig","9":"product_cat-hervorgehobene-produkte","10":"product_cat-lieferbar-innerhalb-von-24-stunden-de","11":"product_cat-silver-fox-50-ml-de","12":"product_cat-50-ml-fur-70-ml","13":"product_cat-menge-e-flussigkeit-kapazitat-flasche","15":"first","16":"instock","17":"taxable","18":"shipping-taxable","19":"purchasable","20":"product-type-simple"},"acf":[],"jetpack_sharing_enabled":true,"_links":{"self":[{"href":"https:\/\/vapotheque.ch\/de\/wp-json\/wp\/v2\/product\/37618","targetHints":{"allow":["GET"]}}],"collection":[{"href":"https:\/\/vapotheque.ch\/de\/wp-json\/wp\/v2\/product"}],"about":[{"href":"https:\/\/vapotheque.ch\/de\/wp-json\/wp\/v2\/types\/product"}],"wp:featuredmedia":[{"embeddable":true,"href":"https:\/\/vapotheque.ch\/de\/wp-json\/wp\/v2\/media\/35209"}],"wp:attachment":[{"href":"https:\/\/vapotheque.ch\/de\/wp-json\/wp\/v2\/media?parent=37618"}],"wp:term":[{"taxonomy":"product_cat","embeddable":true,"href":"https:\/\/vapotheque.ch\/de\/wp-json\/wp\/v2\/product_cat?post=37618"},{"taxonomy":"product_tag","embeddable":true,"href":"https:\/\/vapotheque.ch\/de\/wp-json\/wp\/v2\/product_tag?post=37618"}],"curies":[{"name":"wp","href":"https:\/\/api.w.org\/{rel}","templated":true}]}}