{"id":37614,"date":"2024-10-11T16:53:33","date_gmt":"2024-10-11T14:53:33","guid":{"rendered":"https:\/\/vapotheque.ch\/boutique\/vaping-in-paris-silver-fox-erdbeer-melone-sels-10-ml-e-liquid\/"},"modified":"2024-10-11T16:53:33","modified_gmt":"2024-10-11T14:53:33","slug":"vaping-in-paris-silver-fox-erdbeer-melone-sels-10-ml-e-liquid","status":"publish","type":"product","link":"https:\/\/vapotheque.ch\/de\/shop\/vaping-in-paris-silver-fox-erdbeer-melone-sels-10-ml-e-liquid\/","title":{"rendered":"Vaping In Paris &#8211; Silver Fox &#8211; Erdbeer Melone SELS 10 ML E-Liquid"},"content":{"rendered":"<h2>\ud83c\udf53\ud83c\udf48 <strong>Vaping In Paris Silver Fox &#8211; Erdbeer Melone SELS 10 ML E-Liquid<\/strong>: die ganze Geschmacksstimmung des S\u00fcdens jetzt in Salzen von nicotine\u2744\ufe0f<\/h2>\n<p>Machen Sie sich bereit f\u00fcr eine ultra-frische Fruchtwelle mit dem <strong>Vaping In Paris Silver Fox &#8211; Erdbeer Melone SELS 10 ML E-Liquid<\/strong>! Diese einzigartige Mischung, die von <strong>Vaping In Paris<\/strong> entwickelt wurde, ist eine wahre Geschmacksexplosion f\u00fcr Liebhaber von erfrischenden Fr\u00fcchten und Puffs. Aber hier wird das Experiment mit <strong>Nikotinsalzen<\/strong> noch weiter getrieben, was zu einer schnellen und \u00fcberw\u00e4ltigenden Befriedigung f\u00fchrt. \ud83c\udf53 <strong>Verf\u00fchrerische Erdbe<\/strong> ere Tauchen Sie ein in die s\u00fc\u00dfe S\u00fc\u00dfe einer <strong>reifen<\/strong>, knackigen <strong>Erdbeere<\/strong>, die Sie mit ihrem bet\u00f6renden Duft umgibt. Aber das ist noch nicht alles, denn eine Welle eisiger Frische veredelt diese k\u00f6stliche Erdbeere und verwandelt jeden Atemzug in einen unwiderstehlichen Cocktail! \ud83c\udf48 Die <strong>Melone, die Ihre Geschmacksknospen zum Schwingen<\/strong> bringt Die s\u00fc\u00dfe und saftige <strong>Charentais-Melone<\/strong> vervollst\u00e4ndigt dieses fruchtige Rezept. Sie verleiht eine s\u00fc\u00dfe und cremige Note, die sich wunderbar mit der <strong>Erdbeere<\/strong> zu einem aufregenden Duo verbindet. Mit seiner eisigen Note ist es das Gef\u00fchl, mitten im Sommer in eine gefrorene Melonenscheibe zu bei\u00dfen! <\/p>\n<h3>\u2744\ufe0f <strong>Silver Fox Salt &#8211; Das Puff-Experiment in der Nikotinsalz-Version<\/strong><\/h3>\n<p>Wenn Sie die intensiven und fruchtigen Aromen von <strong>Einweg-Puffs<\/strong> m\u00f6gen, dann ist <strong>Silver Fox Salt<\/strong> genau das Richtige f\u00fcr Sie! Diese E-Liquid reproduziert diese Aromen perfekt und bietet Ihnen die Premium-Qualit\u00e4t einer langlebigen Fl\u00fcssigkeit. Dank des <strong>Nikotinsalzes<\/strong> ist jeder Zug eine Explosion von Aromen ohne jegliche Reizung des Rachens. \ud83c\udf31 O <strong>hne Zusatzstoffe, nur nat\u00fcrlich<\/strong> <strong>Vaping In Paris<\/strong> macht keine Kompromisse bei der Qualit\u00e4t. Dieses E-Liquid wird auf einer <strong>100% pflanzlichen Basis<\/strong> hergestellt, enth\u00e4lt nat\u00fcrliche Aromen und ist v\u00f6llig frei von Coolada und S\u00fc\u00dfstoffen. Es verspricht ein gesundes Dampfen ohne \u00fcberfl\u00fcssigen Ballast, mit authentischen und reinen Aromen. \ud83d\udca8 <strong>Warum sollten Sie sich f\u00fcr Nikotinsalz entscheiden?<\/strong> <strong>Nikotinsalze<\/strong> erm\u00f6glichen es Ihnen, mit einem <strong>h\u00f6heren Nikotingehalt<\/strong> zu dampfen und gleichzeitig einen <strong>weichen Hit in der Kehle<\/strong> zu genie\u00dfen. Es gibt kein unangenehmes Gef\u00fchl, sondern nur eine sofortige und lang anhaltende Befriedigung. Perfekt f\u00fcr diejenigen, die eine intensivere Erfahrung suchen und gleichzeitig die Anzahl der notwendigen Z\u00fcge reduzieren m\u00f6chten! \u2699\ufe0f <strong>Vapez Wie ein Profi!<\/strong> Um das Maximum aus dieser Liquid herauszuholen, befolgen Sie bitte diese kleinen Tipps:  <\/p>\n<ul>\n<li>Verwenden Sie einen <strong>Widerstand von mindestens 1 Ohm<\/strong> f\u00fcr eine bessere Geschmackswiedergabe und einen sanften Dampf.<\/li>\n<li>\u00dcberschreiten Sie nicht <strong>18 Watt<\/strong>, um die Integrit\u00e4t der Nikotinsalze zu erhalten.<\/li>\n<\/ul>\n<p>&nbsp;<\/p>\n<p>Sind Sie bereit, sich in eine fruchtige und frostige Welt mit einem s\u00fc\u00dfen und packenden Hit entf\u00fchren zu lassen? <strong>Vaping In Paris Silver Fox &#8211; Strawberry Melon SELS 10 ML E-Liquid ist<\/strong>die ultimative L\u00f6sung f\u00fcr alle, die nach einem fruchtigen, frischen und intensiven Dampfen bei jedem Atemzug suchen. <\/p>\n<p>&nbsp;<\/p>\n<p><strong><span style=\"vertical-align: inherit;\">Wichtig<\/span><\/strong><span style=\"vertical-align: inherit;\"> E-Liquid bereits nikotinisiert, verkauft in einer 10 ml Flasche.<\/span><\/p>\n<p class=\"class-fabrication\"><span style=\"vertical-align: inherit;\">Hergestellt in Frankreich; Verh\u00e4ltnis MPGV\/GV: 50 % \/ 50 %. Passt sich an jede Art von Material an.<\/span><\/p>\n<p>&nbsp;<\/p>\n<p><span style=\"vertical-align: inherit;\">Entdecken Sie weitere Produkte der Marke <\/span><a href=\"\/marque\/vaping-in-paris\"><span style=\"vertical-align: inherit;\">Vaping in Paris<\/span><\/a><span style=\"vertical-align: inherit;\"> .<\/span><\/p>\n<p><span style=\"vertical-align: inherit;\">Erhalten Sie Rabatte oder die neuesten Informationen \u00fcber unsere Produkte, indem Sie uns in unseren sozialen Netzwerken folgen: <\/span><a href=\"https:\/\/www.facebook.com\/VapeAigleCH\" target=\"_blank\" rel=\"noopener\"><span style=\"vertical-align: inherit;\">Facebook<\/span><\/a><span style=\"vertical-align: inherit;\"> oder <\/span><a href=\"https:\/\/www.instagram.com\/vapotheque\" target=\"_blank\" rel=\"noopener\"><span style=\"vertical-align: inherit;\">Instagram<\/span><\/a><span style=\"vertical-align: inherit;\"> .<\/span><\/p>\n","protected":false},"excerpt":{"rendered":"<p>\ud83c\udf53\ud83c\udf48 Vaping In Paris Silver Fox &#8211; Erdbeer Melone SELS 10 ML E-Liquid: die ganze Geschmacksstimmung des S\u00fcdens jetzt in Salzen von nicotine\u2744\ufe0f Machen Sie sich bereit f\u00fcr eine ultra-frische Fruchtwelle mit dem Vaping In Paris Silver Fox &#8211; Erdbeer Melone SELS 10 ML E-Liquid! Diese einzigartige Mischung, die von Vaping In Paris entwickelt wurde, [&hellip;]<\/p>\n","protected":false},"featured_media":37728,"template":"","meta":{"_acf_changed":false},"product_cat":[405,404,442,408,1629,1716],"product_tag":[],"class_list":{"0":"post-37614","1":"product","2":"type-product","3":"status-publish","4":"has-post-thumbnail","6":"product_brand-vaping-in-paris-de","7":"product_cat-e-liquids","8":"product_cat-fruchtig","9":"product_cat-hervorgehobene-produkte","10":"product_cat-lieferbar-innerhalb-von-24-stunden-de","11":"product_cat-10-ml-mit-nikotin","12":"product_cat-10ml-790-de","14":"first","15":"instock","16":"taxable","17":"shipping-taxable","18":"purchasable","19":"product-type-variable"},"acf":[],"jetpack_sharing_enabled":true,"_links":{"self":[{"href":"https:\/\/vapotheque.ch\/de\/wp-json\/wp\/v2\/product\/37614","targetHints":{"allow":["GET"]}}],"collection":[{"href":"https:\/\/vapotheque.ch\/de\/wp-json\/wp\/v2\/product"}],"about":[{"href":"https:\/\/vapotheque.ch\/de\/wp-json\/wp\/v2\/types\/product"}],"wp:featuredmedia":[{"embeddable":true,"href":"https:\/\/vapotheque.ch\/de\/wp-json\/wp\/v2\/media\/37728"}],"wp:attachment":[{"href":"https:\/\/vapotheque.ch\/de\/wp-json\/wp\/v2\/media?parent=37614"}],"wp:term":[{"taxonomy":"product_cat","embeddable":true,"href":"https:\/\/vapotheque.ch\/de\/wp-json\/wp\/v2\/product_cat?post=37614"},{"taxonomy":"product_tag","embeddable":true,"href":"https:\/\/vapotheque.ch\/de\/wp-json\/wp\/v2\/product_tag?post=37614"}],"curies":[{"name":"wp","href":"https:\/\/api.w.org\/{rel}","templated":true}]}}