{"id":37605,"date":"2024-10-11T16:27:54","date_gmt":"2024-10-11T14:27:54","guid":{"rendered":"https:\/\/vapotheque.ch\/boutique\/vaping-in-paris-silver-fox-ananas-erdbeer-e-liquid\/"},"modified":"2025-04-26T12:38:44","modified_gmt":"2025-04-26T10:38:44","slug":"vaping-in-paris-silver-fox-ananas-erdbeer-e-liquid","status":"publish","type":"product","link":"https:\/\/vapotheque.ch\/de\/shop\/vaping-in-paris-silver-fox-ananas-erdbeer-e-liquid\/","title":{"rendered":"Vaping In Paris &#8211; Silver Fox &#8211; Ananas Erdbeere E-Liquid 50 ml \/ 75 ml"},"content":{"rendered":"<h2><strong>Vaping In Paris Silver Fox &#8211; Ananas Erdbeere E-Liquid 50 ml \/ 75 ml<\/strong> : \u2744\ufe0f<\/h2>\n<p>Auf der Suche nach fruchtiger Frische, die Sie mit einem Zug in die Tropen entf\u00fchrt? <strong>Vaping In Paris<\/strong> begeistert Sie mit seinem <strong>Vaping In Paris Silver Fox &#8211; Pineapple Strawberry E-Liquid 50 m \/ 75 ml<\/strong>, einem frostigen und intensiv fruchtigen Erlebnis. M\u00f6chten Sie die S\u00fc\u00dfe von Fr\u00fcchten mit der erfrischenden Kraft eines guten Polarwindes kombinieren? Dann sind Sie hier genau richtig!  <\/p>\n<p><strong>Ein eisgek\u00fchlter tropischer Cocktail<\/strong><\/p>\n<p>Stellen Sie sich vor, Sie befinden sich unter der tropischen Sonne, mit <strong>saftigem Ananassaft<\/strong> in der einen und einer frischen, s\u00fc\u00dfen <strong>Erdbeere<\/strong> in der anderen Hand. Und jetzt kommt noch eine gute Portion <strong>eisige Frische<\/strong> hinzu. Das ist genau das, was dieses E-Liquid Ihnen bietet: einen Wirbelwind aus fruchtigen Aromen, perfekt ausbalanciert durch eine belebende Frische, die Ihren Geschmacksknospen einen Schub verleiht.  <\/p>\n<h3>\u2744\ufe0f <strong>Silver Fox &#8211; Die fruchtige Vape Puff Einwegversion<\/strong><\/h3>\n<p>Die <strong>Silver Fox-Serie<\/strong> ist perfekt f\u00fcr alle, die Einweg-Puffs lieben und auf der Suche nach dieser einzigartigen Intensit\u00e4t sind, aber in einer nachhaltigen Version. Wenn Sie die Einfachheit von Z\u00fcgen m\u00f6gen, aber ein verantwortungsvolleres Format bevorzugen, bietet Ihnen das <strong>Vaping In Paris Silver Fox &#8211; Pineapple Strawberry E-Liquid 50 ml \/ 75 ml<\/strong> diese fruchtige und eisige Explosion ohne Kompromisse. <\/p>\n<h3><strong>Rein, nat\u00fcrlich und ohne Zusatzstoffe<\/strong><\/h3>\n<p><strong>Vaping In Paris<\/strong> bleibt seinen Prinzipien treu: <strong>100% nat\u00fcrliche Aromen<\/strong>, eine <strong>rein pflanzliche Basis<\/strong> und keine Coolada oder k\u00fcnstliche S\u00fc\u00dfstoffe. Hier wird alles getan, um die authentischen Aromen von <strong>Ananas<\/strong> und <strong>Erdbeere<\/strong> zu sublimieren und gleichzeitig einen gesunden und sauberen Dampf zu gew\u00e4hrleisten. Es ist einfach die Essenz von frischen Fr\u00fcchten, in jedem Zug!  <\/p>\n<p><strong>50 PG Gem\u00fcse \/ 50 VG<\/strong><\/p>\n<p>Mit seiner perfekten Balance von pflanzlichem PG und VG garantiert <strong>Ihnen Vaping in Paris<\/strong> einen dichten und schmackhaften Dampf und bietet Ihnen gleichzeitig eine hervorragende Geschmackswiedergabe. Du wirst diesen Throat-Hit lieben, der s\u00fc\u00df, aber befriedigend genug ist, um wiederzukommen. <\/p>\n<h3>\ufe0f <strong>Ein eisiger Atem in einem Geschmackssturm<\/strong><\/h3>\n<p>Wenn Sie Frische m\u00f6gen und keine Angst haben, von einem ultra-gemachten Fruchtcocktail \u00fcberrascht zu werden, <strong>ist das Vaping In Paris Silver Fox &#8211; Pineapple Strawberry E-Liquid 50 ml \/ 75 ml<\/strong> Ihre neue Obsession. Polare Frische und tropische Aromen, alles in einem. Was will man mehr?  <\/p>\n<h3><strong>Sind Sie bereit, sich auf eine fruchtige und frostige Reise zu begeben?<\/strong><\/h3>\n<p>F\u00fcgen Sie bei Bedarf einen Nikotinbooster hinzu und lassen Sie sich von diesem eisgek\u00fchlten Duo aus<strong>Ananas<\/strong> und <strong>Erdbeere<\/strong> zu einem erfrischenden und intensiv fruchtigen Dampferlebnis verf\u00fchren.<\/p>\n<p><span style=\"vertical-align: inherit\">Hergestellt in Frankreich; MPGV\/GV-Dosierung: 50% \/ 50%. Passt sich jeder Art von Ausr\u00fcstung an. <\/span><\/p>\n<\/p>\n<p><span style=\"vertical-align: inherit\">Entdecken Sie weitere Produkte der Marke <\/span><a href=\"..\/..\/marque\/vaping-in-paris\"><span style=\"vertical-align: inherit\">Vaping in Paris<\/span><\/a><span style=\"vertical-align: inherit\"> .<\/span><\/p>\n<p><span style=\"vertical-align: inherit\">Erhalten Sie Rabatte oder die neuesten Informationen zu unseren Produkten, indem Sie uns in unseren sozialen Netzwerken folgen: <\/span><a href=\"https:\/\/www.facebook.com\/VapeAigleCH\" target=\"_blank\" rel=\"noopener\"><span style=\"vertical-align: inherit\">Facebook<\/span><\/a><span style=\"vertical-align: inherit\"> oder <\/span><a href=\"https:\/\/www.instagram.com\/vapotheque\/\" target=\"_blank\" rel=\"noopener\"><span style=\"vertical-align: inherit\">Instagram<\/span><\/a><span style=\"vertical-align: inherit\"> .<\/span><\/p>\n","protected":false},"excerpt":{"rendered":"<p>Vaping In Paris Silver Fox &#8211; Ananas Erdbeere E-Liquid 50 ml \/ 75 ml : \u2744\ufe0f Auf der Suche nach fruchtiger Frische, die Sie mit einem Zug in die Tropen entf\u00fchrt? Vaping In Paris begeistert Sie mit seinem Vaping In Paris Silver Fox &#8211; Pineapple Strawberry E-Liquid 50 m \/ 75 ml, einem frostigen und [&hellip;]<\/p>\n","protected":false},"featured_media":35179,"template":"","meta":{"_acf_changed":false},"product_cat":[405,404,442,408,1866,1686,1679],"product_tag":[],"class_list":{"0":"post-37605","1":"product","2":"type-product","3":"status-publish","4":"has-post-thumbnail","6":"product_brand-vaping-in-paris-de","7":"product_cat-e-liquids","8":"product_cat-fruchtig","9":"product_cat-hervorgehobene-produkte","10":"product_cat-lieferbar-innerhalb-von-24-stunden-de","11":"product_cat-silver-fox-50-ml-de","12":"product_cat-50-ml-fur-70-ml","13":"product_cat-menge-e-flussigkeit-kapazitat-flasche","15":"first","16":"instock","17":"taxable","18":"shipping-taxable","19":"purchasable","20":"product-type-simple"},"acf":[],"jetpack_sharing_enabled":true,"_links":{"self":[{"href":"https:\/\/vapotheque.ch\/de\/wp-json\/wp\/v2\/product\/37605","targetHints":{"allow":["GET"]}}],"collection":[{"href":"https:\/\/vapotheque.ch\/de\/wp-json\/wp\/v2\/product"}],"about":[{"href":"https:\/\/vapotheque.ch\/de\/wp-json\/wp\/v2\/types\/product"}],"wp:featuredmedia":[{"embeddable":true,"href":"https:\/\/vapotheque.ch\/de\/wp-json\/wp\/v2\/media\/35179"}],"wp:attachment":[{"href":"https:\/\/vapotheque.ch\/de\/wp-json\/wp\/v2\/media?parent=37605"}],"wp:term":[{"taxonomy":"product_cat","embeddable":true,"href":"https:\/\/vapotheque.ch\/de\/wp-json\/wp\/v2\/product_cat?post=37605"},{"taxonomy":"product_tag","embeddable":true,"href":"https:\/\/vapotheque.ch\/de\/wp-json\/wp\/v2\/product_tag?post=37605"}],"curies":[{"name":"wp","href":"https:\/\/api.w.org\/{rel}","templated":true}]}}