{"id":37599,"date":"2024-10-11T16:06:13","date_gmt":"2024-10-11T14:06:13","guid":{"rendered":"https:\/\/vapotheque.ch\/boutique\/vaping-in-paris-silver-fox-erdbeer-banane-10-ml-e-liquid\/"},"modified":"2024-10-11T16:06:13","modified_gmt":"2024-10-11T14:06:13","slug":"vaping-in-paris-silver-fox-erdbeer-banane-10-ml-e-liquid","status":"publish","type":"product","link":"https:\/\/vapotheque.ch\/de\/shop\/vaping-in-paris-silver-fox-erdbeer-banane-10-ml-e-liquid\/","title":{"rendered":"Vaping In Paris &#8211; Silver Fox &#8211; Erdbeer Banane 10 ML E-Liquid"},"content":{"rendered":"<h2>\ud83c\udf53\ud83c\udf4c <strong>Vaping In Paris Silver Fox &#8211; Erdbeer Banane 10 ML E-Liquid<\/strong>: das Beste von smoothies\u2744\ufe0f<\/h2>\n<p>Bereiten Sie sich auf eine fruchtige Eisexplosion vor, die Ihre Geschmacksknospen ersch\u00fcttern wird! <strong>Vaping In Paris<\/strong> l\u00e4dt Sie ein, sein verlockendes und gefrorenes Rezept zu entdecken: <strong>Vaping In Paris Silver Fox &#8211; Erdbeer Banane 10 ML E-Liquid<\/strong>. Sie m\u00f6gen Einweg-Puffs? Dann werden Sie dieses E-Liquid lieben, denn es f\u00e4ngt die Frische und Intensit\u00e4t ein. \ud83c\udf2c\ufe0f <strong>Ein fruchtig-eisiger Wirbelwind<\/strong><br \/>\nStellen Sie sich die s\u00fc\u00dfe S\u00fc\u00dfe von <strong>reifen Erdbe<\/strong> eren vor, die sich mit <strong>cremiger Banane<\/strong> vermischen, gekr\u00f6nt von einem Hauch <strong>eisiger Frische<\/strong>. Es ist, als w\u00fcrden Sie einen fruchtigen Smoothie an einem Eisstrand genie\u00dfen &#8211; perfekt f\u00fcr alle, die nach einem erfrischenden und fruchtigen Dampf suchen! \ud83c\udf31 <strong>Pur und Nat\u00fcrlich<\/strong><br \/>\nGetreu seinem Engagement stellt <strong>Vaping In Paris<\/strong> seine E-Liquids mit <strong>100% nat\u00fcrlichen Aromen<\/strong> und einer <strong>pflanzlichen Basis<\/strong> her. Ohne S\u00fc\u00dfstoffe, ohne Coolada, nur der gute Geschmack von Fr\u00fcchten, verfeinert durch eine nat\u00fcrliche Frische. Jeder Zug ist eine echte Einladung, authentische Aromen zu genie\u00dfen und dabei leicht und erfrischend zu bleiben. \ud83e\uddca S <strong>ilver Fox &#8211; Die Kunst des Einweg-Dampfens in der Premium-Version<\/strong><br \/>\nDie <strong>Silver Fox<\/strong> Serie stellt das Gef\u00fchl von Einweg-Puffs perfekt nach, aber in einer umweltfreundlichen und schmackhaften Version. Wenn Sie Puffs mochten, werden Sie sich in dieses langlebigere Format verlieben, mit der gleichen fruchtigen Intensit\u00e4t, die Sie bei jeder Inhalation verzaubert.   <\/p>\n<p>\u26a1 <strong>50 PG Pflanzlich \/ 50 VG<\/strong><br \/>\nMit seinem perfekt ausgewogenen Verh\u00e4ltnis garantiert Ihnen <strong>Erdbeer Banane Eiscreme<\/strong> einen dichten und gro\u00dfz\u00fcgigen Dampf, wobei die Kraft der Aromen erhalten bleibt. Und was soll man zu dem sanften, aber befriedigenden Hit im Hals sagen, der perfekt f\u00fcr das t\u00e4gliche Dampfen ist! \u2744\ufe0f <strong>Frosty Smoothie in der Flasche<\/strong><br \/>\nLust auf Frische und S\u00fc\u00dfe zur gleichen Zeit? Diese E-Liquids bieten Ihnen die perfekte Kombination. Sie m\u00fcssen sich nicht mehr zwischen Frucht und Frische entscheiden &#8211; Erdbeer Bananen Eiscreme bietet Ihnen beides in einem einzigen Dampfer. <\/p>\n<p>Sind Sie also bereit, die k\u00f6stliche Mischung <strong>Vaping In Paris Silver Fox &#8211; Erdbeer Banane 10 ML E-Liquid<\/strong> zu Ihrem t\u00e4glichen Begleiter werden zu lassen?<\/p>\n<p>&nbsp;<\/p>\n<p><strong><span style=\"vertical-align: inherit;\">Wichtig<\/span><\/strong><span style=\"vertical-align: inherit;\"> E-Liquid bereits nikotinisiert, verkauft in einer 10 ml Flasche.<\/span><\/p>\n<p class=\"class-fabrication\"><span style=\"vertical-align: inherit;\">Hergestellt in Frankreich; Verh\u00e4ltnis MPGV\/GV: 50 % \/ 50 %. Passt sich an jede Art von Material an.<\/span><\/p>\n<p>&nbsp;<\/p>\n<p><span style=\"vertical-align: inherit;\">Entdecken Sie weitere Produkte der Marke <\/span><a href=\"\/marque\/vaping-in-paris\"><span style=\"vertical-align: inherit;\">Vaping in Paris<\/span><\/a><span style=\"vertical-align: inherit;\"> .<\/span><\/p>\n<p><span style=\"vertical-align: inherit;\">Erhalten Sie Rabatte oder die neuesten Informationen \u00fcber unsere Produkte, indem Sie uns in unseren sozialen Netzwerken folgen: <\/span><a href=\"https:\/\/www.facebook.com\/VapeAigleCH\" target=\"_blank\" rel=\"noopener\"><span style=\"vertical-align: inherit;\">Facebook<\/span><\/a><span style=\"vertical-align: inherit;\"> oder <\/span><a href=\"https:\/\/www.instagram.com\/vapotheque\" target=\"_blank\" rel=\"noopener\"><span style=\"vertical-align: inherit;\">Instagram<\/span><\/a><span style=\"vertical-align: inherit;\"> .<\/span><\/p>\n","protected":false},"excerpt":{"rendered":"<p>\ud83c\udf53\ud83c\udf4c Vaping In Paris Silver Fox &#8211; Erdbeer Banane 10 ML E-Liquid: das Beste von smoothies\u2744\ufe0f Bereiten Sie sich auf eine fruchtige Eisexplosion vor, die Ihre Geschmacksknospen ersch\u00fcttern wird! Vaping In Paris l\u00e4dt Sie ein, sein verlockendes und gefrorenes Rezept zu entdecken: Vaping In Paris Silver Fox &#8211; Erdbeer Banane 10 ML E-Liquid. Sie m\u00f6gen [&hellip;]<\/p>\n","protected":false},"featured_media":35164,"template":"","meta":{"_acf_changed":false},"product_cat":[405,404,442,408,1629,1716],"product_tag":[],"class_list":{"0":"post-37599","1":"product","2":"type-product","3":"status-publish","4":"has-post-thumbnail","6":"product_brand-vaping-in-paris-de","7":"product_cat-e-liquids","8":"product_cat-fruchtig","9":"product_cat-hervorgehobene-produkte","10":"product_cat-lieferbar-innerhalb-von-24-stunden-de","11":"product_cat-10-ml-mit-nikotin","12":"product_cat-10ml-790-de","14":"first","15":"instock","16":"taxable","17":"shipping-taxable","18":"purchasable","19":"product-type-variable"},"acf":[],"jetpack_sharing_enabled":true,"_links":{"self":[{"href":"https:\/\/vapotheque.ch\/de\/wp-json\/wp\/v2\/product\/37599","targetHints":{"allow":["GET"]}}],"collection":[{"href":"https:\/\/vapotheque.ch\/de\/wp-json\/wp\/v2\/product"}],"about":[{"href":"https:\/\/vapotheque.ch\/de\/wp-json\/wp\/v2\/types\/product"}],"wp:featuredmedia":[{"embeddable":true,"href":"https:\/\/vapotheque.ch\/de\/wp-json\/wp\/v2\/media\/35164"}],"wp:attachment":[{"href":"https:\/\/vapotheque.ch\/de\/wp-json\/wp\/v2\/media?parent=37599"}],"wp:term":[{"taxonomy":"product_cat","embeddable":true,"href":"https:\/\/vapotheque.ch\/de\/wp-json\/wp\/v2\/product_cat?post=37599"},{"taxonomy":"product_tag","embeddable":true,"href":"https:\/\/vapotheque.ch\/de\/wp-json\/wp\/v2\/product_tag?post=37599"}],"curies":[{"name":"wp","href":"https:\/\/api.w.org\/{rel}","templated":true}]}}