{"id":37588,"date":"2024-10-09T18:00:51","date_gmt":"2024-10-09T16:00:51","guid":{"rendered":"https:\/\/vapotheque.ch\/boutique\/vaping-in-paris-polar-ice-mint-10-ml-e-liquid\/"},"modified":"2024-10-09T18:00:51","modified_gmt":"2024-10-09T16:00:51","slug":"vaping-in-paris-polar-ice-mint-10-ml-e-liquid","status":"publish","type":"product","link":"https:\/\/vapotheque.ch\/de\/shop\/vaping-in-paris-polar-ice-mint-10-ml-e-liquid\/","title":{"rendered":"Vaping In Paris &#8211; Polar Ice Mint 10 ML E-Liquid"},"content":{"rendered":"<h2><strong>Vaping In Paris Polar Ice Mint 10 ML E-Liquid : Der eisige Wind vom Pol, in Ihrem Dampfen!<\/strong><\/h2>\n<p>Bereiten Sie sich auf einen wahren Sturm der Frische vor! <strong>Vaping In Paris<\/strong> pr\u00e4sentiert Ihnen <strong>Vaping In Paris Polar Ice Mint 10 ML E-Liquid<\/strong>, ein E-Liquid, das mit seinem <strong>intensiven<\/strong> Geschmack <strong>von Polarminze<\/strong> einen starken Eindruck hinterl\u00e4sst. Wenn Sie einen Dampf m\u00f6gen, der alle Ihre Sinne weckt und Sie in eine eisige Brise taucht, ist dieser Juice genau das Richtige f\u00fcr Sie! <strong>Polar Ice Mint<\/strong> wird sorgf\u00e4ltig in Frankreich hergestellt und bietet Ihnen ein ultra-erfrischendes Erlebnis, ohne Coolada oder k\u00fcnstliche S\u00fc\u00dfstoffe. Hier ist alles <strong>nat\u00fcrlich<\/strong> und f\u00fcr einen authentischen Genuss konzipiert. Mit einer <strong>100% pflanzlichen<\/strong> Basis und einem ausgewogenen Verh\u00e4ltnis <strong>von 50 pflanzlichem PG und 50 VG<\/strong> garantiert Ihnen dieses Liquid einen milden, aber aromareichen Dampf, perfekt f\u00fcr Liebhaber von intensiven Menthol-Erlebnissen. <strong>Vaping In Paris Polar Ice Mint 10 ML E-Liquid<\/strong> ist die frostige Note, die Ihren Dampfsessions noch gefehlt hat. Sind Sie bereit f\u00fcr den Polar Mint Blizzard? \ud83c\udf2c\ufe0f  <\/p>\n<p><strong><span style=\"vertical-align: inherit;\">Wichtig<\/span><\/strong><span style=\"vertical-align: inherit;\"> E-Liquid bereits nikotinisiert, verkauft in einer 10 ml Flasche.<\/span><\/p>\n<p class=\"class-fabrication\"><span style=\"vertical-align: inherit;\">Hergestellt in Frankreich; Verh\u00e4ltnis MPGV\/GV: 50 % \/ 50 %. Passt sich an jede Art von Material an.<\/span><\/p>\n<p>&nbsp;<\/p>\n<p><span style=\"vertical-align: inherit;\">Entdecken Sie weitere Produkte der Marke <\/span><a href=\"\/marque\/vaping-in-paris\"><span style=\"vertical-align: inherit;\">Vaping in Paris<\/span><\/a><span style=\"vertical-align: inherit;\"> .<\/span><\/p>\n<p><span style=\"vertical-align: inherit;\">Erhalten Sie Rabatte oder die neuesten Informationen \u00fcber unsere Produkte, indem Sie uns in unseren sozialen Netzwerken folgen: <\/span><a href=\"https:\/\/www.facebook.com\/VapeAigleCH\" target=\"_blank\" rel=\"noopener\"><span style=\"vertical-align: inherit;\">Facebook<\/span><\/a><span style=\"vertical-align: inherit;\"> oder <\/span><a href=\"https:\/\/www.instagram.com\/vapotheque\" target=\"_blank\" rel=\"noopener\"><span style=\"vertical-align: inherit;\">Instagram<\/span><\/a><span style=\"vertical-align: inherit;\"> .<\/span><\/p>\n","protected":false},"excerpt":{"rendered":"<p>Vaping In Paris Polar Ice Mint 10 ML E-Liquid : Der eisige Wind vom Pol, in Ihrem Dampfen! Bereiten Sie sich auf einen wahren Sturm der Frische vor! Vaping In Paris pr\u00e4sentiert Ihnen Vaping In Paris Polar Ice Mint 10 ML E-Liquid, ein E-Liquid, das mit seinem intensiven Geschmack von Polarminze einen starken Eindruck hinterl\u00e4sst. [&hellip;]<\/p>\n","protected":false},"featured_media":35064,"template":"","meta":{"_acf_changed":false},"product_cat":[405,442,408,401,1629,1716],"product_tag":[],"class_list":{"0":"post-37588","1":"product","2":"type-product","3":"status-publish","4":"has-post-thumbnail","6":"product_brand-vaping-in-paris-de","7":"product_cat-e-liquids","8":"product_cat-hervorgehobene-produkte","9":"product_cat-lieferbar-innerhalb-von-24-stunden-de","10":"product_cat-minze","11":"product_cat-10-ml-mit-nikotin","12":"product_cat-10ml-790-de","14":"first","15":"instock","16":"taxable","17":"shipping-taxable","18":"purchasable","19":"product-type-variable"},"acf":[],"jetpack_sharing_enabled":true,"_links":{"self":[{"href":"https:\/\/vapotheque.ch\/de\/wp-json\/wp\/v2\/product\/37588","targetHints":{"allow":["GET"]}}],"collection":[{"href":"https:\/\/vapotheque.ch\/de\/wp-json\/wp\/v2\/product"}],"about":[{"href":"https:\/\/vapotheque.ch\/de\/wp-json\/wp\/v2\/types\/product"}],"wp:featuredmedia":[{"embeddable":true,"href":"https:\/\/vapotheque.ch\/de\/wp-json\/wp\/v2\/media\/35064"}],"wp:attachment":[{"href":"https:\/\/vapotheque.ch\/de\/wp-json\/wp\/v2\/media?parent=37588"}],"wp:term":[{"taxonomy":"product_cat","embeddable":true,"href":"https:\/\/vapotheque.ch\/de\/wp-json\/wp\/v2\/product_cat?post=37588"},{"taxonomy":"product_tag","embeddable":true,"href":"https:\/\/vapotheque.ch\/de\/wp-json\/wp\/v2\/product_tag?post=37588"}],"curies":[{"name":"wp","href":"https:\/\/api.w.org\/{rel}","templated":true}]}}