{"id":37587,"date":"2024-10-09T17:52:39","date_gmt":"2024-10-09T15:52:39","guid":{"rendered":"https:\/\/vapotheque.ch\/boutique\/vaping-in-paris-polar-ice-mint-e-liquid\/"},"modified":"2025-04-26T12:38:38","modified_gmt":"2025-04-26T10:38:38","slug":"vaping-in-paris-polar-ice-mint-e-liquid","status":"publish","type":"product","link":"https:\/\/vapotheque.ch\/de\/shop\/vaping-in-paris-polar-ice-mint-e-liquid\/","title":{"rendered":"Vaping In Paris &#8211; Polar Ice Mint E-Fl\u00fcssigkeit 50 ml \/ 75 ml"},"content":{"rendered":"<h2><strong>Vaping In Paris Polar Ice Mint E-Liquid 50 ml \/ 75 ml: Der eisige Wind von der Stange, in Ihrem Dampf!<\/strong><\/h2>\n<p>Bereiten Sie sich auf einen wahren Frischesturm vor! <strong>Vaping In Paris<\/strong> pr\u00e4sentiert <strong>Vaping In Paris Polar Ice Mint E-Liquid 50 ml \/ 75 ml<\/strong>, ein E-Liquid, das mit seinem <strong>intensiven polaren Minzgeschmack<\/strong> hart zuschl\u00e4gt. Wenn Sie einen Verdampfer m\u00f6gen, der alle Ihre Sinne weckt und Sie in eine eisige Brise taucht, ist dieser Saft genau das Richtige f\u00fcr Sie! <\/p>\n<p><strong>Polar Ice Mint<\/strong> wird in Frankreich mit Sorgfalt hergestellt und bietet Ihnen ein ultra-erfrischendes Erlebnis, ohne Coolada oder k\u00fcnstliche S\u00fc\u00dfstoffe. Hier ist alles <strong>naturbelassen<\/strong> und auf authentischen Genuss ausgelegt. Dank einer <strong>100% pflanzlichen<\/strong> Basis und einer cleveren Balance <strong>von 50 PG V\u00e9g\u00e9tal \/ 50 VG<\/strong> garantiert Ihnen dieses E-Liquid einen sanften, aber reich an Aromen, perfekt f\u00fcr Liebhaber intensiver minziger Empfindungen.  <\/p>\n<p>Lust auf Nikotin? Keine Panik! Dieses <strong>E-Liquid ist in 0 mg<\/strong>, aber Sie k\u00f6nnen es nach Bedarf anpassen, indem Sie ein oder zwei <strong>Nikotinverst\u00e4rker<\/strong> hinzuf\u00fcgen, um die perfekte Rate zu erreichen.<\/p>\n<p><strong>Vaping In Paris Polar Ice Mint E-Liquid 50ml \/ 75ml<\/strong> ist der frostige Touch, der bei Ihren Vape-Sessions gefehlt hat. Sind Sie also bereit, sich dem Schneesturm der Polarminze zu stellen? \ufe0f<\/p>\n<p><span style=\"vertical-align: inherit\">Hergestellt in Frankreich; MPGV\/GV-Dosierung: 50% \/ 50%. Passt sich jeder Art von Ausr\u00fcstung an. <\/span><\/p>\n<\/p>\n<p><span style=\"vertical-align: inherit\">Entdecken Sie weitere Produkte der Marke <\/span><a href=\"..\/..\/marque\/vaping-in-paris\"><span style=\"vertical-align: inherit\">Vaping in Paris<\/span><\/a><span style=\"vertical-align: inherit\"> .<\/span><\/p>\n<p><span style=\"vertical-align: inherit\">Erhalten Sie Rabatte oder die neuesten Informationen zu unseren Produkten, indem Sie uns in unseren sozialen Netzwerken folgen: <\/span><a href=\"https:\/\/www.facebook.com\/VapeAigleCH\" target=\"_blank\" rel=\"noopener\"><span style=\"vertical-align: inherit\">Facebook<\/span><\/a><span style=\"vertical-align: inherit\"> oder <\/span><a href=\"https:\/\/www.instagram.com\/vapotheque\/\" target=\"_blank\" rel=\"noopener\"><span style=\"vertical-align: inherit\">Instagram<\/span><\/a><span style=\"vertical-align: inherit\"> .<\/span><\/p>\n","protected":false},"excerpt":{"rendered":"<p>Vaping In Paris Polar Ice Mint E-Liquid 50 ml \/ 75 ml: Der eisige Wind von der Stange, in Ihrem Dampf! Bereiten Sie sich auf einen wahren Frischesturm vor! Vaping In Paris pr\u00e4sentiert Vaping In Paris Polar Ice Mint E-Liquid 50 ml \/ 75 ml, ein E-Liquid, das mit seinem intensiven polaren Minzgeschmack hart zuschl\u00e4gt. [&hellip;]<\/p>\n","protected":false},"featured_media":45583,"template":"","meta":{"_acf_changed":false},"product_cat":[405,442,408,401,1686,1679],"product_tag":[],"class_list":{"0":"post-37587","1":"product","2":"type-product","3":"status-publish","4":"has-post-thumbnail","6":"product_brand-vaping-in-paris-de","7":"product_cat-e-liquids","8":"product_cat-hervorgehobene-produkte","9":"product_cat-lieferbar-innerhalb-von-24-stunden-de","10":"product_cat-minze","11":"product_cat-50-ml-fur-70-ml","12":"product_cat-menge-e-flussigkeit-kapazitat-flasche","14":"first","15":"instock","16":"taxable","17":"shipping-taxable","18":"purchasable","19":"product-type-simple"},"acf":[],"jetpack_sharing_enabled":true,"_links":{"self":[{"href":"https:\/\/vapotheque.ch\/de\/wp-json\/wp\/v2\/product\/37587","targetHints":{"allow":["GET"]}}],"collection":[{"href":"https:\/\/vapotheque.ch\/de\/wp-json\/wp\/v2\/product"}],"about":[{"href":"https:\/\/vapotheque.ch\/de\/wp-json\/wp\/v2\/types\/product"}],"wp:featuredmedia":[{"embeddable":true,"href":"https:\/\/vapotheque.ch\/de\/wp-json\/wp\/v2\/media\/45583"}],"wp:attachment":[{"href":"https:\/\/vapotheque.ch\/de\/wp-json\/wp\/v2\/media?parent=37587"}],"wp:term":[{"taxonomy":"product_cat","embeddable":true,"href":"https:\/\/vapotheque.ch\/de\/wp-json\/wp\/v2\/product_cat?post=37587"},{"taxonomy":"product_tag","embeddable":true,"href":"https:\/\/vapotheque.ch\/de\/wp-json\/wp\/v2\/product_tag?post=37587"}],"curies":[{"name":"wp","href":"https:\/\/api.w.org\/{rel}","templated":true}]}}