{"id":37584,"date":"2024-11-01T17:03:46","date_gmt":"2024-11-01T16:03:46","guid":{"rendered":"https:\/\/vapotheque.ch\/boutique\/flaschenoeffner-flakon-vapothek\/"},"modified":"2024-11-01T17:03:46","modified_gmt":"2024-11-01T16:03:46","slug":"flaschenoeffner-flakon-vapothek","status":"publish","type":"product","link":"https:\/\/vapotheque.ch\/de\/shop\/flaschenoeffner-flakon-vapothek\/","title":{"rendered":"Flaschen\u00f6ffner Flakon Vapothek"},"content":{"rendered":"<h2><strong>Flaschen\u00f6ffner Vapothek : Der Nagellackentferner!<\/strong><\/h2>\n<p>Sind Sie es leid, mit dem \u00d6ffnen Ihrer Liquidflaschen zu k\u00e4mpfen oder Ihre Finger beim Versuch zu besch\u00e4digen, einen Nikotinbooster hinzuzuf\u00fcgen? Hier ist die Geheimwaffe aller Dampfer: der Flaschen\u00f6ffner <strong>Vapotheke<\/strong>, ein Liquid\u00f6ffner aus Edelstahl, der Ihre Fingern\u00e4gel und Ihre Geduld retten kann! <\/p>\n<hr>\n<h3><strong>Das unentbehrliche Zubeh\u00f6r f\u00fcr kreative Dampfer<\/strong><\/h3>\n<p>Dieser <strong>Flaschen\u00f6ffner<\/strong> f\u00fcr die <strong>Vapothek<\/strong> wurde f\u00fcr alle Flaschengr\u00f6\u00dfen entwickelt, von kleinen 10 ml bis hin zu 100 ml. Ein einfacher Druck gen\u00fcgt und schon ist die Magie da: Schluss mit dem Aufdr\u00fccken von widerspenstigen Verschl\u00fcssen und Hallo, einfaches Hinzuf\u00fcgen von Boostern, Konzentraten oder DIY-Kreationen ohne Schmerzen oder Frustration. Ein echtes Muss f\u00fcr Shortfills und Do-it-yourself-Fans!  <\/p>\n<hr>\n<h3><strong>Warum Sie den Flaschen\u00f6ffner Vapothek lieben werden :<\/strong><\/h3>\n<ul>\n<li><strong>Pr\u00e4zision und Einfachheit<\/strong>: Kein \u00c4rger, dieser Flaschen\u00f6ffner erledigt die ganze Arbeit im Handumdrehen.<\/li>\n<li><strong>100 % Edelstahl<\/strong>: Edelstahl ist widerstandsf\u00e4hig, langlebig und bereit f\u00fcr all Ihre Kreationen.<\/li>\n<li><strong>Universell<\/strong>: Kompatibel mit Flaschen von 10 ml bis 100 ml, um alle Ihre Bed\u00fcrfnisse als erfahrener Dampfer abzudecken!<\/li>\n<\/ul>\n<hr>\n<h3><strong>Technische Spezifikationen des Flaschen\u00f6ffners Vapothek :<\/strong><\/h3>\n<ul>\n<li><strong>Material<\/strong>: 100 % Edelstahl<\/li>\n<li><strong>Kompatibilit\u00e4t<\/strong>: Flaschen von 10 ml bis 100 ml, leere Flaschen, Shortfills, DIY, etc.<\/li>\n<\/ul>\n","protected":false},"excerpt":{"rendered":"<p>Flaschen\u00f6ffner Vapothek : Der Nagellackentferner! Sind Sie es leid, mit dem \u00d6ffnen Ihrer Liquidflaschen zu k\u00e4mpfen oder Ihre Finger beim Versuch zu besch\u00e4digen, einen Nikotinbooster hinzuzuf\u00fcgen? Hier ist die Geheimwaffe aller Dampfer: der Flaschen\u00f6ffner Vapotheke, ein Liquid\u00f6ffner aus Edelstahl, der Ihre Fingern\u00e4gel und Ihre Geduld retten kann! Das unentbehrliche Zubeh\u00f6r f\u00fcr kreative Dampfer Dieser Flaschen\u00f6ffner [&hellip;]<\/p>\n","protected":false},"featured_media":36091,"template":"","meta":{"_acf_changed":false},"product_cat":[442,408,422,416],"product_tag":[],"class_list":{"0":"post-37584","1":"product","2":"type-product","3":"status-publish","4":"has-post-thumbnail","6":"product_brand-vapotheque-de","7":"product_cat-hervorgehobene-produkte","8":"product_cat-lieferbar-innerhalb-von-24-stunden-de","9":"product_cat-verschiedenes-zubehor","10":"product_cat-zubehor","12":"first","13":"instock","14":"taxable","15":"shipping-taxable","16":"purchasable","17":"product-type-simple"},"acf":[],"jetpack_sharing_enabled":true,"_links":{"self":[{"href":"https:\/\/vapotheque.ch\/de\/wp-json\/wp\/v2\/product\/37584","targetHints":{"allow":["GET"]}}],"collection":[{"href":"https:\/\/vapotheque.ch\/de\/wp-json\/wp\/v2\/product"}],"about":[{"href":"https:\/\/vapotheque.ch\/de\/wp-json\/wp\/v2\/types\/product"}],"wp:featuredmedia":[{"embeddable":true,"href":"https:\/\/vapotheque.ch\/de\/wp-json\/wp\/v2\/media\/36091"}],"wp:attachment":[{"href":"https:\/\/vapotheque.ch\/de\/wp-json\/wp\/v2\/media?parent=37584"}],"wp:term":[{"taxonomy":"product_cat","embeddable":true,"href":"https:\/\/vapotheque.ch\/de\/wp-json\/wp\/v2\/product_cat?post=37584"},{"taxonomy":"product_tag","embeddable":true,"href":"https:\/\/vapotheque.ch\/de\/wp-json\/wp\/v2\/product_tag?post=37584"}],"curies":[{"name":"wp","href":"https:\/\/api.w.org\/{rel}","templated":true}]}}