{"id":37579,"date":"2024-10-26T14:36:48","date_gmt":"2024-10-26T12:36:48","guid":{"rendered":"https:\/\/vapotheque.ch\/boutique\/vaping-in-paris-silver-fox-gefrorene-erdbeere-e-liquid\/"},"modified":"2025-04-26T12:35:49","modified_gmt":"2025-04-26T10:35:49","slug":"vaping-in-paris-silver-fox-gefrorene-erdbeere-e-liquid","status":"publish","type":"product","link":"https:\/\/vapotheque.ch\/de\/shop\/vaping-in-paris-silver-fox-gefrorene-erdbeere-e-liquid\/","title":{"rendered":"Vaping In Paris &#8211; Silver Fox &#8211; Erdbeereis E-Liquid 50 ml \/ 75 ml"},"content":{"rendered":"<h2><strong>Vaping In Paris Silver Fox &#8211; Frozen Strawberry E-Liquid 50 ml \/ 75 ml: Die Essenz von Fruity Cold von Silver Fox!<\/strong><\/h2>\n<p>Machen Sie sich bereit f\u00fcr einen Sturm fruchtiger Frische signiert <strong>Vaping in Paris<\/strong> ! <b>Das <strong>Vaping In Paris Silver Fox &#8211; Frozen Strawberry E-Liquid 50 ml \/ 75 ml<\/strong><\/b> bietet Ihnen ein Erlebnis, das die Erdbeere neu erfindet: ein reiner, nat\u00fcrlicher Geschmack, sublimiert durch eine Welle der Frische, die sich mit jedem Zug einl\u00e4dt. Diese Mischung ist ein wahrer Genuss f\u00fcr Liebhaber von gefrorenen fruchtigen Aromen, perfekt f\u00fcr erfrischende Momente zu jeder Zeit. <\/p>\n<p><strong>Ein Vape Made in France:<\/strong> Jedes Vaping in Paris E-Liquid wird in Frankreich mit au\u00dfergew\u00f6hnlicher Sorgfalt entwickelt und verwendet nur nat\u00fcrliche Aromen, die speziell f\u00fcr das Verdampfen entwickelt wurden. Kein Kunstgriff: nur Erdbeere, intensive Frische und keine Koolada oder S\u00fc\u00dfstoffe. Dieses Rezept basiert auf einer 100% pflanzlichen Basis f\u00fcr einen feinen Dampf und bietet eine Explosion des reinen Geschmacks, inspiriert von Einweg-Puffs, aber mit einem durchsetzungsf\u00e4higen Charakter, wie es nur <strong>Silver Fox<\/strong> kann!  <\/p>\n<ul>\n<li><strong>Made in France<\/strong> f\u00fcr einwandfreie Qualit\u00e4t<\/li>\n<li><strong>100% pflanzliche Basis<\/strong> : 50% PG Pflanzlich \/ 50% VG<\/li>\n<li>Ohne Koolada und S\u00fc\u00dfstoffe, f\u00fcr einen unvergleichlich reinen Geschmack<\/li>\n<\/ul>\n<p>Lust auf Nikotin? Keine Panik! <strong>Das Vaping In Paris Silver Fox &#8211; Strawberry Ice E-Liquid ist in 0mg<\/strong>, aber Sie k\u00f6nnen es nach Bedarf anpassen, indem Sie ein oder zwei <strong>Nikotinbooster<\/strong> hinzuf\u00fcgen, um die perfekte Rate zu erreichen.<\/p>\n<\/p>\n<p><span style=\"vertical-align: inherit\">Hergestellt in Frankreich; MPGV\/GV-Dosierung: 50% \/ 50%. Passt sich jeder Art von Ausr\u00fcstung an. <\/span><\/p>\n<\/p>\n<p><span style=\"vertical-align: inherit\">Entdecken Sie die anderen Produkte der Marke Vaping <\/span><a href=\"..\/..\/marque\/vaping-in-paris\"><span style=\"vertical-align: inherit\">in Paris<\/span><\/a><span style=\"vertical-align: inherit\">.<\/span><\/p>\n<p><span style=\"vertical-align: inherit\">Erhalten Sie Rabatte oder die neuesten Informationen zu unseren Produkten, indem Sie uns in unseren sozialen Netzwerken folgen: <\/span><a href=\"https:\/\/www.facebook.com\/VapeAigleCH\" target=\"_blank\" rel=\"noopener\"><span style=\"vertical-align: inherit\">Facebook<\/span><\/a><span style=\"vertical-align: inherit\"> oder <\/span><a href=\"https:\/\/www.instagram.com\/vapotheque\" target=\"_blank\" rel=\"noopener\"><span style=\"vertical-align: inherit\">Instagram<\/span><\/a><span style=\"vertical-align: inherit\"> .<\/span><\/p>\n","protected":false},"excerpt":{"rendered":"<p>Vaping In Paris Silver Fox &#8211; Frozen Strawberry E-Liquid 50 ml \/ 75 ml: Die Essenz von Fruity Cold von Silver Fox! Machen Sie sich bereit f\u00fcr einen Sturm fruchtiger Frische signiert Vaping in Paris ! Das Vaping In Paris Silver Fox &#8211; Frozen Strawberry E-Liquid 50 ml \/ 75 ml bietet Ihnen ein Erlebnis, [&hellip;]<\/p>\n","protected":false},"featured_media":36003,"template":"","meta":{"_acf_changed":false},"product_cat":[405,404,442,408,1866,1686,1679],"product_tag":[],"class_list":{"0":"post-37579","1":"product","2":"type-product","3":"status-publish","4":"has-post-thumbnail","6":"product_brand-vaping-in-paris-de","7":"product_cat-e-liquids","8":"product_cat-fruchtig","9":"product_cat-hervorgehobene-produkte","10":"product_cat-lieferbar-innerhalb-von-24-stunden-de","11":"product_cat-silver-fox-50-ml-de","12":"product_cat-50-ml-fur-70-ml","13":"product_cat-menge-e-flussigkeit-kapazitat-flasche","15":"first","16":"instock","17":"taxable","18":"shipping-taxable","19":"purchasable","20":"product-type-simple"},"acf":[],"jetpack_sharing_enabled":true,"_links":{"self":[{"href":"https:\/\/vapotheque.ch\/de\/wp-json\/wp\/v2\/product\/37579","targetHints":{"allow":["GET"]}}],"collection":[{"href":"https:\/\/vapotheque.ch\/de\/wp-json\/wp\/v2\/product"}],"about":[{"href":"https:\/\/vapotheque.ch\/de\/wp-json\/wp\/v2\/types\/product"}],"wp:featuredmedia":[{"embeddable":true,"href":"https:\/\/vapotheque.ch\/de\/wp-json\/wp\/v2\/media\/36003"}],"wp:attachment":[{"href":"https:\/\/vapotheque.ch\/de\/wp-json\/wp\/v2\/media?parent=37579"}],"wp:term":[{"taxonomy":"product_cat","embeddable":true,"href":"https:\/\/vapotheque.ch\/de\/wp-json\/wp\/v2\/product_cat?post=37579"},{"taxonomy":"product_tag","embeddable":true,"href":"https:\/\/vapotheque.ch\/de\/wp-json\/wp\/v2\/product_tag?post=37579"}],"curies":[{"name":"wp","href":"https:\/\/api.w.org\/{rel}","templated":true}]}}