{"id":37577,"date":"2024-10-26T13:56:21","date_gmt":"2024-10-26T11:56:21","guid":{"rendered":"https:\/\/vapotheque.ch\/boutique\/vaping-in-paris-silver-fox-dragon-corossol-e-liquid\/"},"modified":"2025-04-26T12:35:48","modified_gmt":"2025-04-26T10:35:48","slug":"vaping-in-paris-silver-fox-dragon-corossol-e-liquid","status":"publish","type":"product","link":"https:\/\/vapotheque.ch\/de\/shop\/vaping-in-paris-silver-fox-dragon-corossol-e-liquid\/","title":{"rendered":"Verdampfen In Paris &#8211; Silver Fox &#8211; Dragon Soursop E-Liquid 50 ml \/ 75 ml"},"content":{"rendered":"<h2><strong>Vaping In Paris Silver Fox &#8211; Dragon Soursop E-Liquid 50 ml \/ 75 ml: Eine tropische Brise von Silver Fox!<\/strong><\/h2>\n<p>Machen Sie sich bereit f\u00fcr ein Eiserlebnis, das ebenso faszinierend wie erfrischend ist, mit dem <strong>Vaping In Paris Silver Fox &#8211; Dragon Soursop E-Liquid 50 ml \/ 75 ml<\/strong> ! Diese Premium-Kreation verschmilzt die tropischen Aromen von Drachenfrucht und Stachelannone zu einem Wirbelwind der Frische, der die Sinne weckt, und jeder Zug versetzt Sie in ein fruchtiges Paradies, in dem die S\u00e4ure der Stachelannone die bet\u00f6rende S\u00fc\u00dfe der Drachenfrucht perfekt ausbalanciert. <\/p>\n<p><strong>Die ultimative sensorische Flucht:<\/strong> Lassen Sie sich von dieser magischen Mischung exotischer Aromen verf\u00fchren: Die s\u00fc\u00dfe S\u00fc\u00dfe der Drachenfrucht harmoniert wunderbar mit den cremigen und leicht w\u00fcrzigen Noten der Stachelannone, alles verst\u00e4rkt durch eine intensive Frische, die Sie bei jedem Zug erschaudern l\u00e4sst. Es ist eine sensorische Reise f\u00fcr Liebhaber von Obst und Frische! <\/p>\n<p><strong>Verdampfen in Paris Qualit\u00e4t<\/strong> : Entworfen mit 100% nat\u00fcrlichen Aromen und einer pflanzlichen Basis, bietet dieses E-Liquid ein Geschmackserlebnis von au\u00dfergew\u00f6hnlicher Reinheit. Keine k\u00fcnstlichen S\u00fc\u00dfstoffe und Koolada mehr: Dieses E-Liquid basiert auf franz\u00f6sischem Know-how f\u00fcr einen intensiven, gesunden und 100% angenehmen Dampf. <\/p>\n<ul>\n<li><strong>Hergestellt in Frankreich<\/strong> f\u00fcr einen hochwertigen Vape<\/li>\n<li><strong>100 % pflanzliche Basis<\/strong>: 50 % pflanzliches PG \/ 50 % VG<\/li>\n<li>Ohne Koolada und S\u00fc\u00dfstoffe f\u00fcr ein reines und authentisches Erlebnis<\/li>\n<\/ul>\n<p>Lust auf Nikotin? Keine Panik! <strong>Dieses E-Liquid ist in 0 mg<\/strong>, aber Sie k\u00f6nnen es nach Bedarf anpassen, indem Sie ein oder zwei <strong>Nikotinverst\u00e4rker<\/strong> hinzuf\u00fcgen, um den perfekten Pegel zu erreichen.<\/p>\n<p>Entdecken Sie das <strong>Vaping In Paris Silver Fox &#8211; Dragon Lychee E-Liquid 50 m \/ 75 ml<\/strong>, ein wahres <strong>Juwel der Silver Fox-Reihe<\/strong>, das die Essenz der Aromen von Einweg-Puffs einf\u00e4ngt, mit all der Finesse und Tiefe der <strong>Vaping in<\/strong> Paris-Kreationen.<\/p>\n<\/p>\n<p><span style=\"vertical-align: inherit\">Hergestellt in Frankreich; MPGV\/GV-Dosierung: 50% \/ 50%. Passt sich jeder Art von Ausr\u00fcstung an. <\/span><\/p>\n<\/p>\n<p><span style=\"vertical-align: inherit\">Entdecken Sie die anderen Produkte der Marke Vaping <\/span><a href=\"..\/..\/marque\/vaping-in-paris\"><span style=\"vertical-align: inherit\">in Paris<\/span><\/a><span style=\"vertical-align: inherit\">.<\/span><\/p>\n<p><span style=\"vertical-align: inherit\">Erhalten Sie Rabatte oder die neuesten Informationen zu unseren Produkten, indem Sie uns in unseren sozialen Netzwerken folgen: <\/span><a href=\"https:\/\/www.facebook.com\/VapeAigleCH\" target=\"_blank\" rel=\"noopener\"><span style=\"vertical-align: inherit\">Facebook<\/span><\/a><span style=\"vertical-align: inherit\"> oder <\/span><a href=\"https:\/\/www.instagram.com\/vapotheque\/\" target=\"_blank\" rel=\"noopener\"><span style=\"vertical-align: inherit\">Instagram<\/span><\/a><span style=\"vertical-align: inherit\"> .<\/span><\/p>\n","protected":false},"excerpt":{"rendered":"<p>Vaping In Paris Silver Fox &#8211; Dragon Soursop E-Liquid 50 ml \/ 75 ml: Eine tropische Brise von Silver Fox! Machen Sie sich bereit f\u00fcr ein Eiserlebnis, das ebenso faszinierend wie erfrischend ist, mit dem Vaping In Paris Silver Fox &#8211; Dragon Soursop E-Liquid 50 ml \/ 75 ml ! Diese Premium-Kreation verschmilzt die tropischen [&hellip;]<\/p>\n","protected":false},"featured_media":36000,"template":"","meta":{"_acf_changed":false},"product_cat":[405,404,442,408,1866,1686,1679],"product_tag":[],"class_list":{"0":"post-37577","1":"product","2":"type-product","3":"status-publish","4":"has-post-thumbnail","6":"product_brand-vaping-in-paris-de","7":"product_cat-e-liquids","8":"product_cat-fruchtig","9":"product_cat-hervorgehobene-produkte","10":"product_cat-lieferbar-innerhalb-von-24-stunden-de","11":"product_cat-silver-fox-50-ml-de","12":"product_cat-50-ml-fur-70-ml","13":"product_cat-menge-e-flussigkeit-kapazitat-flasche","15":"first","16":"instock","17":"taxable","18":"shipping-taxable","19":"purchasable","20":"product-type-simple"},"acf":[],"jetpack_sharing_enabled":true,"_links":{"self":[{"href":"https:\/\/vapotheque.ch\/de\/wp-json\/wp\/v2\/product\/37577","targetHints":{"allow":["GET"]}}],"collection":[{"href":"https:\/\/vapotheque.ch\/de\/wp-json\/wp\/v2\/product"}],"about":[{"href":"https:\/\/vapotheque.ch\/de\/wp-json\/wp\/v2\/types\/product"}],"wp:featuredmedia":[{"embeddable":true,"href":"https:\/\/vapotheque.ch\/de\/wp-json\/wp\/v2\/media\/36000"}],"wp:attachment":[{"href":"https:\/\/vapotheque.ch\/de\/wp-json\/wp\/v2\/media?parent=37577"}],"wp:term":[{"taxonomy":"product_cat","embeddable":true,"href":"https:\/\/vapotheque.ch\/de\/wp-json\/wp\/v2\/product_cat?post=37577"},{"taxonomy":"product_tag","embeddable":true,"href":"https:\/\/vapotheque.ch\/de\/wp-json\/wp\/v2\/product_tag?post=37577"}],"curies":[{"name":"wp","href":"https:\/\/api.w.org\/{rel}","templated":true}]}}