{"id":37575,"date":"2024-10-26T13:49:12","date_gmt":"2024-10-26T11:49:12","guid":{"rendered":"https:\/\/vapotheque.ch\/boutique\/vaping-in-paris-silver-fox-dragon-litchi-e-liquide\/"},"modified":"2025-04-26T12:35:46","modified_gmt":"2025-04-26T10:35:46","slug":"vaping-in-paris-silver-fox-dragon-litchi-e-liquide","status":"publish","type":"product","link":"https:\/\/vapotheque.ch\/de\/shop\/vaping-in-paris-silver-fox-dragon-litchi-e-liquide\/","title":{"rendered":"Vaping In Paris &#8211; Silver Fox &#8211; Dragon Lychee E-Liquid 50 ml \/ 75 ml"},"content":{"rendered":"<h2><strong>Vaping In Paris Silver Fox &#8211; Dragon Lychee E-Liquid 50 ml \/ 75 ml: The Tropical Escape Signed Silver Fox!<\/strong><\/h2>\n<p>Tauchen Sie ein in eine Welt der Exotik mit dem <strong>Vaping In Paris Silver Fox &#8211; Dragon Lychee E-Liquid 50 ml \/ 75 ml<\/strong> ! Wenn Du ein Fan von fruchtigen und eisigen Aromen bist, ist dieser Trank genau das Richtige f\u00fcr Dich: eine s\u00fc\u00dfe Verbindung zwischen saftiger Drachenfrucht und s\u00fc\u00dfer Litschi, verst\u00e4rkt durch eine Hrise intensiver Frische, die all Dein Verlangen nach einem erfrischenden Dampf stillen wird.<\/p>\n<p><strong>Die perfekte Geschmacksexplosion:<\/strong> Jeder Zug dieses E-Liquids ist eine sensorische Reise, bei der die reichhaltigen, tropischen Noten der Drachenfrucht auf die S\u00fc\u00dfe der Litschi treffen. Diese bet\u00f6rende Kombination wird durch einen eisigen Touch verst\u00e4rkt, der eine perfekte Balance zwischen Exotik und Frische bietet, ideal f\u00fcr revitalisierende Vape-Sessions. <\/p>\n<p><strong>Reinheit Made in France:<\/strong> Bei Vaping In Paris ist das Engagement f\u00fcr Authentizit\u00e4t und Qualit\u00e4t in jedem Tropfen zu finden! Die nat\u00fcrlichen Aromen, frei von Koolada und S\u00fc\u00dfungsmitteln, wurden speziell entwickelt, um ein 100% pflanzliches Geschmackserlebnis zu garantieren, das ebenso rein wie intensiv ist. <\/p>\n<ul>\n<li><strong>Made in France<\/strong> f\u00fcr einwandfreie Qualit\u00e4t<\/li>\n<li><strong>100 % pflanzliche Basis<\/strong>: 50 % pflanzliches PG \/ 50 % VG<\/li>\n<li>Ohne Koolada und k\u00fcnstliche S\u00fc\u00dfstoffe f\u00fcr einen vollkommen nat\u00fcrlichen Geschmack<\/li>\n<\/ul>\n<p>Lust auf Nikotin? Keine Panik! Das <strong>Vaping In Paris Silver Fox &#8211; Dragon Lychee E-Liquid<\/strong><strong> ist in 0 mg<\/strong> enthalten, aber Sie k\u00f6nnen es nach Ihren Bed\u00fcrfnissen anpassen, indem Sie ein oder zwei <strong>Nikotinverst\u00e4rker<\/strong> hinzuf\u00fcgen, um die perfekte Rate zu erreichen.<\/p>\n<p>Entdecken Sie die <strong>Silver Fox-Reihe<\/strong> und ihre High-End-Kreationen, die entwickelt wurden, um die unvergleichlichen Aromen von Einweg-Z\u00fcgen mit der Eleganz und Raffinesse zu reproduzieren, die Vaping In Paris ausmachen.<\/p>\n<\/p>\n<p><span style=\"vertical-align: inherit\">Hergestellt in Frankreich; MPGV\/GV-Dosierung: 50% \/ 50%. Passt sich jeder Art von Ausr\u00fcstung an. <\/span><\/p>\n<\/p>\n<p><span style=\"vertical-align: inherit\">Entdecken Sie die anderen Produkte der Marke Vaping <\/span><a href=\"..\/..\/marque\/vaping-in-paris\"><span style=\"vertical-align: inherit\">in Paris<\/span><\/a><span style=\"vertical-align: inherit\">.<\/span><\/p>\n<p><span style=\"vertical-align: inherit\">Erhalten Sie Rabatte oder die neuesten Informationen zu unseren Produkten, indem Sie uns in unseren sozialen Netzwerken folgen: <\/span><a href=\"https:\/\/www.facebook.com\/VapeAigleCH\" target=\"_blank\" rel=\"noopener\"><span style=\"vertical-align: inherit\">Facebook<\/span><\/a><span style=\"vertical-align: inherit\"> oder <\/span><a href=\"https:\/\/www.instagram.com\/vapotheque\/\" target=\"_blank\" rel=\"noopener\"><span style=\"vertical-align: inherit\">Instagram<\/span><\/a><span style=\"vertical-align: inherit\"> .<\/span><\/p>\n","protected":false},"excerpt":{"rendered":"<p>Vaping In Paris Silver Fox &#8211; Dragon Lychee E-Liquid 50 ml \/ 75 ml: The Tropical Escape Signed Silver Fox! Tauchen Sie ein in eine Welt der Exotik mit dem Vaping In Paris Silver Fox &#8211; Dragon Lychee E-Liquid 50 ml \/ 75 ml ! Wenn Du ein Fan von fruchtigen und eisigen Aromen bist, [&hellip;]<\/p>\n","protected":false},"featured_media":35997,"template":"","meta":{"_acf_changed":false},"product_cat":[405,404,442,408,1866,1686,1679],"product_tag":[],"class_list":{"0":"post-37575","1":"product","2":"type-product","3":"status-publish","4":"has-post-thumbnail","6":"product_brand-vaping-in-paris-de","7":"product_cat-e-liquids","8":"product_cat-fruchtig","9":"product_cat-hervorgehobene-produkte","10":"product_cat-lieferbar-innerhalb-von-24-stunden-de","11":"product_cat-silver-fox-50-ml-de","12":"product_cat-50-ml-fur-70-ml","13":"product_cat-menge-e-flussigkeit-kapazitat-flasche","15":"first","16":"instock","17":"taxable","18":"shipping-taxable","19":"purchasable","20":"product-type-simple"},"acf":[],"jetpack_sharing_enabled":true,"_links":{"self":[{"href":"https:\/\/vapotheque.ch\/de\/wp-json\/wp\/v2\/product\/37575","targetHints":{"allow":["GET"]}}],"collection":[{"href":"https:\/\/vapotheque.ch\/de\/wp-json\/wp\/v2\/product"}],"about":[{"href":"https:\/\/vapotheque.ch\/de\/wp-json\/wp\/v2\/types\/product"}],"wp:featuredmedia":[{"embeddable":true,"href":"https:\/\/vapotheque.ch\/de\/wp-json\/wp\/v2\/media\/35997"}],"wp:attachment":[{"href":"https:\/\/vapotheque.ch\/de\/wp-json\/wp\/v2\/media?parent=37575"}],"wp:term":[{"taxonomy":"product_cat","embeddable":true,"href":"https:\/\/vapotheque.ch\/de\/wp-json\/wp\/v2\/product_cat?post=37575"},{"taxonomy":"product_tag","embeddable":true,"href":"https:\/\/vapotheque.ch\/de\/wp-json\/wp\/v2\/product_tag?post=37575"}],"curies":[{"name":"wp","href":"https:\/\/api.w.org\/{rel}","templated":true}]}}