{"id":37573,"date":"2024-10-18T10:29:19","date_gmt":"2024-10-18T08:29:19","guid":{"rendered":"https:\/\/vapotheque.ch\/boutique\/steam-train-boilerman-20-60-ml-e-liquide\/"},"modified":"2024-10-18T10:29:19","modified_gmt":"2024-10-18T08:29:19","slug":"steam-train-boilerman-20-60-ml-e-liquide","status":"publish","type":"product","link":"https:\/\/vapotheque.ch\/de\/shop\/steam-train-boilerman-20-60-ml-e-liquide\/","title":{"rendered":"Steam Train &#8211; Boilerman 20 \/ 60 ML E-Liquide"},"content":{"rendered":"<h2><strong>Steam Train Boilerman 20 \/ 60 ML E-Liquid : Der tropische Cocktail, der die Sinne erw\u00e4rmt!<\/strong>  \ud83c\udf4d\ud83c\udf34\ud83c\udf53<\/h2>\n<p>Machen Sie sich bereit f\u00fcr eine exotische Reise mit <strong>Steam Train Boilerman 20 \/ 60 ML E-Liquid<\/strong>, einem E-Liquid, das saftige, sonnige tropische Fr\u00fcchte k\u00fchn zu einem absolut unwiderstehlichen Cocktail mischt. Stellen Sie sich eine Explosion von tropischen Aromen vor, die Ihre Geschmacksknospen kitzeln und Ihre Sinne mit jedem Zug wecken. \ud83c\udf4d\ud83e\udd6d\ud83c\udf53 Dieser fruchtige Cocktail versetzt Sie direkt in die Tropen, wo die Sonne scheint und die Fr\u00fcchte mit s\u00fc\u00dfem Saft vollgesogen sind. Vibrierende und frische Noten vermischen sich zu einem Festival der Aromen, das Sie mit offenem Mund zur\u00fccklassen wird &#8211; und nach mehr verlangt! Er ist der perfekte Verb\u00fcndete f\u00fcr ein erfrischendes und exotisches Dampfen. \ud83c\udf34\ud83c\udf4d\u2728 S <strong>team Train Boilerman 20 \/ 60 ML E-Liquid, <\/strong>f\u00fcr diejenigen, die den Geschmack von Exotik lieben und bei jeder Inhalation einen tropischen Cocktail genie\u00dfen m\u00f6chten. Ein wahrhaft fruchtiges Fest in der Flasche! \ud83c\udf53\ud83c\udf34  <\/p>\n<p>&nbsp;<\/p>\n<p><strong>ACHTUNG: Dieses Produkt ist ein konzentriertes Aroma von 20 ml, das vor Gebrauch verd\u00fcnnt werden muss!<\/strong><\/p>\n<p>&nbsp;<\/p>\n<h3><\/h3>\n<h3>Hilfe beim Aufstocken Ihres Steam Train Boilerman E-Liquide :<\/h3>\n<p>Wenn Sie Ihren Boilerman erhalten, m\u00fcssen Sie die Nikotinersatzprodukte hinzuf\u00fcgen. <a href=\"https:\/\/vapotheque.ch\/de\/kategorie\/diy-de\/boosters-diy-de\/\"><strong>Nikotinbooster<\/strong><\/a> (falls erforderlich) und etwas Bitterstoff. <strong><a href=\"https:\/\/vapotheque.ch\/de\/shop\/vapor-flavour-basis-30pg-70vg\/\">PG\/VG-Base<\/a><\/strong> bevor Sie ihn dampfen k\u00f6nnen. Die Flasche, die Sie erhalten, ist mit <strong>20 ml konzentriertem Aroma<\/strong> gef\u00fcllt. In dieser Reihenfolge m\u00fcssen Sie <strong>zuerst die<\/strong> ben\u00f6tigten <strong>Nikotinbooster<\/strong> <strong>und dann die PG\/VG-Basis<\/strong> hinzuf\u00fcgen, um die Flasche zu f\u00fcllen. Um Ihnen zu helfen, die Anzahl der <a href=\"https:\/\/vapotheque.ch\/de\/kategorie\/diy-de\/boosters-diy-de\/\"><strong>Nikotin-Boostern zu helfen.<\/strong><\/a> und der Menge an Glukose <strong><a href=\"https:\/\/vapotheque.ch\/de\/shop\/vapor-flavour-basis-30pg-70vg\/\">PG\/VG-Basis<\/a><\/strong> Nachfolgend finden Sie einige Beispiele: <\/p>\n<ul>\n<li>F\u00fcr 3 mg \/ ml Nikotin m\u00fcssen Sie 1x bestellen. <a href=\"https:\/\/vapotheque.ch\/de\/kategorie\/diy-de\/boosters-diy-de\/\"><strong>Nikotin-Booster<\/strong><\/a> und 1x 100 ML Nikotin. <strong><a href=\"https:\/\/vapotheque.ch\/de\/shop\/vapor-flavour-basis-30pg-70vg\/\">Basis 30 PG \/ 70 VG<\/a><\/strong>. F\u00fcllen Sie den Booster in die E-Liquid-Flasche und f\u00fcllen Sie diese mit der PG\/VG\/VG-Basis auf. <\/li>\n<li>F\u00fcr 6 mg \/ ml Nikotin m\u00fcssen Sie 2x bestellen. <a href=\"https:\/\/vapotheque.ch\/de\/kategorie\/diy-de\/boosters-diy-de\/\"><strong>Nikotin-Booster<\/strong><\/a> und 1x 100 ML Nikotin. <strong><a href=\"https:\/\/vapotheque.ch\/de\/shop\/vapor-flavour-basis-30pg-70vg\/\">Basis 30 PG \/ 70 VG bestellen.<\/a><\/strong>. Geben Sie den Booster in die E-Liquid-Flasche und f\u00fcllen Sie die Flasche mit der Basis PG \/ VG \/ VG auf. <\/li>\n<li>F\u00fcr 9 mg \/ ml m\u00fcssen Sie 3x bestellen. <a href=\"https:\/\/vapotheque.ch\/de\/kategorie\/diy-de\/boosters-diy-de\/\"><strong>Nikotin-Booster<\/strong><\/a> und 1x 100 ML von <strong><a href=\"https:\/\/vapotheque.ch\/de\/shop\/vapor-flavour-basis-30pg-70vg\/\">Basis 30 PG \/ 70 VG bestellen.<\/a><\/strong>. Geben Sie den Booster in die E-Liquid-Flasche und f\u00fcllen Sie diese mit der Basis PG \/ VG \/ VG auf. <\/li>\n<\/ul>\n<p><strong>So geht es weiter, bis das maximale Volumen der Flasche erreicht ist.<\/strong><\/p>\n<p><strong>Sollte nach dem Ausf\u00fcllen der Flasche noch etwas Basis vorhanden sein, bewahren Sie diese bitte dunkel und bei Raumtemperatur auf. Sie k\u00f6nnen sie bei Ihrer n\u00e4chsten Bestellung verwenden. <\/strong><\/p>\n<p>&nbsp;<\/p>\n<p>Wichtig: Mit Aromen angereicherte E-Liquids, die in einer 60-ml-Flasche verkauft werden.<\/p>\n<p class=\"class-fabrication\">Hergestellt in Griechenland; Dosierung: 100 % PG.<\/p>\n<p>Entdecken Sie weitere Produkte der Marke  <a href=\"https:\/\/vapotheque.ch\/de\/marque\/steam-train-de\/\" target=\"_blank\" rel=\"noopener\">Steam Train<\/a>.<\/p>\n<p>Erhalten Sie Rabatte oder die neuesten Informationen \u00fcber den Steam Train, indem Sie uns auf <a href=\"https:\/\/www.facebook.com\/VapeAigleCH\" target=\"_blank\" rel=\"noopener\">Facebook<\/a> oder <a href=\"https:\/\/www.instagram.com\/vapotheque\" target=\"_blank\" rel=\"noopener\">Instagram<\/a> folgen.<\/p>\n","protected":false},"excerpt":{"rendered":"<p>Steam Train Boilerman 20 \/ 60 ML E-Liquid : Der tropische Cocktail, der die Sinne erw\u00e4rmt! \ud83c\udf4d\ud83c\udf34\ud83c\udf53 Machen Sie sich bereit f\u00fcr eine exotische Reise mit Steam Train Boilerman 20 \/ 60 ML E-Liquid, einem E-Liquid, das saftige, sonnige tropische Fr\u00fcchte k\u00fchn zu einem absolut unwiderstehlichen Cocktail mischt. Stellen Sie sich eine Explosion von tropischen [&hellip;]<\/p>\n","protected":false},"featured_media":35868,"template":"","meta":{"_acf_changed":false},"product_cat":[405,404,442,408,423,1681,1679],"product_tag":[],"class_list":{"0":"post-37573","1":"product","2":"type-product","3":"status-publish","4":"has-post-thumbnail","6":"product_brand-steam-train-de","7":"product_cat-e-liquids","8":"product_cat-fruchtig","9":"product_cat-hervorgehobene-produkte","10":"product_cat-lieferbar-innerhalb-von-24-stunden-de","11":"product_cat-promos","12":"product_cat-20-ml-fur-60-ml","13":"product_cat-menge-e-flussigkeit-kapazitat-flasche","15":"first","16":"instock","17":"taxable","18":"shipping-taxable","19":"purchasable","20":"product-type-simple"},"acf":[],"jetpack_sharing_enabled":true,"_links":{"self":[{"href":"https:\/\/vapotheque.ch\/de\/wp-json\/wp\/v2\/product\/37573","targetHints":{"allow":["GET"]}}],"collection":[{"href":"https:\/\/vapotheque.ch\/de\/wp-json\/wp\/v2\/product"}],"about":[{"href":"https:\/\/vapotheque.ch\/de\/wp-json\/wp\/v2\/types\/product"}],"wp:featuredmedia":[{"embeddable":true,"href":"https:\/\/vapotheque.ch\/de\/wp-json\/wp\/v2\/media\/35868"}],"wp:attachment":[{"href":"https:\/\/vapotheque.ch\/de\/wp-json\/wp\/v2\/media?parent=37573"}],"wp:term":[{"taxonomy":"product_cat","embeddable":true,"href":"https:\/\/vapotheque.ch\/de\/wp-json\/wp\/v2\/product_cat?post=37573"},{"taxonomy":"product_tag","embeddable":true,"href":"https:\/\/vapotheque.ch\/de\/wp-json\/wp\/v2\/product_tag?post=37573"}],"curies":[{"name":"wp","href":"https:\/\/api.w.org\/{rel}","templated":true}]}}