{"id":37571,"date":"2024-10-17T15:30:32","date_gmt":"2024-10-17T13:30:32","guid":{"rendered":"https:\/\/vapotheque.ch\/boutique\/steam-train-bells-and-whistles-24-120-ml-e-liquid\/"},"modified":"2024-10-17T15:30:32","modified_gmt":"2024-10-17T13:30:32","slug":"steam-train-bells-and-whistles-24-120-ml-e-liquid","status":"publish","type":"product","link":"https:\/\/vapotheque.ch\/de\/shop\/steam-train-bells-and-whistles-24-120-ml-e-liquid\/","title":{"rendered":"Steam Train &#8211; Bells and Whistles 24 \/ 120 ML E-Liquid"},"content":{"rendered":"<h2><strong>Steam Train Bells and Whistles 24 \/ 120 ML E-Liquid : Eine fruchtige S\u00fc\u00dfe bei jedem Zug<\/strong> \ud83c\udf51\ud83c\udf49.<\/h2>\n<p>Machen Sie sich bereit f\u00fcr ein Festival der Aromen mit unserer unwiderstehlichen Mischung <strong>Steam Train Bells and Whistles 24 \/ 120 ML E-Liquid <\/strong>! Stellen Sie sich einen saftigen Pfirsich mit einer leichten und bet\u00f6renden S\u00fc\u00dfe vor, der den Weg f\u00fcr eine erfrischende und s\u00fc\u00dfe Wassermelone ebnet. Jede Inhalation versetzt Sie in den Sommer, wo sich die W\u00e4rme der Sonne mit der Frische einer sonnenverw\u00f6hnten Frucht vermischt. Die zarte S\u00fc\u00dfe des Pfirsichs bildet den perfekten Hintergrund f\u00fcr die Wassermelone, die mit ihrem saftigen Geschmack auf Ihrer Zunge tanzt. Es ist eine Explosion von fruchtigem Genuss, die Ihre Sinne weckt und Sie mit einem Geschmack von Gl\u00fcck im Mund zur\u00fcckl\u00e4sst, ein wahrer Genuss f\u00fcr alle Liebhaber sommerlicher Aromen! Ob Sie sich nun am Pool entspannen oder einen sonnigen Nachmittag genie\u00dfen, der <strong>Steam Train Bells and Whistles 24 \/ 120 ML E-Liquid<\/strong> ist der ideale Begleiter f\u00fcr ein k\u00f6stliches und erfrischendes Dampferlebnis. Mit dem Bells and Whistles ist jeder Zug eine Einladung zu einem Fest, ein fruchtiges Bonbon, das Ihren Gaumen erfreuen wird! \ud83c\udf1e\ud83d\udca8 <\/p>\n<p>&nbsp;<\/p>\n<p><strong>ACHTUNG: Dieses Produkt ist ein konzentriertes Aroma von 24 ml, das vor Gebrauch verd\u00fcnnt werden muss!<\/strong><\/p>\n<p>&nbsp;<\/p>\n<h3><\/h3>\n<h3>Hilfe beim Boosten Ihres Bells and Whistles E-Liquids :<\/h3>\n<p>Wenn Sie Ihre Bells and Whistles erhalten, m\u00fcssen Sie die Nikotinersatzprodukte hinzuf\u00fcgen. <a href=\"https:\/\/vapotheque.ch\/de\/kategorie\/diy-de\/boosters-diy-de\/\"><strong>Nikotin-Booster<\/strong><\/a> (falls erforderlich) und Glukose. <strong><a href=\"https:\/\/vapotheque.ch\/de\/shop\/vapor-flavour-basis-30pg-70vg\/\">PG\/VG-Base<\/a><\/strong> bevor Sie ihn rauchen k\u00f6nnen. Die Flasche, die Sie erhalten, ist mit <strong>24 ml konzentriertem Aroma<\/strong> gef\u00fcllt. In dieser Reihenfolge m\u00fcssen Sie <strong>zuerst die<\/strong> ben\u00f6tigten <strong>Nikotinbooster<\/strong> <strong>und dann die PG\/VG-Basis<\/strong> hinzuf\u00fcgen, um die Flasche zu f\u00fcllen. Um Ihnen zu helfen, die Anzahl der <a href=\"https:\/\/vapotheque.ch\/de\/kategorie\/diy-de\/boosters-diy-de\/\"><strong>Nikotin-Boostern zu helfen.<\/strong><\/a> und der Menge an Glukose <strong><a href=\"https:\/\/vapotheque.ch\/de\/shop\/vapor-flavour-basis-30pg-70vg\/\">PG\/VG-Basis<\/a><\/strong> Nachfolgend finden Sie einige Beispiele: <\/p>\n<ul>\n<li>F\u00fcr 3 mg \/ ml Nikotin m\u00fcssen Sie 2x bestellen. <a href=\"https:\/\/vapotheque.ch\/de\/kategorie\/diy-de\/boosters-diy-de\/\"><strong>Nikotin Booster<\/strong><\/a> und 1x 100 ML Nikotin. <strong><a href=\"https:\/\/vapotheque.ch\/de\/shop\/vapor-flavour-basis-30pg-70vg\/\">Basis 30 PG \/ 70 VG bestellen.<\/a><\/strong>. F\u00fcllen Sie den Booster in die E-Liquid-Flasche und f\u00fcllen Sie die Flasche mit der PG\/VG\/VG-Basis auf. <\/li>\n<li>F\u00fcr 6 mg \/ ml Nikotin m\u00fcssen Sie 4x bestellen. <a href=\"https:\/\/vapotheque.ch\/de\/kategorie\/diy-de\/boosters-diy-de\/\"><strong>Nikotin-Booster<\/strong><\/a> und 1x 100 ML Nikotin. <strong><a href=\"https:\/\/vapotheque.ch\/de\/shop\/vapor-flavour-basis-30pg-70vg\/\">Basis 30 PG \/ 70 VG bestellen.<\/a><\/strong>. Geben Sie den Booster in die E-Liquid-Flasche und f\u00fcllen Sie die Flasche mit der Basis PG \/ VG \/ VG auf. <\/li>\n<li>F\u00fcr 9 mg \/ ml m\u00fcssen Sie 6x bestellen. <a href=\"https:\/\/vapotheque.ch\/de\/kategorie\/diy-de\/boosters-diy-de\/\"><strong>Nikotin-Booster<\/strong><\/a> und 1x 100 ML von <strong><a href=\"https:\/\/vapotheque.ch\/de\/shop\/vapor-flavour-basis-30pg-70vg\/\">Basis 30 PG \/ 70 VG bestellen.<\/a><\/strong>. Geben Sie den Booster in die E-Liquid-Flasche und f\u00fcllen Sie diese mit der PG \/ VG \/ VG-Basis auf. <\/li>\n<\/ul>\n<p><strong>So geht es weiter, bis das maximale Volumen der Flasche erreicht ist.<\/strong><\/p>\n<p><strong>Sollte nach dem Ausf\u00fcllen der Flasche noch etwas Basis vorhanden sein, bewahren Sie diese bitte dunkel und bei Raumtemperatur auf. Sie k\u00f6nnen sie bei Ihrer n\u00e4chsten Bestellung verwenden. <\/strong><\/p>\n<p>&nbsp;<\/p>\n<p>Wichtig: Mit Aromen angereicherte E-Liquids, die in einer 120-ml-Flasche verkauft werden.<\/p>\n<p class=\"class-fabrication\">Hergestellt in Griechenland; Dosierung: 100 % PG.<\/p>\n<p>&nbsp;<\/p>\n<p>Entdecken Sie weitere Produkte der Marke <a href=\"https:\/\/vapotheque.ch\/de\/marque\/steam-train-de\/\" target=\"_blank\" rel=\"noopener\">Steam Train<\/a>.<\/p>\n<p>Erhalten Sie Rabatte oder die neuesten Informationen \u00fcber Steam Train, indem Sie uns auf <a href=\"https:\/\/www.facebook.com\/VapeAigleCH\" target=\"_blank\" rel=\"noopener\">Facebook<\/a> oder <a href=\"https:\/\/www.instagram.com\/vapotheque\" target=\"_blank\" rel=\"noopener\">Instagram<\/a> folgen.<\/p>\n","protected":false},"excerpt":{"rendered":"<p><strong>Wie Sie die Booster richtig zu Ihrem Produkt hinzuf\u00fcgen, erfahren Sie in der nachfolgenden Beschreibung.<\/strong><\/p>\n","protected":false},"featured_media":35845,"template":"","meta":{"_acf_changed":false},"product_cat":[405,404,442,408,1682,1679],"product_tag":[],"class_list":{"0":"post-37571","1":"product","2":"type-product","3":"status-publish","4":"has-post-thumbnail","6":"product_brand-steam-train-de","7":"product_cat-e-liquids","8":"product_cat-fruchtig","9":"product_cat-hervorgehobene-produkte","10":"product_cat-lieferbar-innerhalb-von-24-stunden-de","11":"product_cat-24-ml-fur-120-ml","12":"product_cat-menge-e-flussigkeit-kapazitat-flasche","14":"first","15":"outofstock","16":"taxable","17":"shipping-taxable","18":"purchasable","19":"product-type-simple"},"acf":[],"jetpack_sharing_enabled":true,"_links":{"self":[{"href":"https:\/\/vapotheque.ch\/de\/wp-json\/wp\/v2\/product\/37571","targetHints":{"allow":["GET"]}}],"collection":[{"href":"https:\/\/vapotheque.ch\/de\/wp-json\/wp\/v2\/product"}],"about":[{"href":"https:\/\/vapotheque.ch\/de\/wp-json\/wp\/v2\/types\/product"}],"wp:featuredmedia":[{"embeddable":true,"href":"https:\/\/vapotheque.ch\/de\/wp-json\/wp\/v2\/media\/35845"}],"wp:attachment":[{"href":"https:\/\/vapotheque.ch\/de\/wp-json\/wp\/v2\/media?parent=37571"}],"wp:term":[{"taxonomy":"product_cat","embeddable":true,"href":"https:\/\/vapotheque.ch\/de\/wp-json\/wp\/v2\/product_cat?post=37571"},{"taxonomy":"product_tag","embeddable":true,"href":"https:\/\/vapotheque.ch\/de\/wp-json\/wp\/v2\/product_tag?post=37571"}],"curies":[{"name":"wp","href":"https:\/\/api.w.org\/{rel}","templated":true}]}}