{"id":37556,"date":"2024-10-15T14:45:25","date_gmt":"2024-10-15T12:45:25","guid":{"rendered":"https:\/\/vapotheque.ch\/boutique\/vaping-in-paris-booster-flavor-gaulois-20-mg\/"},"modified":"2024-10-15T14:45:25","modified_gmt":"2024-10-15T12:45:25","slug":"vaping-in-paris-booster-flavor-gaulois-20-mg","status":"publish","type":"product","link":"https:\/\/vapotheque.ch\/de\/shop\/vaping-in-paris-booster-flavor-gaulois-20-mg\/","title":{"rendered":"Vaping in Paris &#8211; Booster Flavor Gaulois 20 mg"},"content":{"rendered":"<h2><strong>Vaping in Paris Booster Flavor Gaulois 20 mg: Boosten Sie mit Stil!<\/strong><\/h2>\n<p>Sie lieben Ihren <a href=\"https:\/\/vapotheque.ch\/boutique\/vaping-in-paris-gaulois-e-liquide\/\"><strong>Vaping in Paris Gaulois<\/strong><\/a> aber brauchen Sie einen kleinen Nikotinschub, ohne auf den Geschmack zu verzichten? Suchen Sie nicht weiter, der <strong>Vaping in Paris Booster Flavor Gaulois 20 mg<\/strong> ist da, um Ihnen den Tag zu retten! Mit diesem aromatisierten Nikotinbooster k\u00f6nnen Sie den Nikotingehalt Ihres <strong>Lieblings-E-Liquids<\/strong> erh\u00f6hen, ohne dabei an Geschmack einzub\u00fc\u00dfen. Ja, Sie haben richtig geh\u00f6rt: Keine Kompromisse mehr!   <\/p>\n<h3><strong>Die Seele des Galliers in einem Atemzug!<\/strong><\/h3>\n<p>Der <strong>Booster Flavor Gaulois<\/strong> f\u00e4ngt die Essenz des weichen, neutralen und raffinierten <strong>hellen Tabaks<\/strong> ein, der direkt aus den l\u00e4ndlichen Gebieten der alten Zeit stammt (oder fast!). Ein Rezept auf 100% pflanzlicher Basis mit einer <strong>Nikotinkonzentration von 20 mg\/ml<\/strong>, perfekt f\u00fcr Liebhaber authentischer Aromen. <\/p>\n<h3>Das kleine Plus?<\/h3>\n<p>Wenn Sie ein Fan von <a href=\"https:\/\/vapotheque.ch\/boutique\/vaping-in-paris-gaulois-e-liquide\/\"><strong>Vaping in Paris Gaulois&#8221; sind.<\/strong><\/a> in 20 mg\/ml, warum dampfen Sie dann nicht diesen <strong>Vaping in Paris Booster Flavor Gaulois 20 mg<\/strong> wie ein fertiges E-Liquid? Ja, ja, das ist m\u00f6glich! <\/p>\n<p>&nbsp;<\/p>\n<p>Ob Sie Ihre gro\u00dfen Formate <strong>boosten<\/strong> oder direkt dampfen, der <strong>Booster Flavor Gaulois<\/strong> bietet Ihnen das ultimative Erlebnis ohne Kompromisse.<\/p>\n<p>&nbsp;<\/p>\n<p><strong><span style=\"vertical-align: inherit;\">Wichtig<\/span><\/strong><span style=\"vertical-align: inherit;\"> E-Liquid bereits nikotinisiert, verkauft in einer 10 ml Flasche.<\/span><\/p>\n<p class=\"class-fabrication\"><span style=\"vertical-align: inherit;\">Hergestellt in Frankreich; Verh\u00e4ltnis MPGV\/GV: 50 % \/ 50 %. Passt sich an jede Art von Material an.<\/span><\/p>\n<p>&nbsp;<\/p>\n<p><span style=\"vertical-align: inherit;\">Entdecken Sie weitere Produkte der Marke <\/span><a href=\"\/marque\/vaping-in-paris\"><span style=\"vertical-align: inherit;\">Vaping in Paris<\/span><\/a><span style=\"vertical-align: inherit;\"> .<\/span><\/p>\n<p><span style=\"vertical-align: inherit;\">Erhalten Sie Rabatte oder die neuesten Informationen \u00fcber unsere Produkte, indem Sie uns in unseren sozialen Netzwerken folgen: <\/span><a href=\"https:\/\/www.facebook.com\/VapeAigleCH\" target=\"_blank\" rel=\"noopener\"><span style=\"vertical-align: inherit;\">Facebook<\/span><\/a><span style=\"vertical-align: inherit;\"> oder <\/span><a href=\"https:\/\/www.instagram.com\/vapotheque\" target=\"_blank\" rel=\"noopener\"><span style=\"vertical-align: inherit;\">Instagram<\/span><\/a><span style=\"vertical-align: inherit;\"> .<\/span><\/p>\n","protected":false},"excerpt":{"rendered":"<p>Um die au\u00dfergew\u00f6hnlichen Aromen des <strong><a href=\"https:\/\/vapotheque.ch\/boutique\/vaping-in-paris-gaulois-e-liquide\/\">Vaping in Paris Gaulois zu genie\u00dfen.<\/a><\/strong> im gro\u00dfen <strong>Nikotinformat<\/strong> und ohne Geschmacksverlust zu genie\u00dfen, verwenden Sie einen aromatisierten <strong>Nikotinbooster<\/strong>.<\/p>\n<ul>\n<li>Aromatisierter Booster Gallier<\/li>\n<li>Verpackung: 10ml<\/li>\n<li>Nikotingehalt: 20 mg\/ml<\/li>\n<\/ul>\n","protected":false},"featured_media":35757,"template":"","meta":{"_acf_changed":false},"product_cat":[15],"product_tag":[],"class_list":{"0":"post-37556","1":"product","2":"type-product","3":"status-publish","4":"has-post-thumbnail","6":"product_cat-non-classe","8":"first","9":"instock","10":"taxable","11":"shipping-taxable","12":"purchasable","13":"product-type-simple"},"acf":[],"jetpack_sharing_enabled":true,"_links":{"self":[{"href":"https:\/\/vapotheque.ch\/de\/wp-json\/wp\/v2\/product\/37556","targetHints":{"allow":["GET"]}}],"collection":[{"href":"https:\/\/vapotheque.ch\/de\/wp-json\/wp\/v2\/product"}],"about":[{"href":"https:\/\/vapotheque.ch\/de\/wp-json\/wp\/v2\/types\/product"}],"wp:featuredmedia":[{"embeddable":true,"href":"https:\/\/vapotheque.ch\/de\/wp-json\/wp\/v2\/media\/35757"}],"wp:attachment":[{"href":"https:\/\/vapotheque.ch\/de\/wp-json\/wp\/v2\/media?parent=37556"}],"wp:term":[{"taxonomy":"product_cat","embeddable":true,"href":"https:\/\/vapotheque.ch\/de\/wp-json\/wp\/v2\/product_cat?post=37556"},{"taxonomy":"product_tag","embeddable":true,"href":"https:\/\/vapotheque.ch\/de\/wp-json\/wp\/v2\/product_tag?post=37556"}],"curies":[{"name":"wp","href":"https:\/\/api.w.org\/{rel}","templated":true}]}}