{"id":37552,"date":"2024-10-14T18:32:18","date_gmt":"2024-10-14T16:32:18","guid":{"rendered":"https:\/\/vapotheque.ch\/boutique\/vaping-in-paris-silver-fox-dragon-passion-10-ml-e-liquid\/"},"modified":"2024-10-14T18:32:18","modified_gmt":"2024-10-14T16:32:18","slug":"vaping-in-paris-silver-fox-dragon-passion-10-ml-e-liquid","status":"publish","type":"product","link":"https:\/\/vapotheque.ch\/de\/shop\/vaping-in-paris-silver-fox-dragon-passion-10-ml-e-liquid\/","title":{"rendered":"Vaping In Paris &#8211; Silver Fox &#8211; Dragon Passion 10 ML E-Liquid"},"content":{"rendered":"<h2><strong>Vaping In Paris Silver Fox &#8211; Dragon Passion 10 ML E-Liquid :<\/strong> Der exotische Mix des Jahres!<\/h2>\n<p><strong>Begeben Sie sich auf eine tropische Reise mit dem Vaping In Paris Silver Fox &#8211; Dragon Passion 10 ML E-Liquid!<\/strong>  \ud83c\udf34\ud83c\udf4d\ud83e\udd6d\u2728 Stellen Sie sich einen explosiven Cocktail vor, in dem sich Drachenfrucht, Passionsfrucht, saftige Mango und s\u00fc\u00dfe Ananas in einem bet\u00f6renden Tanz treffen, alles eisgek\u00fchlt f\u00fcr das ultimative Frischegef\u00fchl! Mit dieser E-Fl\u00fcssigkeit ist es, als ob jeder Zug Sie direkt an einen paradiesischen Strand bringen w\u00fcrde, w\u00e4hrend der Meereswind sanft \u00fcber Ihr Gesicht weht. \ud83c\udf0a Vaping In Paris macht keine Witze, wenn es um Aromen geht! Jeder Tropfen dieser tropischen Mischung verspricht eine Flucht aus dem Alltag. Hergestellt mit nat\u00fcrlichen Aromen, die speziell f\u00fcr das Dampfen entwickelt wurden, bietet Ihnen <strong>Vaping In Paris Silver Fox &#8211; Dragon Passion 10 ML E-Liquid<\/strong> ein reines Geschmackserlebnis, bei dem Qualit\u00e4t auf Innovation trifft. Sie werden in diesem k\u00f6stlichen Gebr\u00e4u keine Koolada oder S\u00fc\u00dfstoffe finden, sondern nur authentische Aromen, die im Mund explodieren! \ud83c\udf89 Dieses in Frankreich sorgf\u00e4ltig entwickelte E-Liquid basiert auf einer 100% pflanzlichen Basis, die einen reichhaltigen und angenehmen Dampf garantiert und gleichzeitig Ihr Wohlbefinden bewahrt. Jede Inhalation wird Sie mit seinem intensiven Geschmack begeistern, ohne Kompromisse bei der Qualit\u00e4t einzugehen.<\/p>\n<p><strong>Warum sollten Sie sich f\u00fcr die Vaping In Paris Silver Fox &#8211; Dragon Passion 10 ML E-Liquid entscheiden?<\/strong>  Weil er einer der Sch\u00e4tze der Silver Fox Serie ist, die entwickelt wurde, um den Geschmack von Einweg-Puffs perfekt zu reproduzieren. Die Magie wirkt mit jedem Zug: eine Explosion von tropischen Fr\u00fcchten, die mit einer erfrischenden Note endet, die perfekt ist, um Ihren Durst zu stillen. <\/p>\n<p>Also, sind Sie bereit, in dieses fruchtige Abenteuer einzutauchen? Die <strong>Vaping In Paris Silver Fox &#8211; Dragon Passion 10 ML E-Liquid<\/strong> erwartet Sie zu einem tropischen Fest, das nur darauf wartet, von Ihnen entdeckt zu werden! \ud83e\udd73\ud83c\udf79\u2728  <\/p>\n<p>&nbsp;<\/p>\n<p><strong><span style=\"vertical-align: inherit;\">Wichtig<\/span><\/strong><span style=\"vertical-align: inherit;\"> E-Liquid bereits nikotinisiert, verkauft in einer 10 ml Flasche.<\/span><\/p>\n<p class=\"class-fabrication\"><span style=\"vertical-align: inherit;\">Hergestellt in Frankreich; Verh\u00e4ltnis MPGV\/GV: 50 % \/ 50 %. Passt sich an jede Art von Material an.<\/span><\/p>\n<p>&nbsp;<\/p>\n<p><span style=\"vertical-align: inherit;\">Entdecken Sie weitere Produkte der Marke <\/span><a href=\"\/marque\/vaping-in-paris\"><span style=\"vertical-align: inherit;\">Vaping in Paris<\/span><\/a><span style=\"vertical-align: inherit;\"> .<\/span><\/p>\n<p><span style=\"vertical-align: inherit;\">Erhalten Sie Rabatte oder die neuesten Informationen \u00fcber unsere Produkte, indem Sie uns in unseren sozialen Netzwerken folgen: <\/span><a href=\"https:\/\/www.facebook.com\/VapeAigleCH\" target=\"_blank\" rel=\"noopener\"><span style=\"vertical-align: inherit;\">Facebook<\/span><\/a><span style=\"vertical-align: inherit;\"> oder <\/span><a href=\"https:\/\/www.instagram.com\/vapotheque\" target=\"_blank\" rel=\"noopener\"><span style=\"vertical-align: inherit;\">Instagram<\/span><\/a><span style=\"vertical-align: inherit;\"> .<\/span><\/p>\n","protected":false},"excerpt":{"rendered":"<p>Vaping In Paris Silver Fox &#8211; Dragon Passion 10 ML E-Liquid : Der exotische Mix des Jahres! Begeben Sie sich auf eine tropische Reise mit dem Vaping In Paris Silver Fox &#8211; Dragon Passion 10 ML E-Liquid! \ud83c\udf34\ud83c\udf4d\ud83e\udd6d\u2728 Stellen Sie sich einen explosiven Cocktail vor, in dem sich Drachenfrucht, Passionsfrucht, saftige Mango und s\u00fc\u00dfe Ananas [&hellip;]<\/p>\n","protected":false},"featured_media":41673,"template":"","meta":{"_acf_changed":false},"product_cat":[405,404,442,408,1629,1716],"product_tag":[],"class_list":{"0":"post-37552","1":"product","2":"type-product","3":"status-publish","4":"has-post-thumbnail","6":"product_brand-vaping-in-paris-de","7":"product_cat-e-liquids","8":"product_cat-fruchtig","9":"product_cat-hervorgehobene-produkte","10":"product_cat-lieferbar-innerhalb-von-24-stunden-de","11":"product_cat-10-ml-mit-nikotin","12":"product_cat-10ml-790-de","14":"first","15":"instock","16":"taxable","17":"shipping-taxable","18":"purchasable","19":"product-type-variable"},"acf":[],"jetpack_sharing_enabled":true,"_links":{"self":[{"href":"https:\/\/vapotheque.ch\/de\/wp-json\/wp\/v2\/product\/37552","targetHints":{"allow":["GET"]}}],"collection":[{"href":"https:\/\/vapotheque.ch\/de\/wp-json\/wp\/v2\/product"}],"about":[{"href":"https:\/\/vapotheque.ch\/de\/wp-json\/wp\/v2\/types\/product"}],"wp:featuredmedia":[{"embeddable":true,"href":"https:\/\/vapotheque.ch\/de\/wp-json\/wp\/v2\/media\/41673"}],"wp:attachment":[{"href":"https:\/\/vapotheque.ch\/de\/wp-json\/wp\/v2\/media?parent=37552"}],"wp:term":[{"taxonomy":"product_cat","embeddable":true,"href":"https:\/\/vapotheque.ch\/de\/wp-json\/wp\/v2\/product_cat?post=37552"},{"taxonomy":"product_tag","embeddable":true,"href":"https:\/\/vapotheque.ch\/de\/wp-json\/wp\/v2\/product_tag?post=37552"}],"curies":[{"name":"wp","href":"https:\/\/api.w.org\/{rel}","templated":true}]}}