{"id":37548,"date":"2024-10-14T18:01:06","date_gmt":"2024-10-14T16:01:06","guid":{"rendered":"https:\/\/vapotheque.ch\/boutique\/vaping-in-paris-silver-fox-mango-10-ml-e-liquid\/"},"modified":"2024-10-14T18:01:06","modified_gmt":"2024-10-14T16:01:06","slug":"vaping-in-paris-silver-fox-mango-10-ml-e-liquid","status":"publish","type":"product","link":"https:\/\/vapotheque.ch\/de\/shop\/vaping-in-paris-silver-fox-mango-10-ml-e-liquid\/","title":{"rendered":"Vaping In Paris &#8211; Silver Fox &#8211; Mango 10 ML E-Liquid"},"content":{"rendered":"<h2><strong>Vaping In Paris Silver Fox &#8211; Mango 10 ML E-Liquid<\/strong>: ein tropisches Paradies!<\/h2>\n<p>Vaping In Paris l\u00e4dt Sie in ein tropisches Paradies mit seinem  <strong>Vaping In Paris Silver Fox &#8211; Mango 10 ML E-Liquid!<\/strong>  \ud83e\udd6d\u2744\ufe0f Machen Sie sich bereit f\u00fcr eine sensorische Reise in das Herz der Tropen, wo die Sonne scheint und saftige Fr\u00fcchte vor Aromen strotzen. <strong>Vaping In Paris<\/strong>, direkt aus Frankreich, bietet Ihnen eine explosive Mischung, die alle Liebhaber von fruchtigen Liquids mit einem unwiderstehlichen Hauch von Frische verf\u00fchren wird. Mit seinem authentischen Geschmack nach frisch gepfl\u00fcckter Mango wird Sie dieses Liquid auf eine Reise in die Palmenwelt mitnehmen. Jeder Zug ist eine s\u00fc\u00dfe Liebkosung, die an Sommerferien erinnert, ohne den Hauch von eisiger Frische zu vergessen, der Sie vor Vergn\u00fcgen erschauern l\u00e4sst! \ud83c\udf34\u2728<strong>Vaping In Paris Silver Fox &#8211; Mango 10 ML E-Liquid<\/strong> wurde mit hochwertigen nat\u00fcrlichen Aromen hergestellt und wurde speziell f\u00fcr das Dampfen entwickelt, ohne Koolada oder \u00fcberfl\u00fcssige S\u00fc\u00dfstoffe. Sie k\u00f6nnen also diese Erfahrung ohne Kompromisse genie\u00dfen und wissen, dass Ihr E-Liquid auf einer 100% pflanzlichen Basis hergestellt wird. Sind Sie also bereit, sich von diesem <strong>Mango-Eis<\/strong> mitrei\u00dfen zu lassen? Lassen Sie sich verf\u00fchren und genie\u00dfen Sie jeden Zug, als ob Sie an einem sonnigen Strand w\u00e4ren! \ud83e\udd6d\u2728<\/p>\n<p>&nbsp;<\/p>\n<p><strong><span style=\"vertical-align: inherit;\">Wichtig<\/span><\/strong><span style=\"vertical-align: inherit;\"> E-Liquid bereits nikotinisiert, verkauft in einer 10 ml Flasche.<\/span><\/p>\n<p class=\"class-fabrication\"><span style=\"vertical-align: inherit;\">Hergestellt in Frankreich; Verh\u00e4ltnis MPGV\/GV: 50 % \/ 50 %. Passt sich an jede Art von Material an.<\/span><\/p>\n<p>&nbsp;<\/p>\n<p><span style=\"vertical-align: inherit;\">Entdecken Sie weitere Produkte der Marke <\/span><a href=\"\/marque\/vaping-in-paris\"><span style=\"vertical-align: inherit;\">Vaping in Paris<\/span><\/a><span style=\"vertical-align: inherit;\"> .<\/span><\/p>\n<p><span style=\"vertical-align: inherit;\">Erhalten Sie Rabatte oder die neuesten Informationen \u00fcber unsere Produkte, indem Sie uns in unseren sozialen Netzwerken folgen: <\/span><a href=\"https:\/\/www.facebook.com\/VapeAigleCH\" target=\"_blank\" rel=\"noopener\"><span style=\"vertical-align: inherit;\">Facebook<\/span><\/a><span style=\"vertical-align: inherit;\"> oder <\/span><a href=\"https:\/\/www.instagram.com\/vapotheque\" target=\"_blank\" rel=\"noopener\"><span style=\"vertical-align: inherit;\">Instagram<\/span><\/a><span style=\"vertical-align: inherit;\"> .<\/span><\/p>\n","protected":false},"excerpt":{"rendered":"<p>Vaping In Paris Silver Fox &#8211; Mango 10 ML E-Liquid: ein tropisches Paradies! Vaping In Paris l\u00e4dt Sie in ein tropisches Paradies mit seinem Vaping In Paris Silver Fox &#8211; Mango 10 ML E-Liquid! \ud83e\udd6d\u2744\ufe0f Machen Sie sich bereit f\u00fcr eine sensorische Reise in das Herz der Tropen, wo die Sonne scheint und saftige Fr\u00fcchte [&hellip;]<\/p>\n","protected":false},"featured_media":41504,"template":"","meta":{"_acf_changed":false},"product_cat":[405,404,442,408,1629,1716],"product_tag":[],"class_list":{"0":"post-37548","1":"product","2":"type-product","3":"status-publish","4":"has-post-thumbnail","6":"product_brand-vaping-in-paris-de","7":"product_cat-e-liquids","8":"product_cat-fruchtig","9":"product_cat-hervorgehobene-produkte","10":"product_cat-lieferbar-innerhalb-von-24-stunden-de","11":"product_cat-10-ml-mit-nikotin","12":"product_cat-10ml-790-de","14":"first","15":"instock","16":"taxable","17":"shipping-taxable","18":"purchasable","19":"product-type-variable"},"acf":[],"jetpack_sharing_enabled":true,"_links":{"self":[{"href":"https:\/\/vapotheque.ch\/de\/wp-json\/wp\/v2\/product\/37548","targetHints":{"allow":["GET"]}}],"collection":[{"href":"https:\/\/vapotheque.ch\/de\/wp-json\/wp\/v2\/product"}],"about":[{"href":"https:\/\/vapotheque.ch\/de\/wp-json\/wp\/v2\/types\/product"}],"wp:featuredmedia":[{"embeddable":true,"href":"https:\/\/vapotheque.ch\/de\/wp-json\/wp\/v2\/media\/41504"}],"wp:attachment":[{"href":"https:\/\/vapotheque.ch\/de\/wp-json\/wp\/v2\/media?parent=37548"}],"wp:term":[{"taxonomy":"product_cat","embeddable":true,"href":"https:\/\/vapotheque.ch\/de\/wp-json\/wp\/v2\/product_cat?post=37548"},{"taxonomy":"product_tag","embeddable":true,"href":"https:\/\/vapotheque.ch\/de\/wp-json\/wp\/v2\/product_tag?post=37548"}],"curies":[{"name":"wp","href":"https:\/\/api.w.org\/{rel}","templated":true}]}}