{"id":37544,"date":"2024-10-14T17:45:55","date_gmt":"2024-10-14T15:45:55","guid":{"rendered":"https:\/\/vapotheque.ch\/boutique\/vaping-in-paris-silver-fox-apfel-10-ml-e-liquid\/"},"modified":"2024-10-14T17:45:55","modified_gmt":"2024-10-14T15:45:55","slug":"vaping-in-paris-silver-fox-apfel-10-ml-e-liquid","status":"publish","type":"product","link":"https:\/\/vapotheque.ch\/de\/shop\/vaping-in-paris-silver-fox-apfel-10-ml-e-liquid\/","title":{"rendered":"Vaping In Paris &#8211; Silver Fox &#8211; Apfel 10 ML E-Liquid"},"content":{"rendered":"<h2><strong>Vaping In Paris Silver Fox &#8211; Apple 10 ML E-Liquid<\/strong>: der knackige Geschmack eines gr\u00fcnen Apfels!<\/h2>\n<p>Lassen Sie sich mit dem <strong>Vaping In Paris Silver Fox &#8211; Apfel 10 ML E-Liquid<\/strong>, dem neuesten fruchtigen Juwel der Marke, <strong>in<\/strong> einen Strudel der Frische entf\u00fchren! \ud83c\udf4f\u2744\ufe0f Stellen Sie sich einen gr\u00fcnen Apfel vor, knackig und saftig, direkt aus einem Obstgarten mit Morgentau, umh\u00fcllt von einem eisigen Hauch, der Ihre Geschmacksknospen bei jeder Inhalation kribbeln l\u00e4sst. Dieses Liquid ist nicht nur ein Geschmack, es ist eine erfrischende Flucht aus dem Alltag, die Sie an Ihre geliebten Einweg-Puffs erinnern wird&#8230; aber mit einem Hauch von <strong>Vaping In Paris-Qualit\u00e4t<\/strong>, made in France! <strong>Silver Fox<\/strong> ist hervorragend darin, die Essenz von Fr\u00fcchten <strong>in<\/strong> ihren intensivsten Versionen einzufangen, und dieses <strong>Vaping In Paris Silver Fox &#8211; Apple 10 ML E-Liquid<\/strong> ist keine Ausnahme. Der nat\u00fcrliche Geschmack des Apfels wird perfekt bewahrt, ohne S\u00fc\u00dfstoffe oder unn\u00f6tige Zus\u00e4tze, nur purer Fruchtgenuss. Diese Fl\u00fcssigkeit wurde auf einer 100% pflanzlichen Basis hergestellt und ist so rein wie das Vergn\u00fcgen, das sie Ihnen bereiten wird. Frisch, fruchtig, einfach&#8230; aber mit all den Auswirkungen, die Sie beim t\u00e4glichen Dampfen suchen. Also, sind Sie bereit, <strong>in<\/strong> einen gefrorenen Apfel zu bei\u00dfen mit <strong>Vaping In Paris Silver Fox &#8211; Apple 10 ML E-Liquid<\/strong>? <\/p>\n<p>&nbsp;<\/p>\n<p><strong><span style=\"vertical-align: inherit;\">Wichtig<\/span><\/strong><span style=\"vertical-align: inherit;\"> E-Liquid bereits nikotinisiert, verkauft in einer 10 ml Flasche.<\/span><\/p>\n<p class=\"class-fabrication\"><span style=\"vertical-align: inherit;\">Hergestellt in Frankreich; Verh\u00e4ltnis MPGV\/GV: 50 % \/ 50 %. Passt sich an jede Art von Material an.<\/span><\/p>\n<p>&nbsp;<\/p>\n<p><span style=\"vertical-align: inherit;\">Entdecken Sie weitere Produkte der Marke <\/span><a href=\"\/marque\/vaping-in-paris\"><span style=\"vertical-align: inherit;\">Vaping in Paris<\/span><\/a><span style=\"vertical-align: inherit;\"> .<\/span><\/p>\n<p><span style=\"vertical-align: inherit;\">Erhalten Sie Rabatte oder die neuesten Informationen \u00fcber unsere Produkte, indem Sie uns in unseren sozialen Netzwerken folgen: <\/span><a href=\"https:\/\/www.facebook.com\/VapeAigleCH\" target=\"_blank\" rel=\"noopener\"><span style=\"vertical-align: inherit;\">Facebook<\/span><\/a><span style=\"vertical-align: inherit;\"> oder <\/span><a href=\"https:\/\/www.instagram.com\/vapotheque\" target=\"_blank\" rel=\"noopener\"><span style=\"vertical-align: inherit;\">Instagram<\/span><\/a><span style=\"vertical-align: inherit;\"> .<\/span><\/p>\n","protected":false},"excerpt":{"rendered":"<p>Vaping In Paris Silver Fox &#8211; Apple 10 ML E-Liquid: der knackige Geschmack eines gr\u00fcnen Apfels! Lassen Sie sich mit dem Vaping In Paris Silver Fox &#8211; Apfel 10 ML E-Liquid, dem neuesten fruchtigen Juwel der Marke, in einen Strudel der Frische entf\u00fchren! \ud83c\udf4f\u2744\ufe0f Stellen Sie sich einen gr\u00fcnen Apfel vor, knackig und saftig, direkt [&hellip;]<\/p>\n","protected":false},"featured_media":35244,"template":"","meta":{"_acf_changed":false},"product_cat":[405,404,442,408,1629,1716],"product_tag":[],"class_list":{"0":"post-37544","1":"product","2":"type-product","3":"status-publish","4":"has-post-thumbnail","6":"product_brand-vaping-in-paris-de","7":"product_cat-e-liquids","8":"product_cat-fruchtig","9":"product_cat-hervorgehobene-produkte","10":"product_cat-lieferbar-innerhalb-von-24-stunden-de","11":"product_cat-10-ml-mit-nikotin","12":"product_cat-10ml-790-de","14":"first","15":"instock","16":"taxable","17":"shipping-taxable","18":"purchasable","19":"product-type-variable"},"acf":[],"jetpack_sharing_enabled":true,"_links":{"self":[{"href":"https:\/\/vapotheque.ch\/de\/wp-json\/wp\/v2\/product\/37544","targetHints":{"allow":["GET"]}}],"collection":[{"href":"https:\/\/vapotheque.ch\/de\/wp-json\/wp\/v2\/product"}],"about":[{"href":"https:\/\/vapotheque.ch\/de\/wp-json\/wp\/v2\/types\/product"}],"wp:featuredmedia":[{"embeddable":true,"href":"https:\/\/vapotheque.ch\/de\/wp-json\/wp\/v2\/media\/35244"}],"wp:attachment":[{"href":"https:\/\/vapotheque.ch\/de\/wp-json\/wp\/v2\/media?parent=37544"}],"wp:term":[{"taxonomy":"product_cat","embeddable":true,"href":"https:\/\/vapotheque.ch\/de\/wp-json\/wp\/v2\/product_cat?post=37544"},{"taxonomy":"product_tag","embeddable":true,"href":"https:\/\/vapotheque.ch\/de\/wp-json\/wp\/v2\/product_tag?post=37544"}],"curies":[{"name":"wp","href":"https:\/\/api.w.org\/{rel}","templated":true}]}}