{"id":37540,"date":"2024-10-12T15:12:03","date_gmt":"2024-10-12T13:12:03","guid":{"rendered":"https:\/\/vapotheque.ch\/boutique\/vaping-in-paris-cigarillo-e-liquid\/"},"modified":"2025-05-05T21:01:50","modified_gmt":"2025-05-05T19:01:50","slug":"vaping-in-paris-cigarillo-e-liquid","status":"publish","type":"product","link":"https:\/\/vapotheque.ch\/de\/shop\/vaping-in-paris-cigarillo-e-liquid\/","title":{"rendered":"Vaping In Paris &#8211; Zigarillo E-Liquid 50 ml \/ 75 ml"},"content":{"rendered":"<h2><strong>Vaping In Paris Cigarillo E-Liquid 50 ml \/ 75 ml: Eine exotische Reise f\u00fcr die Geschmacksknospen!<\/strong><\/h2>\n<p><strong>Vaping In Paris pr\u00e4sentiert Ihnen die e-Liquids Cigarillo &#8211; Die Essenz der Raffinesse!<\/strong><\/p>\n<p>Mit <strong>Vaping In Paris<\/strong> sind Eleganz und Qualit\u00e4t immer dabei. Ihre neue Kreation, das <strong>Vaping In Paris Cigarillo E-Liquid 50 ml \/ 75 ml<\/strong>, ist da keine Ausnahme! Hergestellt aus nat\u00fcrlichen Aromen, die speziell f\u00fcr das Verdampfen entwickelt wurden, l\u00e4dt Sie dieses E-Liquid ein, die ganze Feinheit eines traditionellen Zigarillos zu entdecken, sublimiert durch authentische Aromen aus Indonesien und der Karibik.  <\/p>\n<p>Der <strong>Cigarillo<\/strong> bietet ein reichhaltiges und nat\u00fcrliches Aroma, perfekt f\u00fcr diejenigen, die einen Vape mit starken Aromen suchen, ohne Kunstgriffe. Stellen Sie sich vor, Sie genie\u00dfen ein Zigarillo am Meer, unter Palmen, mit diesem exquisiten Hauch von Tabak, der Finesse und Authentizit\u00e4t hervorruft. Es ist ein Vape-Erlebnis, das sowohl robust als auch raffiniert ist!  <\/p>\n<p>Dieses E-Liquid wird auf 100% pflanzlicher Basis hergestellt, ohne Koolada oder S\u00fc\u00dfstoffe, f\u00fcr ein reines und nat\u00fcrliches Dampfen und respektiert somit die Ethik des <strong>Dampfens in Paris<\/strong>. Jeder Zug versetzt Sie in eine Welt, in der Qualit\u00e4t und Genuss aufeinandertreffen. <\/p>\n<p><strong>Willst du einen Vape mit Charakter? Das Vaping In Paris Cigarillo E-Liquid 50 ml \/ 75 ml wartet auf Sie! <\/strong><\/p>\n<p>Lust auf Nikotin? Keine Panik! Dieses <strong>E-Liquid ist in 0 mg<\/strong>, aber Sie k\u00f6nnen es nach Bedarf anpassen, indem Sie ein oder zwei <strong>Nikotinverst\u00e4rker<\/strong> hinzuf\u00fcgen, um die perfekte Rate zu erreichen.<\/p>\n<p><span style=\"vertical-align: inherit\">Hergestellt in Frankreich; MPGV\/GV-Dosierung: 50% \/ 50%. Passt sich jeder Art von Ausr\u00fcstung an. <\/span><\/p>\n<\/p>\n<p><span style=\"vertical-align: inherit\">Entdecken Sie weitere Produkte der Marke <\/span><a href=\"..\/..\/marque\/vaping-in-paris\"><span style=\"vertical-align: inherit\">Vaping in Paris<\/span><\/a><span style=\"vertical-align: inherit\"> .<\/span><\/p>\n<p><span style=\"vertical-align: inherit\">Erhalten Sie Rabatte oder die neuesten Informationen zu unseren Produkten, indem Sie uns in unseren sozialen Netzwerken folgen: <\/span><a href=\"https:\/\/www.facebook.com\/VapeAigleCH\" target=\"_blank\" rel=\"noopener\"><span style=\"vertical-align: inherit\">Facebook<\/span><\/a><span style=\"vertical-align: inherit\"> oder <\/span><a href=\"https:\/\/www.instagram.com\/vapotheque\/\" target=\"_blank\" rel=\"noopener\"><span style=\"vertical-align: inherit\">Instagram<\/span><\/a><span style=\"vertical-align: inherit\"> .<\/span><\/p>\n","protected":false},"excerpt":{"rendered":"<p>Vaping In Paris Cigarillo E-Liquid 50 ml \/ 75 ml: Eine exotische Reise f\u00fcr die Geschmacksknospen! Vaping In Paris pr\u00e4sentiert Ihnen die e-Liquids Cigarillo &#8211; Die Essenz der Raffinesse! Mit Vaping In Paris sind Eleganz und Qualit\u00e4t immer dabei. Ihre neue Kreation, das Vaping In Paris Cigarillo E-Liquid 50 ml \/ 75 ml, ist da [&hellip;]<\/p>\n","protected":false},"featured_media":35372,"template":"","meta":{"_acf_changed":false},"product_cat":[405,442,408,403,1686,1679],"product_tag":[],"class_list":{"0":"post-37540","1":"product","2":"type-product","3":"status-publish","4":"has-post-thumbnail","6":"product_brand-vaping-in-paris-de","7":"product_cat-e-liquids","8":"product_cat-hervorgehobene-produkte","9":"product_cat-lieferbar-innerhalb-von-24-stunden-de","10":"product_cat-tabak","11":"product_cat-50-ml-fur-70-ml","12":"product_cat-menge-e-flussigkeit-kapazitat-flasche","14":"first","15":"instock","16":"taxable","17":"shipping-taxable","18":"purchasable","19":"product-type-simple"},"acf":[],"jetpack_sharing_enabled":true,"_links":{"self":[{"href":"https:\/\/vapotheque.ch\/de\/wp-json\/wp\/v2\/product\/37540","targetHints":{"allow":["GET"]}}],"collection":[{"href":"https:\/\/vapotheque.ch\/de\/wp-json\/wp\/v2\/product"}],"about":[{"href":"https:\/\/vapotheque.ch\/de\/wp-json\/wp\/v2\/types\/product"}],"wp:featuredmedia":[{"embeddable":true,"href":"https:\/\/vapotheque.ch\/de\/wp-json\/wp\/v2\/media\/35372"}],"wp:attachment":[{"href":"https:\/\/vapotheque.ch\/de\/wp-json\/wp\/v2\/media?parent=37540"}],"wp:term":[{"taxonomy":"product_cat","embeddable":true,"href":"https:\/\/vapotheque.ch\/de\/wp-json\/wp\/v2\/product_cat?post=37540"},{"taxonomy":"product_tag","embeddable":true,"href":"https:\/\/vapotheque.ch\/de\/wp-json\/wp\/v2\/product_tag?post=37540"}],"curies":[{"name":"wp","href":"https:\/\/api.w.org\/{rel}","templated":true}]}}