{"id":37539,"date":"2024-10-14T13:45:55","date_gmt":"2024-10-14T11:45:55","guid":{"rendered":"https:\/\/vapotheque.ch\/boutique\/vaping-in-paris-silver-fox-dragon-passion-sels-10-ml-e-liquid\/"},"modified":"2024-10-14T13:45:55","modified_gmt":"2024-10-14T11:45:55","slug":"vaping-in-paris-silver-fox-dragon-passion-sels-10-ml-e-liquid","status":"publish","type":"product","link":"https:\/\/vapotheque.ch\/de\/shop\/vaping-in-paris-silver-fox-dragon-passion-sels-10-ml-e-liquid\/","title":{"rendered":"Vaping In Paris &#8211; Silver Fox &#8211; Dragon Passion SELS 10 ML E-Liquid"},"content":{"rendered":"<h2><strong>Vaping In Paris Silver Fox &#8211; Dragon Passion SELS 10 ML E-Liquid<\/strong>: ein exotisches Abenteuer in der Flasche!<\/h2>\n<p>Mit dem <strong>Vaping In Paris Silver Fox &#8211; Dragon Passion SELS 10 ML E-Liquid<\/strong> k\u00f6nnen Sie sich von diesem sonnigen Cocktail an einen tropischen Strand entf\u00fchren lassen. Die Inhalation beginnt mit einer sanften und s\u00fc\u00dfen Welle von Drachenfrucht und Passionsfrucht, die Sie mit ihren exotischen und duftenden Aromen verf\u00fchren werden. Bereiten Sie sich dann beim Ausatmen darauf vor, von saftiger Mango und saurer Ananas \u00fcberw\u00e4ltigt zu werden, f\u00fcr ein erfrischendes und unwiderstehliches Finale. Nikotinsalze sorgen f\u00fcr einen sanften Anschlag im Hals und eine schnelle Absorption, perfekt f\u00fcr diejenigen, die eine sofortige und lang anhaltende Befriedigung suchen. Der hohe Nikotingehalt erm\u00f6glicht ein entspanntes Dampfen und reduziert die H\u00e4ufigkeit der Z\u00fcge. Das <strong>Vaping In Paris Silver Fox &#8211; Dragon Passion SELS 10 ML E-Liquid<\/strong> wurde mit einer 100% pflanzlichen Basis und nat\u00fcrlichen Aromen entwickelt, ohne S\u00fc\u00dfstoffe oder Koolada. Sie k\u00f6nnen den ganzen Reichtum der Aromen ohne k\u00fcnstliche Zus\u00e4tze genie\u00dfen.  <\/p>\n<h3><strong>Tipps und Tricks f\u00fcr ein perfektes Dampfen<\/strong><\/h3>\n<p>Um alle exquisiten Aromen dieser fruchtigen Mischung zu erhalten und ein sanftes Dampfen zu gew\u00e4hrleisten, wird empfohlen, nicht mehr als 18 Watt und einen Widerstand von mindestens 1 Ohm zu verwenden. So k\u00f6nnen Sie die Vorteile der Nikotinsalze voll ausnutzen und jede fruchtige Nuance dieser K\u00f6stlichkeit genie\u00dfen. <\/p>\n<p>&nbsp;<\/p>\n<p>Die <strong>Vaping In Paris Silver Fox &#8211; Dragon Passion SELS 10 ML E-Liquid<\/strong>, ein perfekter tropischer Cocktail, der Sie den ganzen Tag \u00fcber begleitet!<\/p>\n<p>&nbsp;<\/p>\n<p><strong><span style=\"vertical-align: inherit;\">Wichtig<\/span><\/strong><span style=\"vertical-align: inherit;\"> E-Liquid bereits nikotinisiert, verkauft in einer 10 ml Flasche.<\/span><\/p>\n<p class=\"class-fabrication\"><span style=\"vertical-align: inherit;\">Hergestellt in Frankreich; Verh\u00e4ltnis MPGV\/GV: 50 % \/ 50 %. Passt sich an jede Art von Material an.<\/span><\/p>\n<p>&nbsp;<\/p>\n<p><span style=\"vertical-align: inherit;\">Entdecken Sie weitere Produkte der Marke <\/span><a href=\"\/marque\/vaping-in-paris\"><span style=\"vertical-align: inherit;\">Vaping in Paris<\/span><\/a><span style=\"vertical-align: inherit;\"> .<\/span><\/p>\n<p><span style=\"vertical-align: inherit;\">Erhalten Sie Rabatte oder die neuesten Informationen \u00fcber unsere Produkte, indem Sie uns in unseren sozialen Netzwerken folgen: <\/span><a href=\"https:\/\/www.facebook.com\/VapeAigleCH\" target=\"_blank\" rel=\"noopener\"><span style=\"vertical-align: inherit;\">Facebook<\/span><\/a><span style=\"vertical-align: inherit;\"> oder <\/span><a href=\"https:\/\/www.instagram.com\/vapotheque\" target=\"_blank\" rel=\"noopener\"><span style=\"vertical-align: inherit;\">Instagram<\/span><\/a><span style=\"vertical-align: inherit;\"> .<\/span><\/p>\n","protected":false},"excerpt":{"rendered":"<p>Vaping In Paris Silver Fox &#8211; Dragon Passion SELS 10 ML E-Liquid: ein exotisches Abenteuer in der Flasche! Mit dem Vaping In Paris Silver Fox &#8211; Dragon Passion SELS 10 ML E-Liquid k\u00f6nnen Sie sich von diesem sonnigen Cocktail an einen tropischen Strand entf\u00fchren lassen. Die Inhalation beginnt mit einer sanften und s\u00fc\u00dfen Welle von [&hellip;]<\/p>\n","protected":false},"featured_media":35715,"template":"","meta":{"_acf_changed":false},"product_cat":[405,404,442,408,1629,1716],"product_tag":[],"class_list":{"0":"post-37539","1":"product","2":"type-product","3":"status-publish","4":"has-post-thumbnail","6":"product_brand-vaping-in-paris-de","7":"product_cat-e-liquids","8":"product_cat-fruchtig","9":"product_cat-hervorgehobene-produkte","10":"product_cat-lieferbar-innerhalb-von-24-stunden-de","11":"product_cat-10-ml-mit-nikotin","12":"product_cat-10ml-790-de","14":"first","15":"instock","16":"taxable","17":"shipping-taxable","18":"purchasable","19":"product-type-variable"},"acf":[],"jetpack_sharing_enabled":true,"_links":{"self":[{"href":"https:\/\/vapotheque.ch\/de\/wp-json\/wp\/v2\/product\/37539","targetHints":{"allow":["GET"]}}],"collection":[{"href":"https:\/\/vapotheque.ch\/de\/wp-json\/wp\/v2\/product"}],"about":[{"href":"https:\/\/vapotheque.ch\/de\/wp-json\/wp\/v2\/types\/product"}],"wp:featuredmedia":[{"embeddable":true,"href":"https:\/\/vapotheque.ch\/de\/wp-json\/wp\/v2\/media\/35715"}],"wp:attachment":[{"href":"https:\/\/vapotheque.ch\/de\/wp-json\/wp\/v2\/media?parent=37539"}],"wp:term":[{"taxonomy":"product_cat","embeddable":true,"href":"https:\/\/vapotheque.ch\/de\/wp-json\/wp\/v2\/product_cat?post=37539"},{"taxonomy":"product_tag","embeddable":true,"href":"https:\/\/vapotheque.ch\/de\/wp-json\/wp\/v2\/product_tag?post=37539"}],"curies":[{"name":"wp","href":"https:\/\/api.w.org\/{rel}","templated":true}]}}