{"id":37535,"date":"2024-10-12T14:50:21","date_gmt":"2024-10-12T12:50:21","guid":{"rendered":"https:\/\/vapotheque.ch\/boutique\/vaping-in-paris-silver-fox-traube-e-liquid\/"},"modified":"2025-04-26T12:37:31","modified_gmt":"2025-04-26T10:37:31","slug":"vaping-in-paris-silver-fox-traube-e-liquid","status":"publish","type":"product","link":"https:\/\/vapotheque.ch\/de\/shop\/vaping-in-paris-silver-fox-traube-e-liquid\/","title":{"rendered":"Vaping In Paris &#8211; Silver Fox &#8211; Grape E-Fl\u00fcssigkeit 50 ml \/ 75 ml"},"content":{"rendered":"<h2><strong>Vaping In Paris Silver Fox &#8211; Grape E-Liquid 50 ml \/ 75 ml<\/strong> : eine frische Traube wie keine andere!<\/h2>\n<p>Machen Sie sich bereit f\u00fcr eine Lawine fruchtiger Frische mit dem <strong>Vaping In Paris Silver Fox &#8211; Raisin E-Liquid 50 ml \/ 75 ml<\/strong>, einem wahren Wirbelwind aus frostigen Aromen aus der <strong>Silver Fox-Reihe<\/strong> ! Dieses E-Liquid f\u00e4ngt die Essenz reifer, saftiger und s\u00fc\u00dfer Trauben ein, umh\u00fcllt von einer eisigen Brise, die Ihre Geschmacksknospen mit jedem Zug erfreuen wird.<\/p>\n<p><strong>Vaping In Paris<\/strong>, ein Meister in der Kunst der nat\u00fcrlichen Aromen, bietet Ihnen ein unvergleichlich fruchtiges und erfrischendes Erlebnis. Alle ihre E-Liquids sind mit 100% nat\u00fcrlichen Aromen ausgestattet, speziell f\u00fcr das Dampfen entwickelt und ohne Koolada oder S\u00fc\u00dfstoffe.  Ergebnis? Authentischer und purer Genuss bei jedem Zug!<\/p>\n<p>Mit dem <strong>Vaping In Paris Silver Fox &#8211; Grape E-Liquid 50 ml \/ 75 ml<\/strong>, erwarten Sie eine Explosion von fruchtiger S\u00fc\u00dfe, perfekt ausbalanciert durch eine subtile Frische. Egal, ob Sie ein Fan von Einweg-Puffs sind oder einfach nur ein E-Liquid mit einem unwiderstehlichen Traubenaroma suchen, dieses ist f\u00fcr Sie. <\/p>\n<p>Hergestellt in Frankreich, auf <strong>100% pflanzlicher Basis<\/strong>, garantiert Ihnen dieses Liquid einen Dampf, der Ihren Geschmack und den Planeten respektiert.<\/p>\n<p>Lust auf Nikotin? Keine Panik! Dieses <strong>E-Liquid ist in 0 mg<\/strong>, aber Sie k\u00f6nnen es nach Bedarf anpassen, indem Sie ein oder zwei <strong>Nikotinverst\u00e4rker<\/strong> hinzuf\u00fcgen, um die perfekte Rate zu erreichen.<\/p>\n<p>Komm schon, sollen wir dampfen?<\/p>\n<p><span style=\"vertical-align: inherit\">Hergestellt in Frankreich; MPGV\/GV-Dosierung: 50% \/ 50%. Passt sich jeder Art von Ausr\u00fcstung an. <\/span><\/p>\n<\/p>\n<p><span style=\"vertical-align: inherit\">Entdecken Sie weitere Produkte der Marke <\/span><a href=\"..\/..\/marque\/vaping-in-paris\"><span style=\"vertical-align: inherit\">Vaping in Paris<\/span><\/a><span style=\"vertical-align: inherit\"> .<\/span><\/p>\n<p><span style=\"vertical-align: inherit\">Erhalten Sie Rabatte oder die neuesten Informationen zu unseren Produkten, indem Sie uns in unseren sozialen Netzwerken folgen: <\/span><a href=\"https:\/\/www.facebook.com\/VapeAigleCH\" target=\"_blank\" rel=\"noopener\"><span style=\"vertical-align: inherit\">Facebook<\/span><\/a><span style=\"vertical-align: inherit\"> oder <\/span><a href=\"https:\/\/www.instagram.com\/vapotheque\/\" target=\"_blank\" rel=\"noopener\"><span style=\"vertical-align: inherit\">Instagram<\/span><\/a><span style=\"vertical-align: inherit\"> .<\/span><\/p>\n","protected":false},"excerpt":{"rendered":"<p>Vaping In Paris Silver Fox &#8211; Grape E-Liquid 50 ml \/ 75 ml : eine frische Traube wie keine andere! Machen Sie sich bereit f\u00fcr eine Lawine fruchtiger Frische mit dem Vaping In Paris Silver Fox &#8211; Raisin E-Liquid 50 ml \/ 75 ml, einem wahren Wirbelwind aus frostigen Aromen aus der Silver Fox-Reihe ! [&hellip;]<\/p>\n","protected":false},"featured_media":45587,"template":"","meta":{"_acf_changed":false},"product_cat":[405,404,442,408,1866,1686,1679],"product_tag":[],"class_list":{"0":"post-37535","1":"product","2":"type-product","3":"status-publish","4":"has-post-thumbnail","6":"product_brand-vaping-in-paris-de","7":"product_cat-e-liquids","8":"product_cat-fruchtig","9":"product_cat-hervorgehobene-produkte","10":"product_cat-lieferbar-innerhalb-von-24-stunden-de","11":"product_cat-silver-fox-50-ml-de","12":"product_cat-50-ml-fur-70-ml","13":"product_cat-menge-e-flussigkeit-kapazitat-flasche","15":"first","16":"instock","17":"taxable","18":"shipping-taxable","19":"purchasable","20":"product-type-simple"},"acf":[],"jetpack_sharing_enabled":true,"_links":{"self":[{"href":"https:\/\/vapotheque.ch\/de\/wp-json\/wp\/v2\/product\/37535","targetHints":{"allow":["GET"]}}],"collection":[{"href":"https:\/\/vapotheque.ch\/de\/wp-json\/wp\/v2\/product"}],"about":[{"href":"https:\/\/vapotheque.ch\/de\/wp-json\/wp\/v2\/types\/product"}],"wp:featuredmedia":[{"embeddable":true,"href":"https:\/\/vapotheque.ch\/de\/wp-json\/wp\/v2\/media\/45587"}],"wp:attachment":[{"href":"https:\/\/vapotheque.ch\/de\/wp-json\/wp\/v2\/media?parent=37535"}],"wp:term":[{"taxonomy":"product_cat","embeddable":true,"href":"https:\/\/vapotheque.ch\/de\/wp-json\/wp\/v2\/product_cat?post=37535"},{"taxonomy":"product_tag","embeddable":true,"href":"https:\/\/vapotheque.ch\/de\/wp-json\/wp\/v2\/product_tag?post=37535"}],"curies":[{"name":"wp","href":"https:\/\/api.w.org\/{rel}","templated":true}]}}