{"id":37534,"date":"2024-10-14T11:42:06","date_gmt":"2024-10-14T09:42:06","guid":{"rendered":"https:\/\/vapotheque.ch\/boutique\/vaping-in-paris-silver-fox-erdbeer-banane-e-liquid\/"},"modified":"2025-04-26T12:37:27","modified_gmt":"2025-04-26T10:37:27","slug":"vaping-in-paris-silver-fox-erdbeer-banane-e-liquid","status":"publish","type":"product","link":"https:\/\/vapotheque.ch\/de\/shop\/vaping-in-paris-silver-fox-erdbeer-banane-e-liquid\/","title":{"rendered":"Vaping In Paris &#8211; Silver Fox &#8211; Erdbeer Banane E-Fl\u00fcssigkeit 50 ml \/ 75 ml"},"content":{"rendered":"<h2><strong>Vaping In Paris Silver Fox &#8211; Strawberry Banana E-Liquid 50 ml \/ 75 ml<\/strong> : der beste Smoothie\u2744\ufe0f<\/h2>\n<p>Machen Sie sich bereit f\u00fcr eine eisig-fruchtige Explosion, die Ihre Geschmacksknospen ersch\u00fcttern wird! <strong>Vaping In Paris<\/strong> l\u00e4dt Sie ein, sein k\u00f6stliches und frostiges Rezept zu entdecken: das <strong>Vaping In Paris Silver Fox &#8211; Strawberry Banana E-Liquid 50 ml \/ 75 ml<\/strong>. Magst du Einweg-Puffs? Sie werden dieses E-Liquid lieben, das die ganze Frische und Intensit\u00e4t einf\u00e4ngt.  <\/p>\n<p>\ufe0f <strong>Ein fruchtiger und eisiger Wirbelwind<\/strong><br \/>Stellen Sie sich die s\u00fc\u00dfe S\u00fc\u00dfe reifer <strong>Erdbeeren<\/strong> vor, die sich mit <strong>cremiger Banane<\/strong> vermischen, gekr\u00f6nt von einem Hauch <strong>eisiger Frische<\/strong>. Es ist, als w\u00fcrde man einen fruchtigen Smoothie an einem Eisstrand genie\u00dfen \u2013 perfekt f\u00fcr alle, die auf der Suche nach einem erfrischenden und fruchtigen Dampf sind! <\/p>\n<p><strong>Rein und nat\u00fcrlich<\/strong><br \/>Getreu seinem Engagement stellt <strong>Vaping In Paris<\/strong> seine E-Liquids mit <strong>100% nat\u00fcrlichen Aromen<\/strong> und pflanzlicher <strong>Basis<\/strong> her. Keine S\u00fc\u00dfstoffe, keine Coolada, nur der gute Geschmack der Fr\u00fcchte, der durch eine nat\u00fcrliche Frische verst\u00e4rkt wird. Jeder Zug ist eine echte Einladung, authentische Aromen zu genie\u00dfen und dabei leicht und erfrischend zu bleiben.  <\/p>\n<p><strong>Silver Fox \u2013 Die Kunst des Einweg-Vapes in der Premium-Version<\/strong><br \/>Die <strong>Silver Fox-Serie<\/strong> bildet das Gef\u00fchl von Einweg-Puffs perfekt nach, aber in einer umweltfreundlichen und schmackhaften Version. Wenn Du Z\u00fcge mochtest, wirst Du Dich in dieses haltbarere Format verlieben, mit der gleichen fruchtigen Intensit\u00e4t, die Dich mit jedem Zug verzaubert. <\/p>\n<p>\u26a1 <strong>50 PG Gem\u00fcse \/ 50 VG<\/strong><br \/>Mit seinem perfekt ausbalancierten Verh\u00e4ltnis <strong>garantiert Ihnen Strawberry Banana Glazed<\/strong> einen dichten und gro\u00dfz\u00fcgigen Dampf, w\u00e4hrend die Kraft der Aromen erhalten bleibt. Und was ist mit diesem s\u00fc\u00dfen, aber befriedigenden Halszug, perfekt f\u00fcr einen t\u00e4glichen Dampf! <\/p>\n<p>\u2744\ufe0f <strong>Ein gefrosteter Smoothie in einer Flasche<\/strong><br \/>Auf der Suche nach Frische und Weichheit zugleich? Dieses E-Liquid liefert die perfekte Kombination. Du musst dich nicht zwischen Obst und Frische entscheiden \u2013 Strawberry Banana Glazed bietet Dir beides in einem Vape.  <\/p>\n<\/p>\n<p>Lust auf Nikotin? Keine Panik! Dieses <strong>E-Liquid ist in 0 mg<\/strong>, aber Sie k\u00f6nnen es nach Bedarf anpassen, indem Sie ein oder zwei <strong>Nikotinverst\u00e4rker<\/strong> hinzuf\u00fcgen, um die perfekte Rate zu erreichen.<\/p>\n<p>Also, sind Sie bereit, die k\u00f6stliche <strong>Vaping In Paris Silver Fox &#8211; Strawberry Banana E-Liquid 50ml \/ 75ml<\/strong> Mischung zu Ihrem t\u00e4glichen Vape-Begleiter werden zu lassen?<\/p>\n<\/p>\n<p><span style=\"vertical-align: inherit\">Hergestellt in Frankreich; MPGV\/GV-Dosierung: 50% \/ 50%. Passt sich jeder Art von Ausr\u00fcstung an. <\/span><\/p>\n<\/p>\n<p><span style=\"vertical-align: inherit\">Entdecken Sie weitere Produkte der Marke <\/span><a href=\"..\/..\/marque\/vaping-in-paris\"><span style=\"vertical-align: inherit\">Vaping in Paris<\/span><\/a><span style=\"vertical-align: inherit\"> .<\/span><\/p>\n<p><span style=\"vertical-align: inherit\">Erhalten Sie Rabatte oder die neuesten Informationen zu unseren Produkten, indem Sie uns in unseren sozialen Netzwerken folgen: <\/span><a href=\"https:\/\/www.facebook.com\/VapeAigleCH\" target=\"_blank\" rel=\"noopener\"><span style=\"vertical-align: inherit\">Facebook<\/span><\/a><span style=\"vertical-align: inherit\"> oder <\/span><a href=\"https:\/\/www.instagram.com\/vapotheque\" target=\"_blank\" rel=\"noopener\"><span style=\"vertical-align: inherit\">Instagram<\/span><\/a><span style=\"vertical-align: inherit\"> .<\/span><\/p>\n","protected":false},"excerpt":{"rendered":"<p>Vaping In Paris Silver Fox &#8211; Strawberry Banana E-Liquid 50 ml \/ 75 ml : der beste Smoothie\u2744\ufe0f Machen Sie sich bereit f\u00fcr eine eisig-fruchtige Explosion, die Ihre Geschmacksknospen ersch\u00fcttern wird! Vaping In Paris l\u00e4dt Sie ein, sein k\u00f6stliches und frostiges Rezept zu entdecken: das Vaping In Paris Silver Fox &#8211; Strawberry Banana E-Liquid 50 [&hellip;]<\/p>\n","protected":false},"featured_media":35541,"template":"","meta":{"_acf_changed":false},"product_cat":[405,404,442,408,1866,1686,1679],"product_tag":[],"class_list":{"0":"post-37534","1":"product","2":"type-product","3":"status-publish","4":"has-post-thumbnail","6":"product_brand-vaping-in-paris-de","7":"product_cat-e-liquids","8":"product_cat-fruchtig","9":"product_cat-hervorgehobene-produkte","10":"product_cat-lieferbar-innerhalb-von-24-stunden-de","11":"product_cat-silver-fox-50-ml-de","12":"product_cat-50-ml-fur-70-ml","13":"product_cat-menge-e-flussigkeit-kapazitat-flasche","15":"first","16":"instock","17":"taxable","18":"shipping-taxable","19":"purchasable","20":"product-type-simple"},"acf":[],"jetpack_sharing_enabled":true,"_links":{"self":[{"href":"https:\/\/vapotheque.ch\/de\/wp-json\/wp\/v2\/product\/37534","targetHints":{"allow":["GET"]}}],"collection":[{"href":"https:\/\/vapotheque.ch\/de\/wp-json\/wp\/v2\/product"}],"about":[{"href":"https:\/\/vapotheque.ch\/de\/wp-json\/wp\/v2\/types\/product"}],"wp:featuredmedia":[{"embeddable":true,"href":"https:\/\/vapotheque.ch\/de\/wp-json\/wp\/v2\/media\/35541"}],"wp:attachment":[{"href":"https:\/\/vapotheque.ch\/de\/wp-json\/wp\/v2\/media?parent=37534"}],"wp:term":[{"taxonomy":"product_cat","embeddable":true,"href":"https:\/\/vapotheque.ch\/de\/wp-json\/wp\/v2\/product_cat?post=37534"},{"taxonomy":"product_tag","embeddable":true,"href":"https:\/\/vapotheque.ch\/de\/wp-json\/wp\/v2\/product_tag?post=37534"}],"curies":[{"name":"wp","href":"https:\/\/api.w.org\/{rel}","templated":true}]}}