{"id":37530,"date":"2024-10-12T13:16:55","date_gmt":"2024-10-12T11:16:55","guid":{"rendered":"https:\/\/vapotheque.ch\/boutique\/vaping-in-paris-kates-miam-miam-sels-10-ml-e-liquide\/"},"modified":"2024-10-12T13:16:55","modified_gmt":"2024-10-12T11:16:55","slug":"vaping-in-paris-kates-miam-miam-sels-10-ml-e-liquide","status":"publish","type":"product","link":"https:\/\/vapotheque.ch\/de\/shop\/vaping-in-paris-kates-miam-miam-sels-10-ml-e-liquide\/","title":{"rendered":"Vaping In Paris &#8211; Kate&#8217;s &#8211; Miam Miam SELS 10 ML E-Liquide"},"content":{"rendered":"<h2><strong>Vaping In Paris Kate&#8217;s &#8211; Miam Miam SELS 10 ML E-Liquide: ein Genuss!<\/strong><\/h2>\n<p>Das <strong>Vaping In Paris Kate&#8217;s &#8211; Miam Miam SELS 10 ML E-Liquid<\/strong> ist ein Cocktail von Leckereien, die perfekt aufeinander abgestimmt sind. Schon beim Einatmen erwartet Sie ein <strong>kr\u00e4ftiges Kaffeearoma<\/strong>, das Ihre Geschmacksknospen kitzelt und an einen frisch gebr\u00fchten Espresso erinnert. Dazu kommt eine k\u00f6stliche, weiche und duftende <strong>Vanille<\/strong>, gefolgt von <strong>zartschmelzendem Karamell<\/strong>, das den Gaumen mit einer s\u00fc\u00dfen Liebkosung umh\u00fcllt. Im Hintergrund vervollst\u00e4ndigt ein Hauch von <strong>knackiger Macadamia-Nuss<\/strong> und <strong>ger\u00f6steter Haselnuss<\/strong>, der gleichzeitig subtil und zart ist, diese k\u00f6stliche Mischung und verleiht ihr eine reichhaltige und geschmackvolle Textur. <strong>Kate&#8217;s Miam Miam Salt 10ml<\/strong> ist ideal f\u00fcr Liebhaber des Gourmet-Dampfens, die nach einer s\u00fc\u00dfen Pause in ihrem Tag suchen, sei es als Beilage zum Mittagessen oder zur Kaffeepause. Wie immer bei <strong>Vaping In Paris<\/strong> steht die Qualit\u00e4t an erster Stelle: <strong>100% pflanzliche<\/strong> Basis, <strong>nat\u00fcrliche Aromen<\/strong> und nat\u00fcrlich <strong>null Coolada<\/strong>, <strong>null S\u00fc\u00dfstoffe<\/strong>. Nur reine, rohe und raffinierte Frische. Dank der <strong>Nikotinsalze<\/strong> bietet dieses E-Liquid einen weicheren Hals, w\u00e4hrend es gleichzeitig eine schnelle Aufnahme des Nikotins gew\u00e4hrleistet. Dies erm\u00f6glicht es Ihnen, Ihren Nikotinbedarf schneller zu decken und gleichzeitig die H\u00e4ufigkeit der Z\u00fcge zu reduzieren, was zu einem effizienteren und angenehmeren Dampfen f\u00fchrt. Kleiner Tipp: Um die Nikotinsalze voll auszunutzen, <strong>dampfen<\/strong> Sie <strong>mit weniger als 18 Watt<\/strong> und w\u00e4hlen Sie einen <strong>Widerstand von mindestens 1 Ohm<\/strong>.   <\/p>\n<p> So genie\u00dfen Sie einen <strong>sanften Dampf<\/strong> und eine perfekte Wiedergabe der Aromen. Das ist das Vergn\u00fcgen des Polar-Dampfens! Sind Sie also bereit, der Versuchung des <strong>Vaping In Paris Kate&#8217;s &#8211; Miam Miam SELS 10 ML E-Liquide<\/strong> nachzugeben? Ein sanftes, k\u00f6stliches und tr\u00f6stliches Dampfen bei jedem Zug, f\u00fcr einen Moment der reinen Nachsicht. <strong>Mjam Mjam<\/strong>! <\/p>\n<p>&nbsp;<\/p>\n<p><strong><span style=\"vertical-align: inherit;\">Wichtig<\/span><\/strong><span style=\"vertical-align: inherit;\"> E-Liquid bereits nikotinisiert, verkauft in einer 10 ml Flasche.<\/span><\/p>\n<p class=\"class-fabrication\"><span style=\"vertical-align: inherit;\">Hergestellt in Frankreich; Verh\u00e4ltnis MPGV\/GV: 50 % \/ 50 %. Passt sich an jede Art von Material an.<\/span><\/p>\n<p>&nbsp;<\/p>\n<p><span style=\"vertical-align: inherit;\">Entdecken Sie weitere Produkte der Marke <\/span><a href=\"\/marque\/vaping-in-paris\"><span style=\"vertical-align: inherit;\">Vaping in Paris<\/span><\/a><span style=\"vertical-align: inherit;\"> .<\/span><\/p>\n<p><span style=\"vertical-align: inherit;\">Erhalten Sie Rabatte oder die neuesten Informationen \u00fcber unsere Produkte, indem Sie uns in unseren sozialen Netzwerken folgen: <\/span><a href=\"https:\/\/www.facebook.com\/VapeAigleCH\" target=\"_blank\" rel=\"noopener\"><span style=\"vertical-align: inherit;\">Facebook<\/span><\/a><span style=\"vertical-align: inherit;\"> oder <\/span><a href=\"https:\/\/www.instagram.com\/vapotheque\" target=\"_blank\" rel=\"noopener\"><span style=\"vertical-align: inherit;\">Instagram<\/span><\/a><span style=\"vertical-align: inherit;\"> .<\/span><\/p>\n","protected":false},"excerpt":{"rendered":"<p>Vaping In Paris Kate&#8217;s &#8211; Miam Miam SELS 10 ML E-Liquide: ein Genuss! Das Vaping In Paris Kate&#8217;s &#8211; Miam Miam SELS 10 ML E-Liquid ist ein Cocktail von Leckereien, die perfekt aufeinander abgestimmt sind. Schon beim Einatmen erwartet Sie ein kr\u00e4ftiges Kaffeearoma, das Ihre Geschmacksknospen kitzelt und an einen frisch gebr\u00fchten Espresso erinnert. Dazu [&hellip;]<\/p>\n","protected":false},"featured_media":35344,"template":"","meta":{"_acf_changed":false},"product_cat":[405,397,442,408,1629,1716],"product_tag":[],"class_list":{"0":"post-37530","1":"product","2":"type-product","3":"status-publish","4":"has-post-thumbnail","6":"product_brand-vaping-in-paris-de","7":"product_cat-e-liquids","8":"product_cat-gourmands-de","9":"product_cat-hervorgehobene-produkte","10":"product_cat-lieferbar-innerhalb-von-24-stunden-de","11":"product_cat-10-ml-mit-nikotin","12":"product_cat-10ml-790-de","14":"first","15":"instock","16":"taxable","17":"shipping-taxable","18":"purchasable","19":"product-type-variable"},"acf":[],"jetpack_sharing_enabled":true,"_links":{"self":[{"href":"https:\/\/vapotheque.ch\/de\/wp-json\/wp\/v2\/product\/37530","targetHints":{"allow":["GET"]}}],"collection":[{"href":"https:\/\/vapotheque.ch\/de\/wp-json\/wp\/v2\/product"}],"about":[{"href":"https:\/\/vapotheque.ch\/de\/wp-json\/wp\/v2\/types\/product"}],"wp:featuredmedia":[{"embeddable":true,"href":"https:\/\/vapotheque.ch\/de\/wp-json\/wp\/v2\/media\/35344"}],"wp:attachment":[{"href":"https:\/\/vapotheque.ch\/de\/wp-json\/wp\/v2\/media?parent=37530"}],"wp:term":[{"taxonomy":"product_cat","embeddable":true,"href":"https:\/\/vapotheque.ch\/de\/wp-json\/wp\/v2\/product_cat?post=37530"},{"taxonomy":"product_tag","embeddable":true,"href":"https:\/\/vapotheque.ch\/de\/wp-json\/wp\/v2\/product_tag?post=37530"}],"curies":[{"name":"wp","href":"https:\/\/api.w.org\/{rel}","templated":true}]}}