{"id":37529,"date":"2024-10-12T12:53:36","date_gmt":"2024-10-12T10:53:36","guid":{"rendered":"https:\/\/vapotheque.ch\/boutique\/vaping-in-paris-kates-miam-miam-e-liquide\/"},"modified":"2025-04-26T12:37:35","modified_gmt":"2025-04-26T10:37:35","slug":"vaping-in-paris-kates-miam-miam-e-liquide","status":"publish","type":"product","link":"https:\/\/vapotheque.ch\/de\/shop\/vaping-in-paris-kates-miam-miam-e-liquide\/","title":{"rendered":"Verdampfen in Paris &#8211; Kate&#8217;s &#8211; Yum Yum E-Liquid 50 ml \/ 75 ml"},"content":{"rendered":"<h2><strong>Vaping In Paris Kate&#8217;s &#8211; Yum Miam E-Liquid 50 ml \/ 75 ml:<\/strong> Entdecken Sie den ultimativen Genuss!<\/h2>\n<p>Machen Sie sich bereit f\u00fcr eine Explosion von Gourmet-Aromen mit <strong>dem Vaping In Paris Kate&#8217;s &#8211; Miam Miam E-Liquid 50 ml \/ 75 ml<\/strong> ! Schon der Name schon sagt, dass dieses E-Liquid Ihre Geschmacksknospen kitzeln und Ihre Erinnerungen an die beruhigendsten Desserts wieder aufleben lassen wird. Du hast noch nie eine solche Symphonie der S\u00fc\u00dfe in Deinem Vape gesehen: Stell Dir eine subtile Mischung aus weichem Kaffee, s\u00fc\u00dfer Vanille und schmelzendem Karamell vor, alles verziert mit knackigen Macadamian\u00fcssen und einem Hauch von ger\u00f6steten Haseln\u00fcssen. Ja, Sie speicheln bereits, und das ist v\u00f6llig normal!  <\/p>\n<p>Aber halt, das ist noch nicht alles: Wie immer hat Vaping In Paris, getreu seinem Engagement f\u00fcr einen nat\u00fcrlichen und kompromisslosen Dampf, diesen Genuss ohne synthetische S\u00fc\u00dfstoffe oder Zusatzstoffe hergestellt. Hier sind <strong>es 100% pflanzliche<\/strong> und <strong>nat\u00fcrliche franz\u00f6sische Aromen<\/strong> f\u00fcr ein Erlebnis, das ebenso rein wie schmackhaft ist. <\/p>\n<p>Das PG\/VG-Verh\u00e4ltnis von 40\/60 sorgt f\u00fcr einen weichen, gro\u00dfz\u00fcgigen und geschmackvollen Dampf, egal ob Du ein Wolkenliebhaber oder ein Geschmacksforscher bist.<\/p>\n<p>Lust auf Nikotin? Keine Panik! Dieses <strong>E-Liquid ist in 0 mg<\/strong>, aber Sie k\u00f6nnen es nach Bedarf anpassen, indem Sie ein oder zwei <strong>Nikotinverst\u00e4rker<\/strong> hinzuf\u00fcgen, um die perfekte Rate zu erreichen.<\/p>\n<p>Also, sind Sie bereit, in diese Delikatesse zu bei\u00dfen, <strong>die das Vaping In Paris Kate&#8217;s &#8211; Yum Yum E-Liquid 50 ml \/ 75 ml <\/strong> ist?<\/p>\n<\/p>\n<p><span style=\"vertical-align: inherit\">Hergestellt in Frankreich; MPGV\/GV-Dosierung: 40% \/ 60%. Passt sich jeder Art von Ausr\u00fcstung an. <\/span><\/p>\n<\/p>\n<p><span style=\"vertical-align: inherit\">Entdecken Sie weitere Produkte der Marke <\/span><a href=\"..\/..\/marque\/vaping-in-paris\"><span style=\"vertical-align: inherit\">Vaping in Paris<\/span><\/a><span style=\"vertical-align: inherit\"> .<\/span><\/p>\n<p><span style=\"vertical-align: inherit\">Erhalten Sie Rabatte oder die neuesten Informationen zu unseren Produkten, indem Sie uns in unseren sozialen Netzwerken folgen: <\/span><a href=\"https:\/\/www.facebook.com\/VapeAigleCH\" target=\"_blank\" rel=\"noopener\"><span style=\"vertical-align: inherit\">Facebook<\/span><\/a><span style=\"vertical-align: inherit\"> oder <\/span><a href=\"https:\/\/www.instagram.com\/vapotheque\/\" target=\"_blank\" rel=\"noopener\"><span style=\"vertical-align: inherit\">Instagram<\/span><\/a><span style=\"vertical-align: inherit\"> .<\/span><\/p>\n","protected":false},"excerpt":{"rendered":"<p>Vaping In Paris Kate&#8217;s &#8211; Yum Miam E-Liquid 50 ml \/ 75 ml: Entdecken Sie den ultimativen Genuss! Machen Sie sich bereit f\u00fcr eine Explosion von Gourmet-Aromen mit dem Vaping In Paris Kate&#8217;s &#8211; Miam Miam E-Liquid 50 ml \/ 75 ml ! Schon der Name schon sagt, dass dieses E-Liquid Ihre Geschmacksknospen kitzeln und [&hellip;]<\/p>\n","protected":false},"featured_media":35332,"template":"","meta":{"_acf_changed":false},"product_cat":[405,397,442,408,1686,1679],"product_tag":[],"class_list":{"0":"post-37529","1":"product","2":"type-product","3":"status-publish","4":"has-post-thumbnail","6":"product_brand-vaping-in-paris-de","7":"product_cat-e-liquids","8":"product_cat-gourmands-de","9":"product_cat-hervorgehobene-produkte","10":"product_cat-lieferbar-innerhalb-von-24-stunden-de","11":"product_cat-50-ml-fur-70-ml","12":"product_cat-menge-e-flussigkeit-kapazitat-flasche","14":"first","15":"instock","16":"taxable","17":"shipping-taxable","18":"purchasable","19":"product-type-simple"},"acf":[],"jetpack_sharing_enabled":true,"_links":{"self":[{"href":"https:\/\/vapotheque.ch\/de\/wp-json\/wp\/v2\/product\/37529","targetHints":{"allow":["GET"]}}],"collection":[{"href":"https:\/\/vapotheque.ch\/de\/wp-json\/wp\/v2\/product"}],"about":[{"href":"https:\/\/vapotheque.ch\/de\/wp-json\/wp\/v2\/types\/product"}],"wp:featuredmedia":[{"embeddable":true,"href":"https:\/\/vapotheque.ch\/de\/wp-json\/wp\/v2\/media\/35332"}],"wp:attachment":[{"href":"https:\/\/vapotheque.ch\/de\/wp-json\/wp\/v2\/media?parent=37529"}],"wp:term":[{"taxonomy":"product_cat","embeddable":true,"href":"https:\/\/vapotheque.ch\/de\/wp-json\/wp\/v2\/product_cat?post=37529"},{"taxonomy":"product_tag","embeddable":true,"href":"https:\/\/vapotheque.ch\/de\/wp-json\/wp\/v2\/product_tag?post=37529"}],"curies":[{"name":"wp","href":"https:\/\/api.w.org\/{rel}","templated":true}]}}