{"id":37526,"date":"2024-10-12T12:43:05","date_gmt":"2024-10-12T10:43:05","guid":{"rendered":"https:\/\/vapotheque.ch\/boutique\/vaping-in-paris-kates-fff-sels-10-ml-e-liquid\/"},"modified":"2024-10-12T12:43:05","modified_gmt":"2024-10-12T10:43:05","slug":"vaping-in-paris-kates-fff-sels-10-ml-e-liquid","status":"publish","type":"product","link":"https:\/\/vapotheque.ch\/de\/shop\/vaping-in-paris-kates-fff-sels-10-ml-e-liquid\/","title":{"rendered":"Vaping In Paris &#8211; Kate&#8217;s &#8211; FFF SELS 10 ML E-Liquid"},"content":{"rendered":"<h2><strong>Vaping In Paris Kate&#8217;s &#8211; FFF SELS 10 ML E-Liquid : Eine fruchtige Flucht!<\/strong><\/h2>\n<p>Bereiten Sie sich auf eine intensive Geschmacksreise vor mit <strong>Kate&#8217;s Vaping In Paris &#8211; FFF SELS 10 ML E-Liquid<\/strong>, eine der exotischsten Kreationen aus dem <strong>Kate&#8217;s by VIP<\/strong> Sortiment. Dieses kleine Juwel von 10 ml wurde f\u00fcr Liebhaber von fruchtigen und erfrischenden Aromen entwickelt, die durch die unvergleichliche S\u00fc\u00dfe der Nikotinsalze hervorgehoben werden. Perfekt ausbalanciert, verwandelt er jeden Zug in ein sensorisches Abenteuer, in dem die s\u00fc\u00dfe S\u00fc\u00dfe der Erdbeere und die K\u00fchnheit der Drachenfrucht aufeinandertreffen, um Ihnen einen H\u00f6hepunkt des Geschmackserlebnisses zu bieten. <strong>Die Magie der Aromen<\/strong> Schon beim ersten Zug \u00fcberschwemmt eine Welle saftiger Erdbeeren Ihre Geschmacksknospen, die eine subtile S\u00fc\u00dfe und S\u00e4ure mit sich bringen, die Ihre Sinne sofort wecken. Beim Ausatmen kommt dann die exotische Note der Drachenfrucht ins Spiel, mit ihrer komplexen und leicht erfrischenden S\u00fc\u00dfe, die ein angenehmes und lang anhaltendes Gef\u00fchl im Mund hinterl\u00e4sst. <strong>Die Kraft der Nikotinsalze<\/strong> Was <strong>Kate&#8217;s Vaping In Paris &#8211; FFF SELS 10 ML E-Liquid <\/strong>noch unwiderstehlicher macht, ist die Verwendung von Nikotinsalzen, die einen weichen Rachenhit und eine schnellere Aufnahme des Nikotins bieten. Ideal f\u00fcr diejenigen, die eine schnelle Befriedigung suchen, ohne Kompromisse beim Geschmack eingehen zu m\u00fcssen, und gleichzeitig die H\u00e4ufigkeit der Z\u00fcge reduzieren m\u00f6chten. <strong>Ein nat\u00fcrliches und ethisches E-Liquid<\/strong> Wie immer bei <strong>Vaping In Paris<\/strong> steht die Qualit\u00e4t im Mittelpunkt der Kreation. Das <strong>Vaping In Paris Kate&#8217;s &#8211; FFF SELS 10 ML E-Liquid<\/strong> wird aus einer 100% pflanzlichen Basis und nat\u00fcrlichen Aromen hergestellt, ohne S\u00fc\u00dfstoffe oder unn\u00f6tige Zus\u00e4tze. Sie kommen in den Genuss eines reinen, gesunden und herrlich duftenden Dampfes, bei dem jede Zutat sorgf\u00e4ltig ausgew\u00e4hlt wurde, um Ihnen ein authentisches Erlebnis zu garantieren. Kleiner Tipp: Um die Nikotinsalze voll zu genie\u00dfen, <strong>dampfen<\/strong> Sie <strong>mit weniger als 18 Watt<\/strong> und w\u00e4hlen Sie einen <strong>Widerstand von mindestens 1 Ohm<\/strong>. So k\u00f6nnen Sie einen <strong>sanften Dampf<\/strong> und eine perfekte Wiedergabe der Aromen genie\u00dfen. Das ist das Vergn\u00fcgen des Polar-Dampfens! Also, worauf warten Sie noch, um in diese fruchtige und erfrischende Symphonie einzutauchen?  <\/p>\n<p>&nbsp;<\/p>\n<p><strong><span style=\"vertical-align: inherit;\">Wichtig<\/span><\/strong><span style=\"vertical-align: inherit;\"> E-Liquid bereits nikotinisiert, verkauft in einer 10 ml Flasche.<\/span><\/p>\n<p class=\"class-fabrication\"><span style=\"vertical-align: inherit;\">Hergestellt in Frankreich; Verh\u00e4ltnis MPGV\/GV: 50 % \/ 50 %. Passt sich an jede Art von Material an.<\/span><\/p>\n<p>&nbsp;<\/p>\n<p><span style=\"vertical-align: inherit;\">Entdecken Sie weitere Produkte der Marke <\/span><a href=\"\/marque\/vaping-in-paris\"><span style=\"vertical-align: inherit;\">Vaping in Paris<\/span><\/a><span style=\"vertical-align: inherit;\"> .<\/span><\/p>\n<p><span style=\"vertical-align: inherit;\">Erhalten Sie Rabatte oder die neuesten Informationen \u00fcber unsere Produkte, indem Sie uns in unseren sozialen Netzwerken folgen: <\/span><a href=\"https:\/\/www.facebook.com\/VapeAigleCH\" target=\"_blank\" rel=\"noopener\"><span style=\"vertical-align: inherit;\">Facebook<\/span><\/a><span style=\"vertical-align: inherit;\"> oder <\/span><a href=\"https:\/\/www.instagram.com\/vapotheque\" target=\"_blank\" rel=\"noopener\"><span style=\"vertical-align: inherit;\">Instagram<\/span><\/a><span style=\"vertical-align: inherit;\"> .<\/span><\/p>\n","protected":false},"excerpt":{"rendered":"<p>Vaping In Paris Kate&#8217;s &#8211; FFF SELS 10 ML E-Liquid : Eine fruchtige Flucht! Bereiten Sie sich auf eine intensive Geschmacksreise vor mit Kate&#8217;s Vaping In Paris &#8211; FFF SELS 10 ML E-Liquid, eine der exotischsten Kreationen aus dem Kate&#8217;s by VIP Sortiment. Dieses kleine Juwel von 10 ml wurde f\u00fcr Liebhaber von fruchtigen und [&hellip;]<\/p>\n","protected":false},"featured_media":35325,"template":"","meta":{"_acf_changed":false},"product_cat":[405,404,442,408,1629,1716],"product_tag":[],"class_list":{"0":"post-37526","1":"product","2":"type-product","3":"status-publish","4":"has-post-thumbnail","6":"product_brand-vaping-in-paris-de","7":"product_cat-e-liquids","8":"product_cat-fruchtig","9":"product_cat-hervorgehobene-produkte","10":"product_cat-lieferbar-innerhalb-von-24-stunden-de","11":"product_cat-10-ml-mit-nikotin","12":"product_cat-10ml-790-de","14":"first","15":"instock","16":"taxable","17":"shipping-taxable","18":"purchasable","19":"product-type-variable"},"acf":[],"jetpack_sharing_enabled":true,"_links":{"self":[{"href":"https:\/\/vapotheque.ch\/de\/wp-json\/wp\/v2\/product\/37526","targetHints":{"allow":["GET"]}}],"collection":[{"href":"https:\/\/vapotheque.ch\/de\/wp-json\/wp\/v2\/product"}],"about":[{"href":"https:\/\/vapotheque.ch\/de\/wp-json\/wp\/v2\/types\/product"}],"wp:featuredmedia":[{"embeddable":true,"href":"https:\/\/vapotheque.ch\/de\/wp-json\/wp\/v2\/media\/35325"}],"wp:attachment":[{"href":"https:\/\/vapotheque.ch\/de\/wp-json\/wp\/v2\/media?parent=37526"}],"wp:term":[{"taxonomy":"product_cat","embeddable":true,"href":"https:\/\/vapotheque.ch\/de\/wp-json\/wp\/v2\/product_cat?post=37526"},{"taxonomy":"product_tag","embeddable":true,"href":"https:\/\/vapotheque.ch\/de\/wp-json\/wp\/v2\/product_tag?post=37526"}],"curies":[{"name":"wp","href":"https:\/\/api.w.org\/{rel}","templated":true}]}}