{"id":37525,"date":"2024-10-11T18:04:11","date_gmt":"2024-10-11T16:04:11","guid":{"rendered":"https:\/\/vapotheque.ch\/boutique\/vaping-in-paris-silver-fox-mango-e-liquid\/"},"modified":"2025-04-26T12:37:33","modified_gmt":"2025-04-26T10:37:33","slug":"vaping-in-paris-silver-fox-mango-e-liquid","status":"publish","type":"product","link":"https:\/\/vapotheque.ch\/de\/shop\/vaping-in-paris-silver-fox-mango-e-liquid\/","title":{"rendered":"Verdampfen In Paris &#8211; Silver Fox &#8211; Mango E-Liquid 50 ml \/ 75 ml"},"content":{"rendered":"<h2><strong>Vaping In Paris Silver Fox &#8211; Mango E-Liquid 50 ml \/ 75 ml<\/strong> : ein tropisches Paradies!<\/h2>\n<p>Vaping In Paris l\u00e4dt Sie mit seinem <strong>Vaping In Paris Silver Fox &#8211; Mango E-Liquid 50 ml \/ 75 ml<\/strong> in ein tropisches Paradies ein! \u2744\ufe0f<\/p>\n<p>Machen Sie sich bereit f\u00fcr eine sensorische Reise ins Herz der Tropen, wo die Sonne scheint und saftige Fr\u00fcchte vor Geschmack strotzen. <strong>Vaping In Paris<\/strong>, direkt aus Frankreich, bietet Ihnen eine explosive Mischung, die alle Liebhaber von fruchtigen E-Liquids mit einem Hauch von unwiderstehlicher Frische verf\u00fchren wird.<\/p>\n<p>Mit seinem authentischen Geschmack von frisch gepfl\u00fcckter Mango nimmt Sie dieses E-Liquid mit auf eine Reise zwischen Palmen. Jeder Zug ist eine s\u00fc\u00dfe Liebkosung, die an den Sommerurlaub erinnert, ganz zu schweigen von dem Hauch von eisiger Frische, der Sie vor Genuss erschauern l\u00e4sst! \u2728<\/p>\n<p>Hergestellt mit hochwertigen nat\u00fcrlichen Aromen, ist das <strong>Vaping In Paris Silver Fox &#8211; Mango E-Liquid 50 ml \/ 75 ml<\/strong> speziell f\u00fcr das Dampfen konzipiert, ohne Koolada oder \u00fcberfl\u00fcssige S\u00fc\u00dfstoffe. So k\u00f6nnen Sie dieses Erlebnis ohne Kompromisse genie\u00dfen, da Sie wissen, dass Ihr E-Liquid zu 100 % auf pflanzlicher Basis hergestellt wird. <\/p>\n<p>Lust auf Nikotin? Keine Panik! Dieses <strong>E-Liquid ist in 0 mg<\/strong>, aber Sie k\u00f6nnen es nach Bedarf anpassen, indem Sie ein oder zwei <strong>Nikotinverst\u00e4rker<\/strong> hinzuf\u00fcgen, um die perfekte Rate zu erreichen.<\/p>\n<p>Sind Sie bereit, sich von dieser <strong>Frozen Mango<\/strong> mitrei\u00dfen zu lassen? Lassen Sie sich verf\u00fchren und genie\u00dfen Sie jeden Zug, als w\u00e4ren Sie an einem sonnigen Strand! \u2728<\/p>\n<p><span style=\"vertical-align: inherit\">Hergestellt in Frankreich; MPGV\/GV-Dosierung: 50% \/ 50%. Passt sich jeder Art von Ausr\u00fcstung an. <\/span><\/p>\n<\/p>\n<p><span style=\"vertical-align: inherit\">Entdecken Sie weitere Produkte der Marke <\/span><a href=\"..\/..\/marque\/vaping-in-paris\"><span style=\"vertical-align: inherit\">Vaping in Paris<\/span><\/a><span style=\"vertical-align: inherit\"> .<\/span><\/p>\n<p><span style=\"vertical-align: inherit\">Erhalten Sie Rabatte oder die neuesten Informationen zu unseren Produkten, indem Sie uns in unseren sozialen Netzwerken folgen: <\/span><a href=\"https:\/\/www.facebook.com\/VapeAigleCH\" target=\"_blank\" rel=\"noopener\"><span style=\"vertical-align: inherit\">Facebook<\/span><\/a><span style=\"vertical-align: inherit\"> oder <\/span><a href=\"https:\/\/www.instagram.com\/vapotheque\/\" target=\"_blank\" rel=\"noopener\"><span style=\"vertical-align: inherit\">Instagram<\/span><\/a><span style=\"vertical-align: inherit\"> .<\/span><\/p>\n","protected":false},"excerpt":{"rendered":"<p>Vaping In Paris Silver Fox &#8211; Mango E-Liquid 50 ml \/ 75 ml : ein tropisches Paradies! Vaping In Paris l\u00e4dt Sie mit seinem Vaping In Paris Silver Fox &#8211; Mango E-Liquid 50 ml \/ 75 ml in ein tropisches Paradies ein! \u2744\ufe0f Machen Sie sich bereit f\u00fcr eine sensorische Reise ins Herz der Tropen, [&hellip;]<\/p>\n","protected":false},"featured_media":35281,"template":"","meta":{"_acf_changed":false},"product_cat":[405,404,442,408,1866,1686,1679],"product_tag":[],"class_list":{"0":"post-37525","1":"product","2":"type-product","3":"status-publish","4":"has-post-thumbnail","6":"product_brand-vaping-in-paris-de","7":"product_cat-e-liquids","8":"product_cat-fruchtig","9":"product_cat-hervorgehobene-produkte","10":"product_cat-lieferbar-innerhalb-von-24-stunden-de","11":"product_cat-silver-fox-50-ml-de","12":"product_cat-50-ml-fur-70-ml","13":"product_cat-menge-e-flussigkeit-kapazitat-flasche","15":"first","16":"instock","17":"taxable","18":"shipping-taxable","19":"purchasable","20":"product-type-simple"},"acf":[],"jetpack_sharing_enabled":true,"_links":{"self":[{"href":"https:\/\/vapotheque.ch\/de\/wp-json\/wp\/v2\/product\/37525","targetHints":{"allow":["GET"]}}],"collection":[{"href":"https:\/\/vapotheque.ch\/de\/wp-json\/wp\/v2\/product"}],"about":[{"href":"https:\/\/vapotheque.ch\/de\/wp-json\/wp\/v2\/types\/product"}],"wp:featuredmedia":[{"embeddable":true,"href":"https:\/\/vapotheque.ch\/de\/wp-json\/wp\/v2\/media\/35281"}],"wp:attachment":[{"href":"https:\/\/vapotheque.ch\/de\/wp-json\/wp\/v2\/media?parent=37525"}],"wp:term":[{"taxonomy":"product_cat","embeddable":true,"href":"https:\/\/vapotheque.ch\/de\/wp-json\/wp\/v2\/product_cat?post=37525"},{"taxonomy":"product_tag","embeddable":true,"href":"https:\/\/vapotheque.ch\/de\/wp-json\/wp\/v2\/product_tag?post=37525"}],"curies":[{"name":"wp","href":"https:\/\/api.w.org\/{rel}","templated":true}]}}