{"id":37524,"date":"2024-10-12T11:55:08","date_gmt":"2024-10-12T09:55:08","guid":{"rendered":"https:\/\/vapotheque.ch\/boutique\/vaping-in-paris-kates-fff-e-liquid\/"},"modified":"2025-04-26T12:37:27","modified_gmt":"2025-04-26T10:37:27","slug":"vaping-in-paris-kates-fff-e-liquid","status":"publish","type":"product","link":"https:\/\/vapotheque.ch\/de\/shop\/vaping-in-paris-kates-fff-e-liquid\/","title":{"rendered":"Verdampfen in Paris &#8211; Kate&#8217;s &#8211; FFF E-Fl\u00fcssigkeit 50 ml \/ 75 ml"},"content":{"rendered":"<h2><strong>Vaping In Paris Kate&#8217;s &#8211; FFF E-Liquid 50 ml \/ 75 ml: eine frische und fruchtige Explosion!<\/strong><\/h2>\n<p>Tauchen Sie ein in die exotische und bezaubernde Welt des <strong>Dampfens in Paris Kate&#8217;s &#8211; FFF E-Liquid 50 ml \/ 75 ml<\/strong> ! Unter diesem faszinierenden Namen verbirgt sich eine echte Einladung zu einer Reise der Sinne, bei der Drachenfrucht und Erdbeere zu einem fruchtigen und gewagten Cocktail verschmelzen, der durch einen Hauch von Frische ohne das geringste Menthol sublimiert wird.<\/p>\n<p>Lassen Sie sich von dieser \u00fcberraschenden und intensiven Verbindung \u00fcberraschen, die perfekt zwischen weicher Exotik und Frische ausbalanciert ist und Sie bei jedem Zug vor Lust erschauern l\u00e4sst. Egal, ob Sie auf der Suche nach einem tropischen Kurzurlaub oder einfach nur nach einem Schub fruchtiger Frische sind, das <strong>Vaping In Paris Kate&#8217;s &#8211; FFF E-Liquid 50ml \/ 75ml<\/strong> verspricht Ihnen einen k\u00f6stlich s\u00fcchtig machenden Dampf ohne Kunstgriffe. <\/p>\n<p>Wie alle E-Liquids <strong>zum Verdampfen in Paris<\/strong> wird auch dieses E-Liquid in Frankreich mit Sorgfalt aus 100% pflanzlicher Basis und nat\u00fcrlichen Aromen hergestellt und garantiert so ein ebenso reines wie schmackhaftes Vape-Erlebnis. Und nat\u00fcrlich ohne S\u00fc\u00dfstoffe oder synthetische Zusatzstoffe! Es ist nat\u00fcrlich im rohen Zustand, f\u00fcr einen glatten und duftenden Dampf, mit einer perfekten Balance zwischen 40% pflanzlichem PG und 60% VG.  <\/p>\n<p>Sind Sie also bereit, ein au\u00dfergew\u00f6hnliches fruchtiges und erfrischendes Abenteuer mit <strong>dem Vaping In Paris Kate&#8217;s &#8211; FFF E-Liquid <\/strong> zu erleben?<\/p>\n<p>Lust auf Nikotin? Keine Panik! Dieses <strong>E-Liquid ist in 0 mg<\/strong>, aber Sie k\u00f6nnen es nach Bedarf anpassen, indem Sie ein oder zwei <strong>Nikotinverst\u00e4rker<\/strong> hinzuf\u00fcgen, um die perfekte Rate zu erreichen.<\/p>\n<p><span style=\"vertical-align: inherit\">Hergestellt in Frankreich; MPGV\/GV-Dosierung: 40% \/ 60%. Passt sich jeder Art von Ausr\u00fcstung an. <\/span><\/p>\n<\/p>\n<p><span style=\"vertical-align: inherit\">Entdecken Sie weitere Produkte der Marke <\/span><a href=\"..\/..\/marque\/vaping-in-paris\"><span style=\"vertical-align: inherit\">Vaping in Paris<\/span><\/a><span style=\"vertical-align: inherit\"> .<\/span><\/p>\n<p><span style=\"vertical-align: inherit\">Erhalten Sie Rabatte oder die neuesten Informationen zu unseren Produkten, indem Sie uns in unseren sozialen Netzwerken folgen: <\/span><a href=\"https:\/\/www.facebook.com\/VapeAigleCH\" target=\"_blank\" rel=\"noopener\"><span style=\"vertical-align: inherit\">Facebook<\/span><\/a><span style=\"vertical-align: inherit\"> oder <\/span><a href=\"https:\/\/www.instagram.com\/vapotheque\/\" target=\"_blank\" rel=\"noopener\"><span style=\"vertical-align: inherit\">Instagram<\/span><\/a><span style=\"vertical-align: inherit\"> .<\/span><\/p>\n","protected":false},"excerpt":{"rendered":"<p>Vaping In Paris Kate&#8217;s &#8211; FFF E-Liquid 50 ml \/ 75 ml: eine frische und fruchtige Explosion! Tauchen Sie ein in die exotische und bezaubernde Welt des Dampfens in Paris Kate&#8217;s &#8211; FFF E-Liquid 50 ml \/ 75 ml ! Unter diesem faszinierenden Namen verbirgt sich eine echte Einladung zu einer Reise der Sinne, bei [&hellip;]<\/p>\n","protected":false},"featured_media":35315,"template":"","meta":{"_acf_changed":false},"product_cat":[405,404,442,408,1686,1679],"product_tag":[],"class_list":{"0":"post-37524","1":"product","2":"type-product","3":"status-publish","4":"has-post-thumbnail","6":"product_brand-vaping-in-paris-de","7":"product_cat-e-liquids","8":"product_cat-fruchtig","9":"product_cat-hervorgehobene-produkte","10":"product_cat-lieferbar-innerhalb-von-24-stunden-de","11":"product_cat-50-ml-fur-70-ml","12":"product_cat-menge-e-flussigkeit-kapazitat-flasche","14":"first","15":"instock","16":"taxable","17":"shipping-taxable","18":"purchasable","19":"product-type-simple"},"acf":[],"jetpack_sharing_enabled":true,"_links":{"self":[{"href":"https:\/\/vapotheque.ch\/de\/wp-json\/wp\/v2\/product\/37524","targetHints":{"allow":["GET"]}}],"collection":[{"href":"https:\/\/vapotheque.ch\/de\/wp-json\/wp\/v2\/product"}],"about":[{"href":"https:\/\/vapotheque.ch\/de\/wp-json\/wp\/v2\/types\/product"}],"wp:featuredmedia":[{"embeddable":true,"href":"https:\/\/vapotheque.ch\/de\/wp-json\/wp\/v2\/media\/35315"}],"wp:attachment":[{"href":"https:\/\/vapotheque.ch\/de\/wp-json\/wp\/v2\/media?parent=37524"}],"wp:term":[{"taxonomy":"product_cat","embeddable":true,"href":"https:\/\/vapotheque.ch\/de\/wp-json\/wp\/v2\/product_cat?post=37524"},{"taxonomy":"product_tag","embeddable":true,"href":"https:\/\/vapotheque.ch\/de\/wp-json\/wp\/v2\/product_tag?post=37524"}],"curies":[{"name":"wp","href":"https:\/\/api.w.org\/{rel}","templated":true}]}}