{"id":37523,"date":"2024-10-11T18:29:27","date_gmt":"2024-10-11T16:29:27","guid":{"rendered":"https:\/\/vapotheque.ch\/boutique\/vaping-in-paris-silver-fox-dragon-passion-mango-ananas-e-liquide\/"},"modified":"2025-04-26T12:37:31","modified_gmt":"2025-04-26T10:37:31","slug":"vaping-in-paris-silver-fox-dragon-passion-mango-ananas-e-liquide","status":"publish","type":"product","link":"https:\/\/vapotheque.ch\/de\/shop\/vaping-in-paris-silver-fox-dragon-passion-mango-ananas-e-liquide\/","title":{"rendered":"Verdampfen in Paris &#8211; Silver Fox &#8211; Dragon Passion Mango Ananas E-Liquid 50 ml \/ 75 ml"},"content":{"rendered":"<h2><strong>Vaping In Paris Silver Fox &#8211; Dragon Passion Mango Ananas E-Liquid 50 ml \/ 75 ml:<\/strong> Der exotische Mix des Jahres!<\/h2>\n<p><strong>Begeben Sie sich auf eine tropische Reise mit dem Vaping In Paris Silver Fox &#8211; Dragon Passion Mango Pineapple E-Liquid!<\/strong> \u2728<\/p>\n<p>Stellen Sie sich einen explosiven Cocktail vor, bei dem Drachenfrucht, Passionsfrucht, saftige Mango und s\u00fc\u00dfe Ananas in einem faszinierenden Tanz aufeinandertreffen, alles gefroren f\u00fcr das ultimative Gef\u00fchl von Frische! Mit diesem E-Liquid ist es, als w\u00fcrde Sie jeder Zug direkt an einen paradiesischen Strand transportieren, w\u00e4hrend der Meereswind sanft auf Ihr Gesicht bl\u00e4st. <\/p>\n<p>Vaping In Paris spielt nicht herum, wenn es um Aromen geht! Jeder Tropfen dieser tropischen Mischung ist ein Versprechen der Flucht. Hergestellt mit nat\u00fcrlichen Aromen, speziell f\u00fcr das Dampfen entwickelt, bietet Ihnen das <strong>Vaping In Paris Silver Fox &#8211; Dragon Passion Mango Pineapple E-Liquid 50 ml \/ 75 ml<\/strong> ein pures Geschmackserlebnis, bei dem Qualit\u00e4t auf Innovation trifft. In diesem k\u00f6stlichen Gebr\u00e4u finden Sie keine Koolada oder S\u00fc\u00dfstoffe, sondern nur authentische Aromen, die im Mund platzen!   <\/p>\n<p>Dieses in Frankreich sorgf\u00e4ltig entwickelte E-Liquid basiert auf 100% pflanzlicher Basis und garantiert einen reichhaltigen und angenehmen Dampf, w\u00e4hrend Ihr Wohlbefinden erhalten bleibt. Jeder Zug wird Sie mit seinem intensiven Geschmack begeistern, ohne Kompromisse bei der Qualit\u00e4t einzugehen. <\/p>\n<p><strong>Warum sollten Sie sich f\u00fcr das Vaping In Paris Silver Fox &#8211; Dragon Passion Mango Pineapple E-Liquid 50 ml \/ 75 ml entscheiden?<\/strong>  Weil er einer der Sch\u00e4tze der Silver Fox Serie ist, die entwickelt wurde, um den Geschmack von Einweg-Puffs perfekt zu reproduzieren. Die Magie wirkt mit jedem Zug: eine Explosion von tropischen Fr\u00fcchten, die mit einer erfrischenden Note endet, die perfekt ist, um Ihren Durst zu stillen. <\/p>\n<p>Lust auf Nikotin? Keine Panik! Dieses <strong>E-Liquid ist in 0 mg<\/strong>, aber Sie k\u00f6nnen es nach Bedarf anpassen, indem Sie ein oder zwei <strong>Nikotinverst\u00e4rker<\/strong> hinzuf\u00fcgen, um die perfekte Rate zu erreichen.<\/p>\n<p>Sind Sie bereit, in dieses fruchtige Abenteuer einzutauchen? Das <strong>Vaping In Paris Silver Fox &#8211; Dragon Passion Mango Pineapple E-Liquid<\/strong> erwartet Sie zu einem tropischen Festmahl, das nur darauf wartet, entdeckt zu werden! \u2728 <\/p>\n<p><span style=\"vertical-align: inherit\">Hergestellt in Frankreich; MPGV\/GV-Dosierung: 50% \/ 50%. Passt sich jeder Art von Ausr\u00fcstung an. <\/span><\/p>\n<\/p>\n<p><span style=\"vertical-align: inherit\">Entdecken Sie weitere Produkte der Marke <\/span><a href=\"..\/..\/marque\/vaping-in-paris\"><span style=\"vertical-align: inherit\">Vaping in Paris<\/span><\/a><span style=\"vertical-align: inherit\"> .<\/span><\/p>\n<p><span style=\"vertical-align: inherit\">Erhalten Sie Rabatte oder die neuesten Informationen zu unseren Produkten, indem Sie uns in unseren sozialen Netzwerken folgen: <\/span><a href=\"https:\/\/www.facebook.com\/VapeAigleCH\" target=\"_blank\" rel=\"noopener\"><span style=\"vertical-align: inherit\">Facebook<\/span><\/a><span style=\"vertical-align: inherit\"> oder <\/span><a href=\"https:\/\/www.instagram.com\/vapotheque\/\" target=\"_blank\" rel=\"noopener\"><span style=\"vertical-align: inherit\">Instagram<\/span><\/a><span style=\"vertical-align: inherit\"> .<\/span><\/p>\n","protected":false},"excerpt":{"rendered":"<p>Vaping In Paris Silver Fox &#8211; Dragon Passion Mango Ananas E-Liquid 50 ml \/ 75 ml: Der exotische Mix des Jahres! Begeben Sie sich auf eine tropische Reise mit dem Vaping In Paris Silver Fox &#8211; Dragon Passion Mango Pineapple E-Liquid! \u2728 Stellen Sie sich einen explosiven Cocktail vor, bei dem Drachenfrucht, Passionsfrucht, saftige Mango [&hellip;]<\/p>\n","protected":false},"featured_media":45474,"template":"","meta":{"_acf_changed":false},"product_cat":[405,404,442,408,1866,1686,1679],"product_tag":[],"class_list":{"0":"post-37523","1":"product","2":"type-product","3":"status-publish","4":"has-post-thumbnail","6":"product_brand-vaping-in-paris-de","7":"product_cat-e-liquids","8":"product_cat-fruchtig","9":"product_cat-hervorgehobene-produkte","10":"product_cat-lieferbar-innerhalb-von-24-stunden-de","11":"product_cat-silver-fox-50-ml-de","12":"product_cat-50-ml-fur-70-ml","13":"product_cat-menge-e-flussigkeit-kapazitat-flasche","15":"first","16":"instock","17":"taxable","18":"shipping-taxable","19":"purchasable","20":"product-type-simple"},"acf":[],"jetpack_sharing_enabled":true,"_links":{"self":[{"href":"https:\/\/vapotheque.ch\/de\/wp-json\/wp\/v2\/product\/37523","targetHints":{"allow":["GET"]}}],"collection":[{"href":"https:\/\/vapotheque.ch\/de\/wp-json\/wp\/v2\/product"}],"about":[{"href":"https:\/\/vapotheque.ch\/de\/wp-json\/wp\/v2\/types\/product"}],"wp:featuredmedia":[{"embeddable":true,"href":"https:\/\/vapotheque.ch\/de\/wp-json\/wp\/v2\/media\/45474"}],"wp:attachment":[{"href":"https:\/\/vapotheque.ch\/de\/wp-json\/wp\/v2\/media?parent=37523"}],"wp:term":[{"taxonomy":"product_cat","embeddable":true,"href":"https:\/\/vapotheque.ch\/de\/wp-json\/wp\/v2\/product_cat?post=37523"},{"taxonomy":"product_tag","embeddable":true,"href":"https:\/\/vapotheque.ch\/de\/wp-json\/wp\/v2\/product_tag?post=37523"}],"curies":[{"name":"wp","href":"https:\/\/api.w.org\/{rel}","templated":true}]}}