{"id":36408,"date":"2024-10-26T13:02:32","date_gmt":"2024-10-26T11:02:32","guid":{"rendered":"https:\/\/vapotheque.ch\/boutique\/titanide-apogee-clearomizer\/"},"modified":"2024-10-26T13:02:32","modified_gmt":"2024-10-26T11:02:32","slug":"titanide-apogee-clearomizer","status":"publish","type":"product","link":"https:\/\/vapotheque.ch\/de\/shop\/titanide-apogee-clearomizer\/","title":{"rendered":"Titanide &#8211; Apog\u00e9e Clearomizer"},"content":{"rendered":"<h2><strong>Titanide Clearomizer Apog\u00e9e : Wenn Dampfen auf Exzellenz trifft!<\/strong><\/h2>\n<p>Der <b>Titanide Clearomizer Apog\u00e9e<\/b> ist elegant, raffiniert und von h\u00f6chster Qualit\u00e4t. Er wurde entwickelt, um die anspruchsvollsten Dampfer zu begeistern, egal ob Anf\u00e4nger oder Profi. Dieses 24mm Edelstahl-Schmuckst\u00fcck wird stolz auf Ihrer Box thronen und mit seiner raffinierten Note ein Dampferlebnis der Spitzenklasse bieten. <\/p>\n<hr>\n<h4><strong>Gestalten Sie Ihren Apog\u00e9e ganz individuell<\/strong><\/h4>\n<p>Mit <strong>zwei 510er Drip Tips aus Ultem<\/strong>, die im Lieferumfang enthalten sind, um jeden Zug an Ihren Stil anzupassen, ist der Apog\u00e9e ebenso sch\u00f6n wie anpassungsf\u00e4hig. Sie haben die Wahl zwischen einem <strong>3,6 ml Pyrex-Stahlk\u00e4fig<\/strong> f\u00fcr einen gewagten Stil oder einem <strong>4,5 ml Pyrex<\/strong> f\u00fcr mehr Kapazit\u00e4t. Und das ist noch nicht alles: Sie k\u00f6nnen sogar Ihr bevorzugtes 510er Mundst\u00fcck f\u00fcr einen einzigartigen Look w\u00e4hlen!  <\/p>\n<hr>\n<h4><strong>Franz\u00f6sisches Know-How im Dienste des nachhaltigen Dampfens<\/strong><\/h4>\n<p>Jedes Teil des <b>Titanide Clearomizers Apog\u00e9e<\/b> ist eine Hommage an die Pr\u00e4zision und das franz\u00f6sische Handwerk. Titanide engagiert sich f\u00fcr ein nachhaltiges und verantwortungsbewusstes Dampfen und bietet einen <strong>vollst\u00e4ndig zerlegbaren und reparierbaren<\/strong> Clearomizer f\u00fcr eine maximale Lebensdauer. Und als Kr\u00f6nung des Ganzen erhalten Sie eine <strong>5-j\u00e4hrige Garantie<\/strong> &#8211; ein echtes Qualit\u00e4tsmerkmal!  <\/p>\n<hr>\n<h4><strong>MTL oder RDL? L&#8217;Apog\u00e9e hat alles, was Sie brauchen! <\/strong><\/h4>\n<p>Ob Sie nun einen engen Zug MTL oder einen luftigeren RDL bevorzugen, der Apog\u00e9e deckt Sie mit seiner <strong>ultrapr\u00e4zisen, einstellbaren Airflow<\/strong> ab. Eine von unten gesteuerte Airflow sorgt f\u00fcr eine perfekte Abdichtung und reduziert das Ger\u00e4usch f\u00fcr ein diskretes und komfortables Dampfen. <\/p>\n<hr>\n<h4><strong>Hochfliegender Widerstand<\/strong><\/h4>\n<p>M\u00f6chten Sie alle m\u00f6glichen Geschmacksrichtungen ausprobieren? Der Apog\u00e9e Clearomizer ist mit den <strong>Nautilus BVC Widerst\u00e4nden von Aspire<\/strong> kompatibel, um Ihnen noch mehr M\u00f6glichkeiten zu bieten! <\/p>\n<hr>\n<h4><strong>In der Box :<\/strong><\/h4>\n<ul>\n<li>1 Apog\u00e9e Clearomizer<\/li>\n<li>1 Apog\u00e4um-Widerstand 0.6 Ohm (RDL)<\/li>\n<li>1 Apog\u00e4um-Widerstand 1.0 Ohm (MTL)<\/li>\n<li>1 Pyrex Stahlk\u00e4fig 3,6 ml (vorinstalliert)<\/li>\n<li>1 Pyrex von 4,5 ml<\/li>\n<li>1 Drip tip 510 ultem MTL<\/li>\n<li>1 Drip tip 510 ultem RDL<\/li>\n<li>1 Satz Ersatzdichtungen<\/li>\n<li>1 Mikrofasertuch<\/li>\n<li>1 Sticker<\/li>\n<li>1 Benutzerhandbuch<\/li>\n<\/ul>\n<p><strong>Entscheiden Sie sich f\u00fcr den Apog\u00e9e und erleben Sie das Dampfen im gro\u00dfen Stil!<\/strong><\/p>\n<p>&nbsp;<\/p>\n<p>Sehen Sie sich weitere Produkte der Marke <a href=\"\/marque\/titanide\/\" target=\"_blank\" rel=\"noopener\">Titanide<\/a> an.<\/p>\n<p>Erhalten Sie Rabatte oder die neuesten Informationen \u00fcber den Steam Train, indem Sie uns auf <a href=\"https:\/\/www.facebook.com\/VapeAigleCH\" target=\"_blank\" rel=\"noopener\">Facebook<\/a> oder <a href=\"https:\/\/www.instagram.com\/vapotheque\" target=\"_blank\" rel=\"noopener\">Instagram<\/a> folgen.<\/p>\n","protected":false},"excerpt":{"rendered":"<p><strong>Erh\u00f6hen Sie Ihr Dampfen auf den Gipfel mit Apog\u00e9e, dem Clearomizer, der nach den Sternen greift!<\/strong><\/p>\n<p><strong>Der Apog\u00e9e<\/strong> wurde von <strong>Titanide<\/strong>, dem franz\u00f6sischen Hersteller von hochwertigen Dampfger\u00e4ten, entworfen und hat das Zeug dazu, K\u00f6pfe zu verdrehen &#8211; und Preise abzur\u00e4umen! Als gro\u00dfer Gewinner der <strong>Vapexpo 2024<\/strong> in der Kategorie Clearomizer ist dieses Schmuckst\u00fcck bereit, sowohl Amateure als auch Experten auf der Suche nach Perfektion zu begeistern. Wie sieht er aus? Unm\u00f6glich, unbemerkt zu bleiben. Wie ist sein Design? Entwickelt, um sowohl die Liebhaber von MTL (enges Dampfen) als auch von RDL (luftigeres Dampfen) zufrieden zu stellen, dank einer einstellbaren Airflow, die sowohl ein leises Dampfen als auch eine absolut wasserdichte Abdichtung gew\u00e4hrleistet. Mit <strong>dem Apog\u00e9e<\/strong> macht Titanide keine halben Sachen: Dieser Clearomizer kommt mit zwei au\u00dfergew\u00f6hnlichen Coils, die fein abgestimmt sind, um intensiven Geschmack und eine au\u00dfergew\u00f6hnliche Langlebigkeit zu garantieren. Und da Titanide wei\u00df, dass Sie nur das Beste wollen, ist dieses kleine Schmuckst\u00fcck ebenso robust wie raffiniert und hat eine <strong>f\u00fcnfj\u00e4hrige Garantie<\/strong>. F\u00fcr Liebhaber von Eleganz und Technologie ist <strong>der Apog\u00e9e<\/strong> nicht nur ein Clearomizer, sondern ein Dampferlebnis, das Sie in eine andere Dimension katapultiert.     <\/p>\n","protected":false},"featured_media":35989,"template":"","meta":{"_acf_changed":false},"product_cat":[440,418,442,408],"product_tag":[],"class_list":{"0":"post-36408","1":"product","2":"type-product","3":"status-publish","4":"has-post-thumbnail","6":"product_brand-titanide-de","7":"product_cat-atomizer","8":"product_cat-clearomizer","9":"product_cat-hervorgehobene-produkte","10":"product_cat-lieferbar-innerhalb-von-24-stunden-de","12":"first","13":"instock","14":"taxable","15":"shipping-taxable","16":"purchasable","17":"product-type-variable"},"acf":[],"jetpack_sharing_enabled":true,"_links":{"self":[{"href":"https:\/\/vapotheque.ch\/de\/wp-json\/wp\/v2\/product\/36408","targetHints":{"allow":["GET"]}}],"collection":[{"href":"https:\/\/vapotheque.ch\/de\/wp-json\/wp\/v2\/product"}],"about":[{"href":"https:\/\/vapotheque.ch\/de\/wp-json\/wp\/v2\/types\/product"}],"wp:featuredmedia":[{"embeddable":true,"href":"https:\/\/vapotheque.ch\/de\/wp-json\/wp\/v2\/media\/35989"}],"wp:attachment":[{"href":"https:\/\/vapotheque.ch\/de\/wp-json\/wp\/v2\/media?parent=36408"}],"wp:term":[{"taxonomy":"product_cat","embeddable":true,"href":"https:\/\/vapotheque.ch\/de\/wp-json\/wp\/v2\/product_cat?post=36408"},{"taxonomy":"product_tag","embeddable":true,"href":"https:\/\/vapotheque.ch\/de\/wp-json\/wp\/v2\/product_tag?post=36408"}],"curies":[{"name":"wp","href":"https:\/\/api.w.org\/{rel}","templated":true}]}}