{"id":36405,"date":"2024-10-15T14:07:21","date_gmt":"2024-10-15T12:07:21","guid":{"rendered":"https:\/\/vapotheque.ch\/boutique\/ben-northon-gold-digger-sels-10-ml-e-liquid\/"},"modified":"2024-10-15T14:07:21","modified_gmt":"2024-10-15T12:07:21","slug":"ben-northon-gold-digger-sels-10-ml-e-liquid","status":"publish","type":"product","link":"https:\/\/vapotheque.ch\/de\/shop\/ben-northon-gold-digger-sels-10-ml-e-liquid\/","title":{"rendered":"Ben Northon &#8211; Gold Digger SELS 10 ML E-Liquid"},"content":{"rendered":"<h2><strong>Ben Northon Gold Digger SELS 10 ML E-Liquide<\/strong>: Die Eroberung des Goldes<\/h2>\n<p>Nachdem Sie jeden Winkel des Fraser River mit Ihrem Sieb erkundet haben, sind Sie nun bereit, <strong>Ben Northon Gold Digger SELS 10 ML E-Liquid<\/strong> zu entdecken, ein E-Liquid, das alles Gold der Welt wert ist. Die anstrengende Suche hat ein Ende, denn Ben Northon hat mit diesem intensiven, reinen und authentischen <strong>Classic Blond<\/strong> den Jackpot geknackt. Dieser fl\u00fcssige Schatz bietet Ihnen einen goldenen Geschmack, der direkt in die Herzen der Liebhaber von Klassikern geht. Ein seltener, roher und unbezahlbarer Geschmack, der bereit ist, Ihre Geschmacksknospen zu erobern.   <\/p>\n<h3>Nikotinsalze: Das fl\u00fcssige Gold<\/h3>\n<p><strong>Ben Northon Gold Digger SELS 10 ML E-Liquid<\/strong> in der Version <strong>mit Nikotinsalzen<\/strong> bietet Ihnen eine hohe Dosis Nikotin, ohne den zu intensiven Hit, den Sie bei klassischem Nikotin bef\u00fcrchten k\u00f6nnten. Perfekt f\u00fcr Goldgr\u00e4ber&#8230; oder eher f\u00fcr Dampfer, die auf der Suche nach einer sanften Raucherentw\u00f6hnung sind! Sie haben ihn gefunden, Ihren Goldnugget! <strong>Ben Northon Gold Digger SELS 10 ML E-Liquid<\/strong> ist der Schatz f\u00fcr Dampfer, die auf der Suche nach dem perfekten Klassiker sind. <\/p>\n<p>&nbsp;<\/p>\n<p><strong><span style=\"vertical-align: inherit;\">Wichtig<\/span><\/strong><span style=\"vertical-align: inherit;\"> E-Liquid bereits nikotinisiert, verkauft in einer 10 ml Flasche.<\/span><\/p>\n<p class=\"class-fabrication\"><span style=\"vertical-align: inherit;\">Hergestellt in Frankreich; Verh\u00e4ltnis PG\/GV: 50 % \/ 50 %. Passt sich an jede Art von Material an.<\/span><\/p>\n<p>&nbsp;<\/p>\n<p>Entdecken Sie weitere Produkte der Marke <a href=\"\/marque\/ben-northon\/\" target=\"_blank\" rel=\"noopener\">Ben Northon<\/a>.<\/p>\n<p><span style=\"vertical-align: inherit;\">Erhalten Sie Rabatte oder die neuesten Informationen \u00fcber unsere Produkte, indem Sie uns in unseren sozialen Netzwerken folgen: <\/span><a href=\"https:\/\/www.facebook.com\/VapeAigleCH\" target=\"_blank\" rel=\"noopener\"><span style=\"vertical-align: inherit;\">Facebook<\/span><\/a><span style=\"vertical-align: inherit;\"> oder <\/span><a href=\"https:\/\/www.instagram.com\/vapotheque\" target=\"_blank\" rel=\"noopener\"><span style=\"vertical-align: inherit;\">Instagram<\/span><\/a><span style=\"vertical-align: inherit;\"> .<\/span><\/p>\n","protected":false},"excerpt":{"rendered":"<p>Die legend\u00e4re franz\u00f6sische Marke <strong>Ben Northon<\/strong> kehrt mit ihren klassischen e-Liquids zur\u00fcck, diesmal in der Version mit <strong>Nikotinsalz<\/strong>! Entdecken Sie Ihre Lieblingsgeschmacksrichtungen, aber mit einem sanften, f\u00fcr Nikotinsalze typischen Hit. Sie werden diese neue Art, Ihre klassischen E-Liquids zu genie\u00dfen, lieben! <\/p>\n<ul>\n<li><strong>PG\/VG-Verh\u00e4ltnis: 50\/50<\/strong>, das richtige Gleichgewicht zwischen dichtem Dampf und reichen Aromen.<\/li>\n<li>Erh\u00e4ltlich in <strong>10 mg\/ml<\/strong> oder <strong>20 mg\/ml<\/strong>, je nach Ihren Bed\u00fcrfnissen.<\/li>\n<li><strong>Hergestellt in Frankreich<\/strong> mit dem un\u00fcbertroffenen Fachwissen von Ben Northon.<\/li>\n<\/ul>\n","protected":false},"featured_media":35751,"template":"","meta":{"_acf_changed":false},"product_cat":[405,442,408,403,1629,1715],"product_tag":[],"class_list":{"0":"post-36405","1":"product","2":"type-product","3":"status-publish","4":"has-post-thumbnail","6":"product_brand-ben-northon-de","7":"product_cat-e-liquids","8":"product_cat-hervorgehobene-produkte","9":"product_cat-lieferbar-innerhalb-von-24-stunden-de","10":"product_cat-tabak","11":"product_cat-10-ml-mit-nikotin","12":"product_cat-10ml-750-de","14":"first","15":"instock","16":"taxable","17":"shipping-taxable","18":"purchasable","19":"product-type-variable"},"acf":[],"jetpack_sharing_enabled":true,"_links":{"self":[{"href":"https:\/\/vapotheque.ch\/de\/wp-json\/wp\/v2\/product\/36405","targetHints":{"allow":["GET"]}}],"collection":[{"href":"https:\/\/vapotheque.ch\/de\/wp-json\/wp\/v2\/product"}],"about":[{"href":"https:\/\/vapotheque.ch\/de\/wp-json\/wp\/v2\/types\/product"}],"wp:featuredmedia":[{"embeddable":true,"href":"https:\/\/vapotheque.ch\/de\/wp-json\/wp\/v2\/media\/35751"}],"wp:attachment":[{"href":"https:\/\/vapotheque.ch\/de\/wp-json\/wp\/v2\/media?parent=36405"}],"wp:term":[{"taxonomy":"product_cat","embeddable":true,"href":"https:\/\/vapotheque.ch\/de\/wp-json\/wp\/v2\/product_cat?post=36405"},{"taxonomy":"product_tag","embeddable":true,"href":"https:\/\/vapotheque.ch\/de\/wp-json\/wp\/v2\/product_tag?post=36405"}],"curies":[{"name":"wp","href":"https:\/\/api.w.org\/{rel}","templated":true}]}}