{"id":36402,"date":"2024-10-15T13:51:31","date_gmt":"2024-10-15T11:51:31","guid":{"rendered":"https:\/\/vapotheque.ch\/boutique\/ben-northon-love-blond-sels-10-ml-e-liquid\/"},"modified":"2024-10-15T13:51:31","modified_gmt":"2024-10-15T11:51:31","slug":"ben-northon-love-blond-sels-10-ml-e-liquid","status":"publish","type":"product","link":"https:\/\/vapotheque.ch\/de\/shop\/ben-northon-love-blond-sels-10-ml-e-liquid\/","title":{"rendered":"Ben Northon &#8211; Love Blond SELS 10 ML E-Liquid"},"content":{"rendered":"<h2><strong>Ben Northon Love Blond SELS 10 ML E-Liquid<\/strong>: Romantik mit jedem Zug<\/h2>\n<p><strong>Ben Northon Love Blond SELS 10 ML E-Liquid<\/strong> ist ein sanfter und eleganter Begleiter vom Sonnenaufgang bis zum Sonnenuntergang. Dieses <strong>klassische Goldblond<\/strong> ist leicht, subtil und passt perfekt zu Ihrer Stimmung, egal ob Sie den Tag erobern oder sich unter einem orangefarbenen Himmel entspannen. Cowboys und Cowgirls des Dampfens, machen Sie sich bereit, sich auf den ersten Blick in diese E-Fl\u00fcssigkeit zu verlieben, die es nie \u00fcbertreibt, aber bei jeder Inhalation einen unvergesslichen Eindruck hinterl\u00e4sst. Dies ist mehr als eine E-Liquid, es ist der Beginn einer Liebesgeschichte mit Ihrem Dampfen.   <\/p>\n<h3>Nikotinsalze: Eine Liebe ohne Suchtgefahr<\/h3>\n<p>Das Geheimnis des <strong>Ben Northon Love Blond SELS 10 ML E-Liquids <\/strong>liegt in seinen <strong>Nikotinsalzen<\/strong>. Durch die sanfte Zufuhr einer hohen Nikotindosis wird der manchmal zu aggressive Hit im Hals vermieden, was Ihnen ein komfortables Dampfen erm\u00f6glicht. Perfekt f\u00fcr diejenigen, die ihren Tabakkonsum reduzieren wollen, ohne dabei Kompromisse beim Genuss einzugehen! Lassen Sie sich von <strong>Ben Northon Love Blond SELS 10 ML E-Liquid<\/strong> verf\u00fchren und erleben Sie mit jedem Zug eine unvergessliche Romanze.  <\/p>\n<p>&nbsp;<\/p>\n<p><strong><span style=\"vertical-align: inherit;\">Wichtig<\/span><\/strong><span style=\"vertical-align: inherit;\"> E-Liquid bereits nikotinisiert, verkauft in einer 10 ml Flasche.<\/span><\/p>\n<p class=\"class-fabrication\"><span style=\"vertical-align: inherit;\">Hergestellt in Frankreich; Verh\u00e4ltnis PG\/GV: 50 % \/ 50 %. Passt sich an jede Art von Material an.<\/span><\/p>\n<p>&nbsp;<\/p>\n<p>Entdecken Sie weitere Produkte der Marke <a href=\"\/marque\/ben-northon\/\" target=\"_blank\" rel=\"noopener\">Ben Northon<\/a>.<\/p>\n<p><span style=\"vertical-align: inherit;\">Erhalten Sie Rabatte oder die neuesten Informationen \u00fcber unsere Produkte, indem Sie uns in unseren sozialen Netzwerken folgen: <\/span><a href=\"https:\/\/www.facebook.com\/VapeAigleCH\" target=\"_blank\" rel=\"noopener\"><span style=\"vertical-align: inherit;\">Facebook<\/span><\/a><span style=\"vertical-align: inherit;\"> oder <\/span><a href=\"https:\/\/www.instagram.com\/vapotheque\" target=\"_blank\" rel=\"noopener\"><span style=\"vertical-align: inherit;\">Instagram<\/span><\/a><span style=\"vertical-align: inherit;\"> .<\/span><\/p>\n","protected":false},"excerpt":{"rendered":"<p>Entdecken Sie die authentische Welt von <strong>Ben Northon<\/strong> in einer neuen Version <strong>mit Nikotinsalzen<\/strong> f\u00fcr ein noch intensiveres Erlebnis! Diese Serie vereint das handwerkliche K\u00f6nnen der Marke mit moderner Innovation und verspricht Ihnen immer wieder neue Geschmackserlebnisse mit einer fast perfekten Zufriedenheit. <\/p>\n<ul>\n<li><strong>PG\/VG-Verh\u00e4ltnis: 50\/50<\/strong>, das perfekte Gleichgewicht zwischen gro\u00dfz\u00fcgigem Dampf und delikaten Aromen.<\/li>\n<li>Erh\u00e4ltlich in <strong>10 mg\/ml<\/strong> oder <strong>20 mg\/ml<\/strong>, um sich an Ihre Bed\u00fcrfnisse anzupassen.<\/li>\n<li><strong>Hergestellt in Frankreich<\/strong> mit der Sorgfalt und Qualit\u00e4t, die man von Ben Northon erwartet.<\/li>\n<\/ul>\n","protected":false},"featured_media":35745,"template":"","meta":{"_acf_changed":false},"product_cat":[405,442,408,403,1629,1715],"product_tag":[],"class_list":{"0":"post-36402","1":"product","2":"type-product","3":"status-publish","4":"has-post-thumbnail","6":"product_brand-ben-northon-de","7":"product_cat-e-liquids","8":"product_cat-hervorgehobene-produkte","9":"product_cat-lieferbar-innerhalb-von-24-stunden-de","10":"product_cat-tabak","11":"product_cat-10-ml-mit-nikotin","12":"product_cat-10ml-750-de","14":"first","15":"instock","16":"taxable","17":"shipping-taxable","18":"purchasable","19":"product-type-variable"},"acf":[],"jetpack_sharing_enabled":true,"_links":{"self":[{"href":"https:\/\/vapotheque.ch\/de\/wp-json\/wp\/v2\/product\/36402","targetHints":{"allow":["GET"]}}],"collection":[{"href":"https:\/\/vapotheque.ch\/de\/wp-json\/wp\/v2\/product"}],"about":[{"href":"https:\/\/vapotheque.ch\/de\/wp-json\/wp\/v2\/types\/product"}],"wp:featuredmedia":[{"embeddable":true,"href":"https:\/\/vapotheque.ch\/de\/wp-json\/wp\/v2\/media\/35745"}],"wp:attachment":[{"href":"https:\/\/vapotheque.ch\/de\/wp-json\/wp\/v2\/media?parent=36402"}],"wp:term":[{"taxonomy":"product_cat","embeddable":true,"href":"https:\/\/vapotheque.ch\/de\/wp-json\/wp\/v2\/product_cat?post=36402"},{"taxonomy":"product_tag","embeddable":true,"href":"https:\/\/vapotheque.ch\/de\/wp-json\/wp\/v2\/product_tag?post=36402"}],"curies":[{"name":"wp","href":"https:\/\/api.w.org\/{rel}","templated":true}]}}