{"id":36399,"date":"2024-10-15T13:44:30","date_gmt":"2024-10-15T11:44:30","guid":{"rendered":"https:\/\/vapotheque.ch\/boutique\/ben-northon-black-horse-sels-10-ml-e-liquid\/"},"modified":"2024-10-15T13:44:30","modified_gmt":"2024-10-15T11:44:30","slug":"ben-northon-black-horse-sels-10-ml-e-liquid","status":"publish","type":"product","link":"https:\/\/vapotheque.ch\/de\/shop\/ben-northon-black-horse-sels-10-ml-e-liquid\/","title":{"rendered":"Ben Northon &#8211; Black Horse SELS 10 ML E-Liquid"},"content":{"rendered":"<div class=\"flex-shrink-0 flex flex-col relative items-end\">\n<div>\n<div class=\"pt-0\">\n<div class=\"gizmo-bot-avatar flex h-8 w-8 items-center justify-center overflow-hidden rounded-full\">\n<h2 class=\"relative p-1 rounded-sm flex items-center justify-center bg-token-main-surface-primary text-token-text-primary h-8 w-8\"><strong>Ben Northon Black Horse SELS 10 ML E-Liquide<\/strong>: Sind Sie bereit, den wilden Hengst zu z\u00e4hmen?<\/h2>\n<\/div>\n<\/div>\n<\/div>\n<\/div>\n<div class=\"group\/conversation-turn relative flex w-full min-w-0 flex-col agent-turn\">\n<div class=\"flex-col gap-1 md:gap-3\">\n<div class=\"flex max-w-full flex-col flex-grow\">\n<div class=\"min-h-8 text-message flex w-full flex-col items-end gap-2 whitespace-normal break-words [.text-message+&amp;]:mt-5\" dir=\"auto\" data-message-author-role=\"assistant\" data-message-id=\"2a6579a7-d4c6-4e7b-882e-f067d9e93cf6\" data-message-model-slug=\"gpt-4o\">\n<div class=\"flex w-full flex-col gap-1 empty:hidden first:pt-[3px]\">\n<div class=\"markdown prose w-full break-words dark:prose-invert light\">\n<p>Der <strong>Ben Northon Black Horse SELS 10 ML E-Liquid<\/strong> ist wild, ungez\u00e4hmt und muskul\u00f6s, er wird nicht von irgendjemandem geritten! Seine k\u00fchne Mischung aus <strong>klassischem Blond<\/strong> und <strong>klassischem Braun<\/strong> nimmt Sie mit auf einen Ritt durch vollmundige Aromen und tiefe Holznoten. Nur die erfahrensten Dampfer werden dieses intensive Gebr\u00e4u meistern. Sind Sie bereit, sich diesem schwarzen Pferd zu stellen?   <\/p>\n<h3>Warum Nikotinsalze?<\/h3>\n<p>Dank der <strong>Nikotinsalze<\/strong> bietet Ihnen das <strong>Ben Northon Black Horse SELS 10 ML E-Liquid<\/strong> eine starke Dosis Nikotin, ohne den aggressiven Hit im Hals, den klassisches Nikotin verursacht. Ein wahres Rodeo von Geschmack und Zufriedenheit, perfekt f\u00fcr Cowboys, die auf der Suche nach einer schmerzfreien Raucherentw\u00f6hnung sind. Schwingen Sie sich in den Sattel und bereiten Sie sich auf ein geschmackliches Abenteuer vor mit <strong>Ben Northon Black Horse SELS 10 ML E-Liquid<\/strong>, dem E-Liquid, das die Liebhaber von kr\u00e4ftigen Klassikern zum Galoppieren bringt. <\/p>\n<\/div>\n<\/div>\n<\/div>\n<\/div>\n<\/div>\n<\/div>\n<p>&nbsp;<\/p>\n<p><strong><span style=\"vertical-align: inherit;\">Wichtig<\/span><\/strong><span style=\"vertical-align: inherit;\"> E-Liquid bereits nikotinisiert, verkauft in einer 10 ml Flasche.<\/span><\/p>\n<p class=\"class-fabrication\"><span style=\"vertical-align: inherit;\">Hergestellt in Frankreich; Verh\u00e4ltnis PG\/GV: 50 % \/ 50 %. Passt sich an jede Art von Material an.<\/span><\/p>\n<p>&nbsp;<\/p>\n<p>Entdecken Sie weitere Produkte der Marke <a href=\"\/marque\/ben-northon\/\" target=\"_blank\" rel=\"noopener\">Ben Northon<\/a>.<\/p>\n<p><span style=\"vertical-align: inherit;\">Erhalten Sie Rabatte oder die neuesten Informationen \u00fcber unsere Produkte, indem Sie uns in unseren sozialen Netzwerken folgen: <\/span><a href=\"https:\/\/www.facebook.com\/VapeAigleCH\" target=\"_blank\" rel=\"noopener\"><span style=\"vertical-align: inherit;\">Facebook<\/span><\/a><span style=\"vertical-align: inherit;\"> oder <\/span><a href=\"https:\/\/www.instagram.com\/vapotheque\" target=\"_blank\" rel=\"noopener\"><span style=\"vertical-align: inherit;\">Instagram<\/span><\/a><span style=\"vertical-align: inherit;\"> .<\/span><\/p>\n","protected":false},"excerpt":{"rendered":"<p>Willkommen auf der <strong>Ranch von Ben Northon<\/strong>, wo der beste Cowboy des Wilden Westens mit seinen Vollblut-E-Liquids auf Sie wartet! Wenn Sie dachten, dass Sie das Dampfen schon kennen, dann halten Sie sich gut fest, denn mit <strong>Nikotinsalzen<\/strong> wird das Erlebnis noch intensiver und befriedigender. <\/p>\n<ul>\n<li><strong>PG\/VG-Verh\u00e4ltnis: 50\/50<\/strong>, f\u00fcr ein perfektes Gleichgewicht zwischen gro\u00dfz\u00fcgigen Wolken und tiefen Aromen.<\/li>\n<li>Erh\u00e4ltlich in <strong>10 mg\/ml<\/strong> oder <strong>20 mg\/ml<\/strong>, um sich an Ihre Bed\u00fcrfnisse anzupassen.<\/li>\n<li><strong>Hergestellt in Frankreich<\/strong>, weil wir Qualit\u00e4t lieben, selbst im Wilden Westen!<\/li>\n<\/ul>\n","protected":false},"featured_media":35739,"template":"","meta":{"_acf_changed":false},"product_cat":[405,442,408,403,1629,1715],"product_tag":[],"class_list":{"0":"post-36399","1":"product","2":"type-product","3":"status-publish","4":"has-post-thumbnail","6":"product_brand-ben-northon-de","7":"product_cat-e-liquids","8":"product_cat-hervorgehobene-produkte","9":"product_cat-lieferbar-innerhalb-von-24-stunden-de","10":"product_cat-tabak","11":"product_cat-10-ml-mit-nikotin","12":"product_cat-10ml-750-de","14":"first","15":"instock","16":"taxable","17":"shipping-taxable","18":"purchasable","19":"product-type-variable"},"acf":[],"jetpack_sharing_enabled":true,"_links":{"self":[{"href":"https:\/\/vapotheque.ch\/de\/wp-json\/wp\/v2\/product\/36399","targetHints":{"allow":["GET"]}}],"collection":[{"href":"https:\/\/vapotheque.ch\/de\/wp-json\/wp\/v2\/product"}],"about":[{"href":"https:\/\/vapotheque.ch\/de\/wp-json\/wp\/v2\/types\/product"}],"wp:featuredmedia":[{"embeddable":true,"href":"https:\/\/vapotheque.ch\/de\/wp-json\/wp\/v2\/media\/35739"}],"wp:attachment":[{"href":"https:\/\/vapotheque.ch\/de\/wp-json\/wp\/v2\/media?parent=36399"}],"wp:term":[{"taxonomy":"product_cat","embeddable":true,"href":"https:\/\/vapotheque.ch\/de\/wp-json\/wp\/v2\/product_cat?post=36399"},{"taxonomy":"product_tag","embeddable":true,"href":"https:\/\/vapotheque.ch\/de\/wp-json\/wp\/v2\/product_tag?post=36399"}],"curies":[{"name":"wp","href":"https:\/\/api.w.org\/{rel}","templated":true}]}}