{"id":36381,"date":"2024-10-14T16:09:34","date_gmt":"2024-10-14T14:09:34","guid":{"rendered":"https:\/\/vapotheque.ch\/boutique\/vaping-in-paris-silver-fox-rote-fruechte-10-ml-e-liquid\/"},"modified":"2024-10-14T16:09:34","modified_gmt":"2024-10-14T14:09:34","slug":"vaping-in-paris-silver-fox-rote-fruechte-10-ml-e-liquid","status":"publish","type":"product","link":"https:\/\/vapotheque.ch\/de\/shop\/vaping-in-paris-silver-fox-rote-fruechte-10-ml-e-liquid\/","title":{"rendered":"Vaping In Paris &#8211; Silver Fox &#8211; Rote Fr\u00fcchte 10 ML E-Liquid"},"content":{"rendered":"<h2><strong>Vaping In Paris Silver Fox &#8211; Fruits Rouges 10 ML E-Liquide<\/strong>: ein Korb voller gefrorener roter Fr\u00fcchte!<\/h2>\n<p><strong>Vaping In Paris<\/strong> pr\u00e4sentiert Ihnen das <strong>Vaping In Paris Silver Fox &#8211; Rote Fr\u00fcchte 10 ML E-Liquid<\/strong>! Bereiten Sie sich auf eine fruchtige Eisexplosion vor, die Sie von Kopf bis Fu\u00df erfrischen wird! Diese herrlich frische Mischung vereint saftige rote Fr\u00fcchte mit einem Hauch von Eis f\u00fcr ein intensives und erfrischendes Dampferlebnis. Alle Liquids von <strong>Vaping In Paris<\/strong> werden mit Sorgfalt aus nat\u00fcrlichen Aromen und ohne unn\u00f6tige Zus\u00e4tze wie S\u00fc\u00dfstoffe oder Koolada hergestellt. Diese ultra-realistische Mischung ist authentisch und reproduziert perfekt die Aromen von Einweg-Puffs, aber in einer nachhaltigeren und umweltfreundlicheren Version! Sie m\u00f6gen fruchtig-frische Geschmackserlebnisse? Dann ist diese E-Liquid genau das Richtige f\u00fcr Sie! Lassen Sie sich von der Komplexit\u00e4t dieses Eiscocktails verf\u00fchren, der rote Fr\u00fcchte und intensive Frische vereint. Ob Sie nun auf der Suche nach einem kr\u00e4ftigen Geschmack oder einer erfrischenden Erfahrung sind, <strong>Vaping In Paris Silver Fox &#8211; Rote Fr\u00fcchte 10 ML E-Liquid <\/strong>wird Ihr neuer Lieblingsdampfbegleiter werden. Mit einer 100% pflanzlichen Basis und einem perfekten Gleichgewicht von <strong>50 pflanzlichen PG \/ 50 VG<\/strong>, garantiert Ihnen dieses E-Liquid ein sanftes und schmackhaftes Dampfen mit einer sch\u00f6nen Dampfproduktion. Sind Sie bereit, in die eisige Welle einzutauchen? Testen Sie <strong>Vaping In Paris Silver Fox &#8211; Rote Fr\u00fcchte 10 ML E-Liquid<\/strong> und genie\u00dfen Sie bei jeder Inhalation einen fruchtigen und erfrischenden Dampf. <\/p>\n<p>&nbsp;<\/p>\n<p><strong><span style=\"vertical-align: inherit;\">Wichtig<\/span><\/strong><span style=\"vertical-align: inherit;\"> E-Liquid bereits nikotinisiert, verkauft in einer 10 ml Flasche.<\/span><\/p>\n<p class=\"class-fabrication\"><span style=\"vertical-align: inherit;\">Hergestellt in Frankreich; Verh\u00e4ltnis MPGV\/GV: 50 % \/ 50 %. Passt sich an jede Art von Material an.<\/span><\/p>\n<p>&nbsp;<\/p>\n<p><span style=\"vertical-align: inherit;\">Entdecken Sie weitere Produkte der Marke <\/span><a href=\"\/marque\/vaping-in-paris\"><span style=\"vertical-align: inherit;\">Vaping in Paris<\/span><\/a><span style=\"vertical-align: inherit;\"> .<\/span><\/p>\n<p><span style=\"vertical-align: inherit;\">Erhalten Sie Rabatte oder die neuesten Informationen \u00fcber unsere Produkte, indem Sie uns in unseren sozialen Netzwerken folgen: <\/span><a href=\"https:\/\/www.facebook.com\/VapeAigleCH\" target=\"_blank\" rel=\"noopener\"><span style=\"vertical-align: inherit;\">Facebook<\/span><\/a><span style=\"vertical-align: inherit;\"> oder <\/span><a href=\"https:\/\/www.instagram.com\/vapotheque\" target=\"_blank\" rel=\"noopener\"><span style=\"vertical-align: inherit;\">Instagram<\/span><\/a><span style=\"vertical-align: inherit;\"> .<\/span><\/p>\n","protected":false},"excerpt":{"rendered":"<p>Vaping In Paris Silver Fox &#8211; Fruits Rouges 10 ML E-Liquide: ein Korb voller gefrorener roter Fr\u00fcchte! Vaping In Paris pr\u00e4sentiert Ihnen das Vaping In Paris Silver Fox &#8211; Rote Fr\u00fcchte 10 ML E-Liquid! Bereiten Sie sich auf eine fruchtige Eisexplosion vor, die Sie von Kopf bis Fu\u00df erfrischen wird! Diese herrlich frische Mischung vereint [&hellip;]<\/p>\n","protected":false},"featured_media":35214,"template":"","meta":{"_acf_changed":false},"product_cat":[405,404,442,408,1629,1716],"product_tag":[],"class_list":{"0":"post-36381","1":"product","2":"type-product","3":"status-publish","4":"has-post-thumbnail","6":"product_brand-vaping-in-paris-de","7":"product_cat-e-liquids","8":"product_cat-fruchtig","9":"product_cat-hervorgehobene-produkte","10":"product_cat-lieferbar-innerhalb-von-24-stunden-de","11":"product_cat-10-ml-mit-nikotin","12":"product_cat-10ml-790-de","14":"first","15":"instock","16":"taxable","17":"shipping-taxable","18":"purchasable","19":"product-type-variable"},"acf":[],"jetpack_sharing_enabled":true,"_links":{"self":[{"href":"https:\/\/vapotheque.ch\/de\/wp-json\/wp\/v2\/product\/36381","targetHints":{"allow":["GET"]}}],"collection":[{"href":"https:\/\/vapotheque.ch\/de\/wp-json\/wp\/v2\/product"}],"about":[{"href":"https:\/\/vapotheque.ch\/de\/wp-json\/wp\/v2\/types\/product"}],"wp:featuredmedia":[{"embeddable":true,"href":"https:\/\/vapotheque.ch\/de\/wp-json\/wp\/v2\/media\/35214"}],"wp:attachment":[{"href":"https:\/\/vapotheque.ch\/de\/wp-json\/wp\/v2\/media?parent=36381"}],"wp:term":[{"taxonomy":"product_cat","embeddable":true,"href":"https:\/\/vapotheque.ch\/de\/wp-json\/wp\/v2\/product_cat?post=36381"},{"taxonomy":"product_tag","embeddable":true,"href":"https:\/\/vapotheque.ch\/de\/wp-json\/wp\/v2\/product_tag?post=36381"}],"curies":[{"name":"wp","href":"https:\/\/api.w.org\/{rel}","templated":true}]}}