{"id":36376,"date":"2024-10-14T12:41:59","date_gmt":"2024-10-14T10:41:59","guid":{"rendered":"https:\/\/vapotheque.ch\/boutique\/vaping-in-paris-cigarillo-sels-10-ml-e-liquid\/"},"modified":"2024-10-14T12:41:59","modified_gmt":"2024-10-14T10:41:59","slug":"vaping-in-paris-cigarillo-sels-10-ml-e-liquid","status":"publish","type":"product","link":"https:\/\/vapotheque.ch\/de\/shop\/vaping-in-paris-cigarillo-sels-10-ml-e-liquid\/","title":{"rendered":"Vaping In Paris &#8211; Cigarillo SELS 10 ml E-Liquid"},"content":{"rendered":"<h2><strong>Vaping In Paris Cigarillo SELS 10 ml E-Liquid: ein kleines Wunder f\u00fcr die Liebhaber von authentischen und kr\u00e4ftigen Aromen!<\/strong><\/h2>\n<p>Sie suchen nach einem Dampfen, das an den Geschmack eines guten Zigarillos erinnert, ohne die Probleme des traditionellen Tabaks? Das <strong>Vaping In Paris Cigarillo SELS 10 ml E-Liquid<\/strong> ist die perfekte Antwort auf Ihre W\u00fcnsche. Stellen Sie sich den Charme eines Zigarillos vor, mit seinen holzigen, leicht w\u00fcrzigen Noten und seiner Raffinesse, aber in einem milderen und subtileren Format, dank der Nikotinsalze. Ein Dampfen mit starkem Charakter, aber ohne den Hals anzugreifen.   <\/p>\n<h3><strong>Ein kr\u00e4ftiger Duft mit einem Hauch von S\u00fc\u00dfe<\/strong><\/h3>\n<p>Das <strong>Vaping In Paris Cigarillo SELS 10 ml E-Liquid<\/strong> f\u00e4ngt die Essenz eines klassischen Zigarillos mit seinen robusten Tabaknuancen ein, w\u00e4hrend es gleichzeitig eine milde und angenehme Erfahrung bietet. Sie werden die rauchigen und holzigen Noten wiederfinden, die an den Reichtum eines guten Zigarillos erinnern, aber mit einer zus\u00e4tzlichen Leichtigkeit, die jeden Zug zu einem angenehmen und befriedigenden Erlebnis macht. Perfekt f\u00fcr diejenigen, die die Authentizit\u00e4t eines trockenen Tabaks suchen, ohne Kompromisse bei der S\u00fc\u00dfe einzugehen.  <\/p>\n<h3><strong>Warum Nikotinsalze?<\/strong><\/h3>\n<p><strong>Nikotinsalze<\/strong> sorgen f\u00fcr einen leichteren Rachenhit, w\u00e4hrend sie gleichzeitig eine schnellere Nikotinaufnahme erm\u00f6glichen. So k\u00f6nnen Sie einen h\u00f6heren Nikotingehalt genie\u00dfen, w\u00e4hrend Sie gleichzeitig ein weiches und angenehmes Gef\u00fchl im Mund behalten. Ideal f\u00fcr diejenigen, die die H\u00e4ufigkeit der Z\u00fcge reduzieren und gleichzeitig eine schnelle und effektive Befriedigung beibehalten m\u00f6chten.  <\/p>\n<h3><strong>Nat\u00fcrliche Aromen und Vaping In Paris-Qualit\u00e4t<\/strong><\/h3>\n<p>Wie immer bei <strong>Vaping In Paris<\/strong> wird dieses Liquid mit nat\u00fcrlichen Aromen, die speziell f\u00fcr das Dampfen entwickelt wurden, und einer 100% pflanzlichen Basis, ohne k\u00fcnstliche Zusatzstoffe, S\u00fc\u00dfstoffe und Koolada hergestellt. Nur das pure Vergn\u00fcgen eines Dampfes mit einem klaren und nat\u00fcrlichen Geschmack, entwickelt, um Ihnen ein authentisches Dampferlebnis zu bieten. <\/p>\n<h3><strong>Einige Tipps f\u00fcr ein optimales Dampfen<\/strong><\/h3>\n<p>Um die Qualit\u00e4t der Nikotinsalze zu erhalten und den vollen Geschmack des <strong>Vaping In Paris Cigarillo SELS 10 ml E-Liquid<\/strong> zu genie\u00dfen, wird empfohlen, mit einem Widerstand von mindestens 1 Ohm zu dampfen und die Leistung von 18 Watt nicht zu \u00fcberschreiten. Mit diesen Einstellungen erhalten Sie einen sanften Dampf und eine perfekte Wiedergabe der Aromen. <strong>Lust auf eine R\u00fcckkehr zur Authentizit\u00e4t?<\/strong><br \/>\n<strong>Vaping In Paris Cigarillo SELS 10 ml E-Liquid<\/strong> ist Ihr idealer Begleiter f\u00fcr ein charakterstarkes, aber sanftes Dampfen. Der Geschmack eines echten Zigarillos, ohne die Nachteile des Tabaks und mit der Premium-Qualit\u00e4t franz\u00f6sischer E-Liquids. <\/p>\n<p>&nbsp;<\/p>\n<p><strong><span style=\"vertical-align: inherit;\">Wichtig<\/span><\/strong><span style=\"vertical-align: inherit;\"> E-Liquid bereits nikotinisiert, verkauft in einer 10 ml Flasche.<\/span><\/p>\n<p class=\"class-fabrication\"><span style=\"vertical-align: inherit;\">Hergestellt in Frankreich; Verh\u00e4ltnis MPGV\/GV: 50 % \/ 50 %. Passt sich an jede Art von Material an.<\/span><\/p>\n<p>&nbsp;<\/p>\n<p><span style=\"vertical-align: inherit;\">Entdecken Sie weitere Produkte der Marke <\/span><a href=\"\/marque\/vaping-in-paris\"><span style=\"vertical-align: inherit;\">Vaping in Paris<\/span><\/a><span style=\"vertical-align: inherit;\"> .<\/span><\/p>\n<p><span style=\"vertical-align: inherit;\">Erhalten Sie Rabatte oder die neuesten Informationen \u00fcber unsere Produkte, indem Sie uns in unseren sozialen Netzwerken folgen: <\/span><a href=\"https:\/\/www.facebook.com\/VapeAigleCH\" target=\"_blank\" rel=\"noopener\"><span style=\"vertical-align: inherit;\">Facebook<\/span><\/a><span style=\"vertical-align: inherit;\"> oder <\/span><a href=\"https:\/\/www.instagram.com\/vapotheque\" target=\"_blank\" rel=\"noopener\"><span style=\"vertical-align: inherit;\">Instagram<\/span><\/a><span style=\"vertical-align: inherit;\"> .<\/span><\/p>\n","protected":false},"excerpt":{"rendered":"<p>Vaping In Paris Cigarillo SELS 10 ml E-Liquid: ein kleines Wunder f\u00fcr die Liebhaber von authentischen und kr\u00e4ftigen Aromen! Sie suchen nach einem Dampfen, das an den Geschmack eines guten Zigarillos erinnert, ohne die Probleme des traditionellen Tabaks? Das Vaping In Paris Cigarillo SELS 10 ml E-Liquid ist die perfekte Antwort auf Ihre W\u00fcnsche. Stellen [&hellip;]<\/p>\n","protected":false},"featured_media":37796,"template":"","meta":{"_acf_changed":false},"product_cat":[405,442,408,403,1629,1716],"product_tag":[],"class_list":{"0":"post-36376","1":"product","2":"type-product","3":"status-publish","4":"has-post-thumbnail","6":"product_brand-vaping-in-paris-de","7":"product_cat-e-liquids","8":"product_cat-hervorgehobene-produkte","9":"product_cat-lieferbar-innerhalb-von-24-stunden-de","10":"product_cat-tabak","11":"product_cat-10-ml-mit-nikotin","12":"product_cat-10ml-790-de","14":"first","15":"instock","16":"taxable","17":"shipping-taxable","18":"purchasable","19":"product-type-variable"},"acf":[],"jetpack_sharing_enabled":true,"_links":{"self":[{"href":"https:\/\/vapotheque.ch\/de\/wp-json\/wp\/v2\/product\/36376","targetHints":{"allow":["GET"]}}],"collection":[{"href":"https:\/\/vapotheque.ch\/de\/wp-json\/wp\/v2\/product"}],"about":[{"href":"https:\/\/vapotheque.ch\/de\/wp-json\/wp\/v2\/types\/product"}],"wp:featuredmedia":[{"embeddable":true,"href":"https:\/\/vapotheque.ch\/de\/wp-json\/wp\/v2\/media\/37796"}],"wp:attachment":[{"href":"https:\/\/vapotheque.ch\/de\/wp-json\/wp\/v2\/media?parent=36376"}],"wp:term":[{"taxonomy":"product_cat","embeddable":true,"href":"https:\/\/vapotheque.ch\/de\/wp-json\/wp\/v2\/product_cat?post=36376"},{"taxonomy":"product_tag","embeddable":true,"href":"https:\/\/vapotheque.ch\/de\/wp-json\/wp\/v2\/product_tag?post=36376"}],"curies":[{"name":"wp","href":"https:\/\/api.w.org\/{rel}","templated":true}]}}