{"id":36369,"date":"2024-10-14T14:39:20","date_gmt":"2024-10-14T12:39:20","guid":{"rendered":"https:\/\/vapotheque.ch\/boutique\/vaping-in-paris-silver-fox-traube-10-ml-e-liquid\/"},"modified":"2024-10-14T14:39:20","modified_gmt":"2024-10-14T12:39:20","slug":"vaping-in-paris-silver-fox-traube-10-ml-e-liquid","status":"publish","type":"product","link":"https:\/\/vapotheque.ch\/de\/shop\/vaping-in-paris-silver-fox-traube-10-ml-e-liquid\/","title":{"rendered":"Vaping In Paris &#8211; Silver Fox &#8211; Traube 10 ML E-Liquid"},"content":{"rendered":"<h2><strong>Vaping In Paris Silver Fox &#8211; Raisin 10 ML E-Liquid<\/strong>: eine frische Traube wie keine andere!<\/h2>\n<p>Bereiten Sie sich auf eine Lawine fruchtiger Frische vor mit dem <strong>Vaping In Paris Silver Fox &#8211; Raisin 10 ML E-Liquid<\/strong>, einem Wirbelwind aus gefrorenen Aromen aus der <strong>Silver Fox<\/strong> Serie! Dieses E-Liquid f\u00e4ngt die Essenz von reifen, saftigen und s\u00fc\u00dfen Trauben ein, eingeh\u00fcllt in eine eisige Brise, die Ihren Gaumen mit jedem Zug verw\u00f6hnen wird. <strong>Vaping In Paris<\/strong>, ein Meister in der Kunst der nat\u00fcrlichen Aromen, bietet Ihnen hier ein fruchtiges und erfrischendes Erlebnis, das seinesgleichen sucht. Alle Liquids sind mit 100% nat\u00fcrlichen Aromen hergestellt, die speziell f\u00fcr das Dampfen entwickelt wurden, und ohne Koolada oder S\u00fc\u00dfstoffe.<\/p>\n<p>  Ergebnis? Ein authentisches und reines Vergn\u00fcgen bei jeder Inhalation! Mit dem <strong>Vaping In Paris Silver Fox &#8211; Raisin 10 ML E-Liquid<\/strong> erwarten Sie eine Explosion von fruchtiger S\u00fc\u00dfe, perfekt ausbalanciert mit einer subtilen Frische. Ob Sie nun ein Fan von Einweg-Puffs sind oder einfach nur nach einem E-Liquid mit einem unwiderstehlichen Traubenaroma suchen, dieses ist genau das Richtige f\u00fcr Sie. Hergestellt in Frankreich, mit einer <strong>100% pflanzlichen Basis<\/strong>, garantiert Ihnen diese Fl\u00fcssigkeit ein Dampfen, das Ihren Geschmack und unseren Planeten respektiert. Wollen wir dampfen?<\/p>\n<p>&nbsp;<\/p>\n<p><strong><span style=\"vertical-align: inherit;\">Wichtig<\/span><\/strong><span style=\"vertical-align: inherit;\"> E-Liquid bereits nikotinisiert, verkauft in einer 10 ml Flasche.<\/span><\/p>\n<p class=\"class-fabrication\"><span style=\"vertical-align: inherit;\">Hergestellt in Frankreich; Verh\u00e4ltnis MPGV\/GV: 50 % \/ 50 %. Passt sich an jede Art von Material an.<\/span><\/p>\n<p>&nbsp;<\/p>\n<p><span style=\"vertical-align: inherit;\">Entdecken Sie weitere Produkte der Marke <\/span><a href=\"\/marque\/vaping-in-paris\"><span style=\"vertical-align: inherit;\">Vaping in Paris<\/span><\/a><span style=\"vertical-align: inherit;\"> .<\/span><\/p>\n<p><span style=\"vertical-align: inherit;\">Erhalten Sie Rabatte oder die neuesten Informationen \u00fcber unsere Produkte, indem Sie uns in unseren sozialen Netzwerken folgen: <\/span><a href=\"https:\/\/www.facebook.com\/VapeAigleCH\" target=\"_blank\" rel=\"noopener\"><span style=\"vertical-align: inherit;\">Facebook<\/span><\/a><span style=\"vertical-align: inherit;\"> oder <\/span><a href=\"https:\/\/www.instagram.com\/vapotheque\" target=\"_blank\" rel=\"noopener\"><span style=\"vertical-align: inherit;\">Instagram<\/span><\/a><span style=\"vertical-align: inherit;\"> .<\/span><\/p>\n","protected":false},"excerpt":{"rendered":"<p>Vaping In Paris Silver Fox &#8211; Raisin 10 ML E-Liquid: eine frische Traube wie keine andere! Bereiten Sie sich auf eine Lawine fruchtiger Frische vor mit dem Vaping In Paris Silver Fox &#8211; Raisin 10 ML E-Liquid, einem Wirbelwind aus gefrorenen Aromen aus der Silver Fox Serie! Dieses E-Liquid f\u00e4ngt die Essenz von reifen, saftigen [&hellip;]<\/p>\n","protected":false},"featured_media":37738,"template":"","meta":{"_acf_changed":false},"product_cat":[405,404,442,408,1629,1716],"product_tag":[],"class_list":{"0":"post-36369","1":"product","2":"type-product","3":"status-publish","4":"has-post-thumbnail","6":"product_brand-vaping-in-paris-de","7":"product_cat-e-liquids","8":"product_cat-fruchtig","9":"product_cat-hervorgehobene-produkte","10":"product_cat-lieferbar-innerhalb-von-24-stunden-de","11":"product_cat-10-ml-mit-nikotin","12":"product_cat-10ml-790-de","14":"first","15":"instock","16":"taxable","17":"shipping-taxable","18":"purchasable","19":"product-type-variable"},"acf":[],"jetpack_sharing_enabled":true,"_links":{"self":[{"href":"https:\/\/vapotheque.ch\/de\/wp-json\/wp\/v2\/product\/36369","targetHints":{"allow":["GET"]}}],"collection":[{"href":"https:\/\/vapotheque.ch\/de\/wp-json\/wp\/v2\/product"}],"about":[{"href":"https:\/\/vapotheque.ch\/de\/wp-json\/wp\/v2\/types\/product"}],"wp:featuredmedia":[{"embeddable":true,"href":"https:\/\/vapotheque.ch\/de\/wp-json\/wp\/v2\/media\/37738"}],"wp:attachment":[{"href":"https:\/\/vapotheque.ch\/de\/wp-json\/wp\/v2\/media?parent=36369"}],"wp:term":[{"taxonomy":"product_cat","embeddable":true,"href":"https:\/\/vapotheque.ch\/de\/wp-json\/wp\/v2\/product_cat?post=36369"},{"taxonomy":"product_tag","embeddable":true,"href":"https:\/\/vapotheque.ch\/de\/wp-json\/wp\/v2\/product_tag?post=36369"}],"curies":[{"name":"wp","href":"https:\/\/api.w.org\/{rel}","templated":true}]}}