{"id":36366,"date":"2024-10-14T11:56:32","date_gmt":"2024-10-14T09:56:32","guid":{"rendered":"https:\/\/vapotheque.ch\/boutique\/vaping-in-paris-silver-fox-erdbeer-banane-sels-10-ml-e-liquid\/"},"modified":"2024-10-14T11:56:32","modified_gmt":"2024-10-14T09:56:32","slug":"vaping-in-paris-silver-fox-erdbeer-banane-sels-10-ml-e-liquid","status":"publish","type":"product","link":"https:\/\/vapotheque.ch\/de\/shop\/vaping-in-paris-silver-fox-erdbeer-banane-sels-10-ml-e-liquid\/","title":{"rendered":"Vaping In Paris &#8211; Silver Fox &#8211; Erdbeer Banane SELS 10 ML E-Liquid"},"content":{"rendered":"<h2><strong>Vaping In Paris Silver Fox &#8211; Erdbeer Banane SELS 10 ML E-Liquid: der perfekte Smoothie!<\/strong><\/h2>\n<p>Haben Sie Lust auf einen fruchtigen Cocktail, der Sie direkt in die Tropen bringt? Mit der gewagten Mischung aus saftiger Erdbeere und cremiger Banane, gew\u00fcrzt mit einer Welle eisiger Frische, ist dieses <strong>Vaping In Paris Silver Fox &#8211; Erdbeer Banane SELS 10 ML E-Liquid<\/strong> ein Must-Have f\u00fcr alle, die intensive und erfrischende fruchtige Eindr\u00fccke lieben! <\/p>\n<p><strong>Eine gefrostete K\u00f6stlichkeit in jeder Wolke!<\/strong><br \/>\nStellen Sie sich eine perfekt reife, s\u00fc\u00dfe und leicht s\u00e4uerliche Erdbeere vor, die mit einer s\u00fc\u00dfen und cremigen Banane tanzt. F\u00fcgen Sie einen eisigen Hauch hinzu, um bei jedem Inhalieren ein belebendes Gef\u00fchl der Frische zu erleben. Dieses ikonische Fruchtduo, neu interpretiert in einer Eisversion, wird Ihre Geschmacksknospen bei jedem Atemzug vibrieren lassen! <strong>Silver Fox: Fruchtige Aromen im Stil eines Einweg-Puffs, aber besser!<\/strong><br \/>\nDie Liquids der <strong>Silver Fox Salt<\/strong> Serie bilden die beliebten Aromen von Einweg-Puffs perfekt nach und bieten Ihnen gleichzeitig ein nachhaltigeres und umweltfreundlicheres Raucherlebnis. Wenn Sie diese Art des Dampfens m\u00f6gen, dann ist dieses Rezept genau das Richtige f\u00fcr Sie: nat\u00fcrliche Aromen, keine Coolada, keine S\u00fc\u00dfstoffe, aber daf\u00fcr jede Menge Spa\u00df! <strong>Nikotinsalze f\u00fcr einen sanften Hit<\/strong><br \/>\nDank der Nikotinsalze <strong>in Vaping In Paris Silver Fox &#8211; Erdbeer Banane SELS 10 ML E-Liquid<\/strong> k\u00f6nnen Sie einen sanften Hit im Hals genie\u00dfen, selbst bei einem h\u00f6heren Nikotinspiegel. Das Nikotin wird schneller vom K\u00f6rper aufgenommen, was zu einer sofortigen und anhaltenden Befriedigung f\u00fchrt. Weniger Z\u00fcge, mehr Wirkung!  <\/p>\n<p><strong>Optimieren Sie Ihr Dampfen f\u00fcr maximalen Genuss!<\/strong><br \/>\nUm dieses fruchtige und eisige Erlebnis in vollen Z\u00fcgen zu genie\u00dfen, halten Sie sich an die Benutzungshinweise: dampfen Sie bei weniger als 18 Watt und verwenden Sie einen Widerstand von mindestens 1 Ohm, um die Integrit\u00e4t der Nikotinsalze zu bewahren und die Aromen zu sublimieren. Ergebnis? Ein sanfter Dampf, reich an Aromen und eine perfekt ausgewogene Frische. <strong>Nat\u00fcrliche und ausgewogene Zusammensetzung<\/strong><br \/>\nMit einem Verh\u00e4ltnis von 50 pflanzlichem PG \/ 50 VG bietet dieses Liquid ein perfektes Gleichgewicht zwischen Dampfproduktion und Geschmacksintensit\u00e4t. Hergestellt aus 100% pflanzlicher Basis und nat\u00fcrlichen Aromen, garantiert es Ihnen ein reines Dampfen, das Ihre Geschmacksnerven schont. <strong>Lust auf die ultimative fruchtige und frostige Kombination?<\/strong><br \/>\nMit dem <strong>Vaping In Paris Silver Fox &#8211; Erdbeer Banane SELS 10 ML E-Liquid<\/strong> machen Sie aus jedem Dampfen einen erfrischenden, fruchtigen und perfekt ausgewogenen Moment. \ud83c\udf2c\ud83c\udf53\ud83c\udf4c<\/p>\n<p>&nbsp;<\/p>\n<p><strong><span style=\"vertical-align: inherit;\">Wichtig<\/span><\/strong><span style=\"vertical-align: inherit;\"> E-Liquid bereits nikotinisiert, verkauft in einer 10 ml Flasche.<\/span><\/p>\n<p class=\"class-fabrication\"><span style=\"vertical-align: inherit;\">Hergestellt in Frankreich; Verh\u00e4ltnis MPGV\/GV: 50 % \/ 50 %. Passt sich an jede Art von Material an.<\/span><\/p>\n<p>&nbsp;<\/p>\n<p><span style=\"vertical-align: inherit;\">Entdecken Sie weitere Produkte der Marke <\/span><a href=\"\/marque\/vaping-in-paris\"><span style=\"vertical-align: inherit;\">Vaping in Paris<\/span><\/a><span style=\"vertical-align: inherit;\"> .<\/span><\/p>\n<p><span style=\"vertical-align: inherit;\">Erhalten Sie Rabatte oder die neuesten Informationen \u00fcber unsere Produkte, indem Sie uns in unseren sozialen Netzwerken folgen: <\/span><a href=\"https:\/\/www.facebook.com\/VapeAigleCH\" target=\"_blank\" rel=\"noopener\"><span style=\"vertical-align: inherit;\">Facebook<\/span><\/a><span style=\"vertical-align: inherit;\"> oder <\/span><a href=\"https:\/\/www.instagram.com\/vapotheque\" target=\"_blank\" rel=\"noopener\"><span style=\"vertical-align: inherit;\">Instagram<\/span><\/a><span style=\"vertical-align: inherit;\"> .<\/span><\/p>\n","protected":false},"excerpt":{"rendered":"<p>Vaping In Paris Silver Fox &#8211; Erdbeer Banane SELS 10 ML E-Liquid: der perfekte Smoothie! Haben Sie Lust auf einen fruchtigen Cocktail, der Sie direkt in die Tropen bringt? Mit der gewagten Mischung aus saftiger Erdbeere und cremiger Banane, gew\u00fcrzt mit einer Welle eisiger Frische, ist dieses Vaping In Paris Silver Fox &#8211; Erdbeer Banane [&hellip;]<\/p>\n","protected":false},"featured_media":35562,"template":"","meta":{"_acf_changed":false},"product_cat":[405,404,442,408,1629,1716],"product_tag":[],"class_list":{"0":"post-36366","1":"product","2":"type-product","3":"status-publish","4":"has-post-thumbnail","6":"product_brand-vaping-in-paris-de","7":"product_cat-e-liquids","8":"product_cat-fruchtig","9":"product_cat-hervorgehobene-produkte","10":"product_cat-lieferbar-innerhalb-von-24-stunden-de","11":"product_cat-10-ml-mit-nikotin","12":"product_cat-10ml-790-de","14":"first","15":"instock","16":"taxable","17":"shipping-taxable","18":"purchasable","19":"product-type-variable"},"acf":[],"jetpack_sharing_enabled":true,"_links":{"self":[{"href":"https:\/\/vapotheque.ch\/de\/wp-json\/wp\/v2\/product\/36366","targetHints":{"allow":["GET"]}}],"collection":[{"href":"https:\/\/vapotheque.ch\/de\/wp-json\/wp\/v2\/product"}],"about":[{"href":"https:\/\/vapotheque.ch\/de\/wp-json\/wp\/v2\/types\/product"}],"wp:featuredmedia":[{"embeddable":true,"href":"https:\/\/vapotheque.ch\/de\/wp-json\/wp\/v2\/media\/35562"}],"wp:attachment":[{"href":"https:\/\/vapotheque.ch\/de\/wp-json\/wp\/v2\/media?parent=36366"}],"wp:term":[{"taxonomy":"product_cat","embeddable":true,"href":"https:\/\/vapotheque.ch\/de\/wp-json\/wp\/v2\/product_cat?post=36366"},{"taxonomy":"product_tag","embeddable":true,"href":"https:\/\/vapotheque.ch\/de\/wp-json\/wp\/v2\/product_tag?post=36366"}],"curies":[{"name":"wp","href":"https:\/\/api.w.org\/{rel}","templated":true}]}}