{"id":36359,"date":"2024-10-14T10:58:15","date_gmt":"2024-10-14T08:58:15","guid":{"rendered":"https:\/\/vapotheque.ch\/boutique\/aspire-pixo-patronen\/"},"modified":"2024-10-14T10:58:15","modified_gmt":"2024-10-14T08:58:15","slug":"aspire-pixo-patronen","status":"publish","type":"product","link":"https:\/\/vapotheque.ch\/de\/shop\/aspire-pixo-patronen\/","title":{"rendered":"Aspire &#8211; Pixo-Patronen"},"content":{"rendered":"<div class=\"flex-shrink-0 flex flex-col relative items-end\">\n<div>\n<h2><strong>Aspire Pixo Patronen<\/strong>: die aktuellen Pod-Patronen!<\/h2>\n<div class=\"pt-0\">\n<div class=\"gizmo-bot-avatar flex h-8 w-8 items-center justify-center overflow-hidden rounded-full\">\n<div><\/div>\n<div class=\"relative p-1 rounded-sm flex items-center justify-center bg-token-main-surface-primary text-token-text-primary h-8 w-8\">Mit den <strong>Aspire Pixo Cart<\/strong>ridges wird Ihr Dampferlebnis auf die n\u00e4chste Stufe gehoben! Diese kleinen Wunderwerke sind perfekt auf den Pixo Pod abgestimmt und bieten Ihnen 3 ml pures Vergn\u00fcgen, mit eingebauten Widerst\u00e4nden f\u00fcr eine Geschmacksexplosion bei jedem Zug. <\/div>\n<\/div>\n<\/div>\n<\/div>\n<\/div>\n<div class=\"group\/conversation-turn relative flex w-full min-w-0 flex-col agent-turn\">\n<div class=\"flex-col gap-1 md:gap-3\">\n<div class=\"flex max-w-full flex-col flex-grow\">\n<div class=\"min-h-8 text-message flex w-full flex-col items-end gap-2 whitespace-normal break-words [.text-message+&amp;]:mt-5\" dir=\"auto\" data-message-author-role=\"assistant\" data-message-id=\"42842188-8acd-46c6-b045-10aa2684a540\" data-message-model-slug=\"gpt-4o\">\n<div class=\"flex w-full flex-col gap-1 empty:hidden first:pt-[3px]\">\n<div class=\"markdown prose w-full break-words dark:prose-invert light\">\n<p>Ob Sie nun eher ein Fan von engem Dampfen (MTL) oder von luftigeren Empfindungen (RDL) sind, Aspire hat mit seinen Versionen 0.4 Ohm, 0.6 Ohm und 1.0 Ohm an alles gedacht. Egal welchen Stil Sie bevorzugen, diese Kartuschen passen sich Ihren W\u00fcnschen an und liefern eine au\u00dfergew\u00f6hnliche Geschmackswiedergabe. <\/p>\n<h4>Die St\u00e4rken :<\/h4>\n<ul>\n<li><strong>3 ml Tank<\/strong> f\u00fcr kontinuierliches Dampfen<\/li>\n<li><strong>Eingebaute Widerst\u00e4nde<\/strong> (0.4 Ohm, 0.6 Ohm und 1.0 Ohm) f\u00fcr ein entspanntes Dampfen<\/li>\n<li><strong>MTL oder RDL<\/strong>: Sie haben die Wahl!<\/li>\n<li><strong>Einfaches Bef\u00fcllen<\/strong> an der Seite, denn niemand mag es kompliziert!<\/li>\n<\/ul>\n<p>&nbsp;<\/p>\n<p><strong>Inhalt des Pakets :<\/strong><br \/>\n<strong>2<\/strong> <strong>Aspire Pixo Patronen<\/strong>, bereit, Ihnen einen schmackhaften und individuellen Dampf zu entlocken.<\/p>\n<\/div>\n<\/div>\n<\/div>\n<\/div>\n<\/div>\n<\/div>\n<p>&nbsp;<\/p>\n<p>&nbsp;<\/p>\n<p>Finden Sie <strong><a href=\"\/categorie\/pods?orderby=date\/\" target=\"_blank\" rel=\"noopener\">hier<\/a> <\/strong>alle unsere Pods.<br \/>\nSehen Sie sich alle anderen Produkte der Marke an. <strong><a href=\"\/product_brand\/aspire\/\" target=\"_blank\" rel=\"noopener\">Aspire<\/a><\/strong>.<\/p>\n<p>Erhalten Sie Rabatte oder die neuesten Informationen \u00fcber unsere anderen Produkte in den Gesch\u00e4ften, indem Sie uns auf unseren sozialen Netzwerken folgen: <strong><a href=\"https:\/\/www.facebook.com\/VapeAigleCH\" target=\"_blank\" rel=\"noopener\">Facebook<\/a><\/strong> oder <strong><a href=\"https:\/\/www.instagram.com\/vapotheque\" target=\"_blank\" rel=\"noopener\">Instagram<\/a><\/strong>.<\/p>\n","protected":false},"excerpt":{"rendered":"<p>Aspire Pixo Patronen: die aktuellen Pod-Patronen! Mit den Aspire Pixo Cartridges wird Ihr Dampferlebnis auf die n\u00e4chste Stufe gehoben! Diese kleinen Wunderwerke sind perfekt auf den Pixo Pod abgestimmt und bieten Ihnen 3 ml pures Vergn\u00fcgen, mit eingebauten Widerst\u00e4nden f\u00fcr eine Geschmacksexplosion bei jedem Zug. Ob Sie nun eher ein Fan von engem Dampfen (MTL) [&hellip;]<\/p>\n","protected":false},"featured_media":35461,"template":"","meta":{"_acf_changed":false},"product_cat":[442,408,453,469],"product_tag":[],"class_list":{"0":"post-36359","1":"product","2":"type-product","3":"status-publish","4":"has-post-thumbnail","6":"product_brand-aspire-de","7":"product_cat-hervorgehobene-produkte","8":"product_cat-lieferbar-innerhalb-von-24-stunden-de","9":"product_cat-pods-de","10":"product_cat-zubehor-pods","12":"first","13":"instock","14":"taxable","15":"shipping-taxable","16":"purchasable","17":"product-type-variable"},"acf":[],"jetpack_sharing_enabled":true,"_links":{"self":[{"href":"https:\/\/vapotheque.ch\/de\/wp-json\/wp\/v2\/product\/36359","targetHints":{"allow":["GET"]}}],"collection":[{"href":"https:\/\/vapotheque.ch\/de\/wp-json\/wp\/v2\/product"}],"about":[{"href":"https:\/\/vapotheque.ch\/de\/wp-json\/wp\/v2\/types\/product"}],"wp:featuredmedia":[{"embeddable":true,"href":"https:\/\/vapotheque.ch\/de\/wp-json\/wp\/v2\/media\/35461"}],"wp:attachment":[{"href":"https:\/\/vapotheque.ch\/de\/wp-json\/wp\/v2\/media?parent=36359"}],"wp:term":[{"taxonomy":"product_cat","embeddable":true,"href":"https:\/\/vapotheque.ch\/de\/wp-json\/wp\/v2\/product_cat?post=36359"},{"taxonomy":"product_tag","embeddable":true,"href":"https:\/\/vapotheque.ch\/de\/wp-json\/wp\/v2\/product_tag?post=36359"}],"curies":[{"name":"wp","href":"https:\/\/api.w.org\/{rel}","templated":true}]}}