{"id":36358,"date":"2024-10-12T15:05:49","date_gmt":"2024-10-12T13:05:49","guid":{"rendered":"https:\/\/vapotheque.ch\/boutique\/vaping-in-paris-silver-fox-raisin-sels-10-ml-e-liquid\/"},"modified":"2024-10-12T15:05:49","modified_gmt":"2024-10-12T13:05:49","slug":"vaping-in-paris-silver-fox-raisin-sels-10-ml-e-liquid","status":"publish","type":"product","link":"https:\/\/vapotheque.ch\/de\/shop\/vaping-in-paris-silver-fox-raisin-sels-10-ml-e-liquid\/","title":{"rendered":"Vaping In Paris &#8211; Silver Fox &#8211; Raisin SELS 10 ML E-Liquid"},"content":{"rendered":"<h2><strong>Vaping In Paris Silver Fox &#8211; Raisin SELS 10 ML E-Liquid<\/strong>: Frische Weintrauben auf ihrem H\u00f6hepunkt!<\/h2>\n<p>Bereiten Sie sich auf ein eiskaltes und fruchtiges Dampferlebnis vor mit dem <strong>Vaping In Paris Silver Fox &#8211; Raisin SELS 10 ML E-Liquid<\/strong>! Dieses kleine Juwel wurde f\u00fcr Liebhaber fruchtiger Empfindungen entwickelt und kombiniert den s\u00fc\u00dfen und saftigen Geschmack von Trauben mit einer erfrischenden Note, ideal f\u00fcr hei\u00dfe Sommertage oder f\u00fcr eine wohlverdiente Pause. <strong>Vaping In Paris<\/strong> verwendet mit seinem handwerklichen K\u00f6nnen nur nat\u00fcrliche Aromen, die speziell f\u00fcr das Dampfen formuliert wurden. Dieses Rezept ist nicht nur eine einfache Mischung: es ist eine wahre Ode an die fruchtige Frische! Stellen Sie sich vor, wie Sie in reife Trauben bei\u00dfen, w\u00e4hrend eine eisige Brise Ihren Gaumen kitzelt. <\/p>\n<p>   <strong>Lecker!<\/strong><\/p>\n<p><strong>Vaping In Paris Silver Fox &#8211; Raisin SELS 10 ML E-Liquid<\/strong> wird in Frankreich auf einer <strong>100% pflanzlichen Basis<\/strong> hergestellt und enth\u00e4lt weder Koolada noch S\u00fc\u00dfstoffe, was Ihnen ein gesundes und reines Dampfen garantiert. Dank der Nikotinsalze genie\u00dfen Sie einen sanften Hals-Hit, w\u00e4hrend Sie Ihr Verlangen nach Nikotin schneller befriedigen k\u00f6nnen. Verabschieden Sie sich von den st\u00e4ndigen Z\u00fcgen: mit dieser E-Liquid ist die Befriedigung sofort da! F\u00fcr eine optimale Erfahrung halten Sie Ihr Ger\u00e4t unter <strong>18 Watt<\/strong> und w\u00e4hlen Sie einen Widerstand von mindestens <strong>1 Ohm<\/strong>. So k\u00f6nnen Sie einen milden und geschmacksintensiven Dampf genie\u00dfen, wie ein gutes Glas Weintrauben.  <\/p>\n<p>&nbsp;<\/p>\n<p><strong><span style=\"vertical-align: inherit;\">Wichtig<\/span><\/strong><span style=\"vertical-align: inherit;\"> E-Liquid bereits nikotinisiert, verkauft in einer 10 ml Flasche.<\/span><\/p>\n<p class=\"class-fabrication\"><span style=\"vertical-align: inherit;\">Hergestellt in Frankreich; Verh\u00e4ltnis MPGV\/GV: 50 % \/ 50 %. Passt sich an jede Art von Material an.<\/span><\/p>\n<p>&nbsp;<\/p>\n<p><span style=\"vertical-align: inherit;\">Entdecken Sie weitere Produkte der Marke <\/span><a href=\"\/marque\/vaping-in-paris\"><span style=\"vertical-align: inherit;\">Vaping in Paris<\/span><\/a><span style=\"vertical-align: inherit;\"> .<\/span><\/p>\n<p><span style=\"vertical-align: inherit;\">Erhalten Sie Rabatte oder die neuesten Informationen \u00fcber unsere Produkte, indem Sie uns in unseren sozialen Netzwerken folgen: <\/span><a href=\"https:\/\/www.facebook.com\/VapeAigleCH\" target=\"_blank\" rel=\"noopener\"><span style=\"vertical-align: inherit;\">Facebook<\/span><\/a><span style=\"vertical-align: inherit;\"> oder <\/span><a href=\"https:\/\/www.instagram.com\/vapotheque\" target=\"_blank\" rel=\"noopener\"><span style=\"vertical-align: inherit;\">Instagram<\/span><\/a><span style=\"vertical-align: inherit;\"> .<\/span><\/p>\n","protected":false},"excerpt":{"rendered":"<p>Vaping In Paris Silver Fox &#8211; Raisin SELS 10 ML E-Liquid: Frische Weintrauben auf ihrem H\u00f6hepunkt! Bereiten Sie sich auf ein eiskaltes und fruchtiges Dampferlebnis vor mit dem Vaping In Paris Silver Fox &#8211; Raisin SELS 10 ML E-Liquid! Dieses kleine Juwel wurde f\u00fcr Liebhaber fruchtiger Empfindungen entwickelt und kombiniert den s\u00fc\u00dfen und saftigen Geschmack [&hellip;]<\/p>\n","protected":false},"featured_media":35366,"template":"","meta":{"_acf_changed":false},"product_cat":[405,404,442,408,1629,1716],"product_tag":[],"class_list":{"0":"post-36358","1":"product","2":"type-product","3":"status-publish","4":"has-post-thumbnail","6":"product_brand-vaping-in-paris-de","7":"product_cat-e-liquids","8":"product_cat-fruchtig","9":"product_cat-hervorgehobene-produkte","10":"product_cat-lieferbar-innerhalb-von-24-stunden-de","11":"product_cat-10-ml-mit-nikotin","12":"product_cat-10ml-790-de","14":"first","15":"instock","16":"taxable","17":"shipping-taxable","18":"purchasable","19":"product-type-variable"},"acf":[],"jetpack_sharing_enabled":true,"_links":{"self":[{"href":"https:\/\/vapotheque.ch\/de\/wp-json\/wp\/v2\/product\/36358","targetHints":{"allow":["GET"]}}],"collection":[{"href":"https:\/\/vapotheque.ch\/de\/wp-json\/wp\/v2\/product"}],"about":[{"href":"https:\/\/vapotheque.ch\/de\/wp-json\/wp\/v2\/types\/product"}],"wp:featuredmedia":[{"embeddable":true,"href":"https:\/\/vapotheque.ch\/de\/wp-json\/wp\/v2\/media\/35366"}],"wp:attachment":[{"href":"https:\/\/vapotheque.ch\/de\/wp-json\/wp\/v2\/media?parent=36358"}],"wp:term":[{"taxonomy":"product_cat","embeddable":true,"href":"https:\/\/vapotheque.ch\/de\/wp-json\/wp\/v2\/product_cat?post=36358"},{"taxonomy":"product_tag","embeddable":true,"href":"https:\/\/vapotheque.ch\/de\/wp-json\/wp\/v2\/product_tag?post=36358"}],"curies":[{"name":"wp","href":"https:\/\/api.w.org\/{rel}","templated":true}]}}