{"id":36349,"date":"2024-10-12T17:31:17","date_gmt":"2024-10-12T15:31:17","guid":{"rendered":"https:\/\/vapotheque.ch\/boutique\/aspire-pod-pixo-kit\/"},"modified":"2024-10-12T17:31:17","modified_gmt":"2024-10-12T15:31:17","slug":"aspire-pod-pixo-kit","status":"publish","type":"product","link":"https:\/\/vapotheque.ch\/de\/shop\/aspire-pod-pixo-kit\/","title":{"rendered":"Aspire &#8211; Pod Pixo Kit"},"content":{"rendered":"<h2>Aspire Kit Pod Pixo: Der kompakte Pod, der es in sich hat!<\/h2>\n<p>Mit dem <strong>Aspire Kit Pod Pixo<\/strong> pr\u00e4sentiert uns die ber\u00fchmte Marke einen Pod, der nicht nur seinen Job macht, sondern auch gro\u00df tr\u00e4umt! Dieses kleine, aber leistungsstarke Juwel vereint Unabh\u00e4ngigkeit und Nervenkitzel. Sein hochaufl\u00f6sender Touchscreen, der vollst\u00e4ndig anpassbar ist, macht jede Interaktion fl\u00fcssig und stilvoll. Und die Pixo-Kartuschen mit eingebauten Widerst\u00e4nden garantieren eine lange Lebensdauer und eine Geschmacksexplosion bei jedem Zug. Sind Sie bereit, mit diesem erstaunlichen Pod abzuheben? Finden Sie heraus, warum das <strong>Aspire Kit Pod Pixo <\/strong>mehr als nur ein Podmod ist!   <\/p>\n<h3>Schnelle Technologie und elegantes Design<\/h3>\n<p>Das <strong>Aspire Kit Pod Pixo<\/strong> ist eine Kombination aus Hightech und Stil. Mit seinem Touchscreen und seinem raffinierten Look zieht er die Blicke auf sich und \u00fcberzeugt mit seinen coolen und praktischen Funktionen. Sie werden es lieben, es zu zeigen!  <\/p>\n<h4>Der Bildschirm, der das Blatt wendet<\/h4>\n<p>Verabschieden Sie sich von Kn\u00f6pfen mit dem <strong>Pixo<\/strong> und seinem 1,47 Zoll HD-Touchscreen! Alles l\u00e4sst sich mit den Fingerspitzen steuern, dank einer fl\u00fcssigen und vollst\u00e4ndig anpassbaren Benutzeroberfl\u00e4che. Sie haben die Wahl zwischen drei stilvollen Designs und drei Animationen, um Ihrer Tageslaune zu entsprechen.  <\/p>\n<h4>Ein auffallendes Design<\/h4>\n<p>Kompakt, aber mit einem auff\u00e4lligen Look! Der <strong>Pixo<\/strong> vereint elegante Kurven und eine sorgf\u00e4ltige Verarbeitung in einem ultraergonomischen Taschenformat (111,4 \u00d7 30,4 \u00d7 16,6 mm). Dieser Pod ist leicht zu transportieren und liegt gut in der Hand. Er ist perfekt, um in jeder Situation stilvoll zu dampfen.  <\/p>\n<p>&nbsp;<\/p>\n<h3>Der Pod f\u00fcr alle Dampfer, von Anf\u00e4ngern bis zu Profis<\/h3>\n<p>Der <strong>Aspire Kit Pod Pixo<\/strong> wurde entwickelt, um jeden zufrieden zu stellen, egal ob Sie ein Anf\u00e4nger oder ein erfahrener Dampfer sind. Mit einstellbarer Leistung, SMART-Modus und mehreren Trigger-Optionen passt er sich Ihren W\u00fcnschen an. <\/p>\n<h4>Leistung \u00e0 la Carte<\/h4>\n<p>Sie lieben es, den Genuss zu variieren? Mit einem einstellbaren Leistungsbereich von 5 bis 30 Watt erm\u00f6glicht Ihnen der <strong>Pixo<\/strong> einen sanften \u00dcbergang von einem engen Dampfen (MTL) zu einem luftigeren Dampfen (RDL). Und das ist noch nicht alles: Die einstellbare Airflow erm\u00f6glicht es Ihnen, jeden Zug f\u00fcr ein ma\u00dfgeschneidertes Vergn\u00fcgen zu verfeinern. Ein echtes Cham\u00e4leon des Dampfens!   <\/p>\n<h4>SMART-Modus: Dampfen ohne Kopfzerbrechen<\/h4>\n<p>Keine Lust, sich mit den Einstellungen zu besch\u00e4ftigen? Der <strong>SMART-Modus<\/strong> ist da, um Ihnen das Leben zu erleichtern. Er passt die Leistung automatisch an den installierten Widerstand an und garantiert so ein optimales Dampfen bei jedem Zug. Einfach, effizient und vor allem stressfrei.   <\/p>\n<h4>Fire oder Auto Draw? Sie haben die Wahl! <\/h4>\n<p>Ob Sie nun lieber den Knopf dr\u00fccken, um mit dem Dampfen zu beginnen, oder ob Sie eher der &#8220;Ich ziehe, es dampft&#8221;-Typ sind, der <strong>Pixo<\/strong> hat alles im Griff. Mit der doppelten Option &#8220;Feuerknopf&#8221; oder &#8220;Auto Draw&#8221; k\u00f6nnen Sie dampfen, wie Sie m\u00f6chten. <\/p>\n<p>&nbsp;<\/p>\n<h3>Lange Akkulaufzeit und schnelles Aufladen, damit Ihnen nie die Energie ausgeht<\/h3>\n<p>Mit einem eingebauten 1100 mAh Akku begleitet Sie das <strong>Aspire Kit Pod Pixo<\/strong> den ganzen Tag oder sogar l\u00e4nger. Und wenn er einen kleinen Boost braucht, ist der USB-C Schnellladeanschluss (2A) schnell zur Stelle. Mehr dampfen, weniger laden!  <\/p>\n<p>&nbsp;<\/p>\n<h3>Pixo-Patronen: Aromen \u00e0 Gogo!<\/h3>\n<p>Die <strong>Pixo-Kartuschen<\/strong> sind ein Konzentrat aus Praktikabilit\u00e4t und Leistung. Die Widerst\u00e4nde sind direkt in den 3-ml-Tank integriert, und mit Aspire wissen Sie, dass Sie einen guten Geschmack haben werden, und das f\u00fcr eine lange Zeit! <\/p>\n<h4>0,4 Ohm Kartusche (RDL): F\u00fcr luftiges Dampfen<\/h4>\n<ul>\n<li>Leistung: 23 bis 30 W<\/li>\n<li>PG\/VG-Verh\u00e4ltnis: 50\/50 bis 30\/70<\/li>\n<li>Empfohlenes Nikotin: bis zu 6 mg\/ml<\/li>\n<\/ul>\n<h4>1.0 Ohm Kartusche (MTL): F\u00fcr einen engen Zug<\/h4>\n<ul>\n<li>Leistung: 10 bis 15 W<\/li>\n<li>PG\/VG-Verh\u00e4ltnis: 70\/30 bis 50\/50<\/li>\n<li>Empfohlenes Nikotin: bis zu 20 mg\/ml<\/li>\n<\/ul>\n<h3><\/h3>\n<h3>Inhalt des Aspire Pixo Kits :<\/h3>\n<ul>\n<li>1 Pixo pod Akku<\/li>\n<li>1 Pixo 0.4 Ohm Patrone<\/li>\n<li>1 Pixo-Kartusche 1.0 Ohm<\/li>\n<li>1 USB-C-Kabel<\/li>\n<li>1 Bedienungsanleitung<\/li>\n<\/ul>\n<p>&nbsp;<\/p>\n<p>Finden Sie <strong><a href=\"\/categorie\/pods?orderby=date\/\" target=\"_blank\" rel=\"noopener\">hier<\/a> <\/strong>alle unsere Pods.<br \/>\nSehen Sie sich alle anderen Produkte der Marke an. <strong><a href=\"\/product_brand\/aspire\/\" target=\"_blank\" rel=\"noopener\">Aspire<\/a><\/strong>.<\/p>\n<p>Erhalten Sie Rabatte oder die neuesten Informationen \u00fcber unsere anderen Produkte in den Gesch\u00e4ften, indem Sie uns auf unseren sozialen Netzwerken folgen: <strong><a href=\"https:\/\/www.facebook.com\/VapeAigleCH\" target=\"_blank\" rel=\"noopener\">Facebook<\/a><\/strong> oder <strong><a href=\"https:\/\/www.instagram.com\/vapotheque\" target=\"_blank\" rel=\"noopener\">Instagram<\/a><\/strong>.<\/p>\n","protected":false},"excerpt":{"rendered":"<p>Aspire Kit Pod Pixo: Der kompakte Pod, der es in sich hat! Mit dem Aspire Kit Pod Pixo pr\u00e4sentiert uns die ber\u00fchmte Marke einen Pod, der nicht nur seinen Job macht, sondern auch gro\u00df tr\u00e4umt! Dieses kleine, aber leistungsstarke Juwel vereint Unabh\u00e4ngigkeit und Nervenkitzel. Sein hochaufl\u00f6sender Touchscreen, der vollst\u00e4ndig anpassbar ist, macht jede Interaktion fl\u00fcssig [&hellip;]<\/p>\n","protected":false},"featured_media":43208,"template":"","meta":{"_acf_changed":false},"product_cat":[442,408,453,423,454,277],"product_tag":[],"class_list":{"0":"post-36349","1":"product","2":"type-product","3":"status-publish","4":"has-post-thumbnail","6":"product_brand-aspire-de","7":"product_cat-hervorgehobene-produkte","8":"product_cat-lieferbar-innerhalb-von-24-stunden-de","9":"product_cat-pods-de","10":"product_cat-promos","11":"product_cat-vapes-pods-de","12":"product_cat-promos-eliquides-vape","14":"first","15":"instock","16":"taxable","17":"shipping-taxable","18":"purchasable","19":"product-type-variable"},"acf":[],"jetpack_sharing_enabled":true,"_links":{"self":[{"href":"https:\/\/vapotheque.ch\/de\/wp-json\/wp\/v2\/product\/36349","targetHints":{"allow":["GET"]}}],"collection":[{"href":"https:\/\/vapotheque.ch\/de\/wp-json\/wp\/v2\/product"}],"about":[{"href":"https:\/\/vapotheque.ch\/de\/wp-json\/wp\/v2\/types\/product"}],"wp:featuredmedia":[{"embeddable":true,"href":"https:\/\/vapotheque.ch\/de\/wp-json\/wp\/v2\/media\/43208"}],"wp:attachment":[{"href":"https:\/\/vapotheque.ch\/de\/wp-json\/wp\/v2\/media?parent=36349"}],"wp:term":[{"taxonomy":"product_cat","embeddable":true,"href":"https:\/\/vapotheque.ch\/de\/wp-json\/wp\/v2\/product_cat?post=36349"},{"taxonomy":"product_tag","embeddable":true,"href":"https:\/\/vapotheque.ch\/de\/wp-json\/wp\/v2\/product_tag?post=36349"}],"curies":[{"name":"wp","href":"https:\/\/api.w.org\/{rel}","templated":true}]}}