{"id":36346,"date":"2024-10-12T12:28:26","date_gmt":"2024-10-12T10:28:26","guid":{"rendered":"https:\/\/vapotheque.ch\/boutique\/vaping-in-paris-kates-fff-10-ml-e-liquid\/"},"modified":"2024-10-12T12:28:26","modified_gmt":"2024-10-12T10:28:26","slug":"vaping-in-paris-kates-fff-10-ml-e-liquid","status":"publish","type":"product","link":"https:\/\/vapotheque.ch\/de\/shop\/vaping-in-paris-kates-fff-10-ml-e-liquid\/","title":{"rendered":"Vaping In Paris &#8211; Kate&#8217;s &#8211; FFF 10 ML E-Liquid"},"content":{"rendered":"<h2><strong>Vaping In Paris Kate&#8217;s &#8211; FFF 10 ML E-Liquid: eine frische und fruchtige Explosion!<\/strong><\/h2>\n<p>Tauchen Sie ein in die exotische und bezaubernde Welt des <strong>Vaping In Paris Kate&#8217;s &#8211; FFF 10 ML E-Liquid<\/strong>! Unter diesem faszinierenden Namen verbirgt sich eine wahre Einladung zu einer Reise der Sinne, bei der Drachenfrucht und Erdbeere verschmelzen, um einen fruchtigen und gewagten Cocktail zu kreieren, der durch einen Hauch von Frische ohne das geringste Menthol verfeinert wird. Lassen Sie sich von dieser \u00fcberraschenden und intensiven Kombination \u00fcberraschen, die perfekt zwischen s\u00fc\u00dfer Exotik und Frische ausbalanciert ist und Sie bei jedem Atemzug vor Vergn\u00fcgen erschaudern l\u00e4sst. Ob Sie nun auf der Suche nach einem tropischen Ausflug sind oder einfach nur einen fruchtigen Frischekick suchen, das <strong>Vaping In Paris Kate&#8217;s &#8211; FFF 10 ML E-Liquid<\/strong> verspricht Ihnen ein herrlich s\u00fcchtig machendes Dampfen ohne k\u00fcnstliche Hilfsmittel. Wie alle E-Liquids von <strong>Vaping in Paris<\/strong> wird auch dieses E-Liquid sorgf\u00e4ltig in Frankreich aus einer 100% pflanzlichen Basis und nat\u00fcrlichen Aromen hergestellt und garantiert so ein ebenso reines wie schmackhaftes Dampferlebnis. Und nat\u00fcrlich gibt es hier keine synthetischen S\u00fc\u00dfstoffe oder Zusatzstoffe! Das ist Natur pur, f\u00fcr einen weichen und aromatischen Dampf mit einem perfekten Gleichgewicht zwischen 40% pflanzlichem PG und 60% VG. Sind Sie also bereit f\u00fcr ein fruchtiges und erfrischendes Abenteuer der besonderen Art mit dem <strong>Vaping In Paris Kate&#8217;s &#8211; FFF 10 ML E-Liquid <\/strong>?<\/p>\n<p><strong><span style=\"vertical-align: inherit;\">Wichtig<\/span><\/strong><span style=\"vertical-align: inherit;\"> E-Liquid bereits nikotinisiert, verkauft in einer 10 ml Flasche.<\/span><\/p>\n<p><span style=\"vertical-align: inherit;\">Hergestellt in Frankreich; Verh\u00e4ltnis MPGV\/GV: 40% \/ 60%. Passt sich an jede Art von Material an.<\/span><\/p>\n<p>&nbsp;<\/p>\n<p><span style=\"vertical-align: inherit;\">Entdecken Sie weitere Produkte der Marke <\/span><a href=\"\/marque\/vaping-in-paris\"><span style=\"vertical-align: inherit;\">Vaping in Paris<\/span><\/a><span style=\"vertical-align: inherit;\"> .<\/span><\/p>\n<p><span style=\"vertical-align: inherit;\">Erhalten Sie Rabatte oder die neuesten Informationen \u00fcber unsere Produkte, indem Sie uns in unseren sozialen Netzwerken folgen: <\/span><a href=\"https:\/\/www.facebook.com\/VapeAigleCH\" target=\"_blank\" rel=\"noopener\"><span style=\"vertical-align: inherit;\">Facebook<\/span><\/a><span style=\"vertical-align: inherit;\"> oder <\/span><a href=\"https:\/\/www.instagram.com\/vapotheque\" target=\"_blank\" rel=\"noopener\"><span style=\"vertical-align: inherit;\">Instagram<\/span><\/a><span style=\"vertical-align: inherit;\"> .<\/span><\/p>\n","protected":false},"excerpt":{"rendered":"<p>Vaping In Paris Kate&#8217;s &#8211; FFF 10 ML E-Liquid: eine frische und fruchtige Explosion! Tauchen Sie ein in die exotische und bezaubernde Welt des Vaping In Paris Kate&#8217;s &#8211; FFF 10 ML E-Liquid! Unter diesem faszinierenden Namen verbirgt sich eine wahre Einladung zu einer Reise der Sinne, bei der Drachenfrucht und Erdbeere verschmelzen, um einen [&hellip;]<\/p>\n","protected":false},"featured_media":35319,"template":"","meta":{"_acf_changed":false},"product_cat":[405,404,442,408,1629,1716],"product_tag":[],"class_list":{"0":"post-36346","1":"product","2":"type-product","3":"status-publish","4":"has-post-thumbnail","6":"product_brand-vaping-in-paris-de","7":"product_cat-e-liquids","8":"product_cat-fruchtig","9":"product_cat-hervorgehobene-produkte","10":"product_cat-lieferbar-innerhalb-von-24-stunden-de","11":"product_cat-10-ml-mit-nikotin","12":"product_cat-10ml-790-de","14":"first","15":"instock","16":"taxable","17":"shipping-taxable","18":"purchasable","19":"product-type-variable"},"acf":[],"jetpack_sharing_enabled":true,"_links":{"self":[{"href":"https:\/\/vapotheque.ch\/de\/wp-json\/wp\/v2\/product\/36346","targetHints":{"allow":["GET"]}}],"collection":[{"href":"https:\/\/vapotheque.ch\/de\/wp-json\/wp\/v2\/product"}],"about":[{"href":"https:\/\/vapotheque.ch\/de\/wp-json\/wp\/v2\/types\/product"}],"wp:featuredmedia":[{"embeddable":true,"href":"https:\/\/vapotheque.ch\/de\/wp-json\/wp\/v2\/media\/35319"}],"wp:attachment":[{"href":"https:\/\/vapotheque.ch\/de\/wp-json\/wp\/v2\/media?parent=36346"}],"wp:term":[{"taxonomy":"product_cat","embeddable":true,"href":"https:\/\/vapotheque.ch\/de\/wp-json\/wp\/v2\/product_cat?post=36346"},{"taxonomy":"product_tag","embeddable":true,"href":"https:\/\/vapotheque.ch\/de\/wp-json\/wp\/v2\/product_tag?post=36346"}],"curies":[{"name":"wp","href":"https:\/\/api.w.org\/{rel}","templated":true}]}}