{"id":36342,"date":"2024-10-11T18:22:05","date_gmt":"2024-10-11T16:22:05","guid":{"rendered":"https:\/\/vapotheque.ch\/boutique\/vaping-in-paris-silver-fox-mango-sels-10-ml-e-liquid\/"},"modified":"2024-10-11T18:22:05","modified_gmt":"2024-10-11T16:22:05","slug":"vaping-in-paris-silver-fox-mango-sels-10-ml-e-liquid","status":"publish","type":"product","link":"https:\/\/vapotheque.ch\/de\/shop\/vaping-in-paris-silver-fox-mango-sels-10-ml-e-liquid\/","title":{"rendered":"Vaping In Paris &#8211; Silver Fox &#8211; Mango SELS 10 ML E-Liquid"},"content":{"rendered":"<h2><strong>Vaping In Paris Silver Fox &#8211; Mango SELS 10 ML E-Liquid<\/strong>: Der ganze Genuss dieses E-Liquids jetzt auch als Salz!<\/h2>\n<p>Vaping In Paris entf\u00fchrt Sie mit seinem &#8220;Vaping In Paris&#8221; ins Herz der Tropen.<strong>Vaping In Paris Silver Fox &#8211; Mango SELS 10 ML E-Liquid!<\/strong>  \ud83e\udd6d\u2744\ufe0f Machen Sie sich bereit f\u00fcr eine Explosion fruchtiger Frische, die Ihre Geschmacksknospen begeistern wird! Vaping In Paris, der Sch\u00f6pfer von K\u00f6stlichkeiten aus Frankreich, pr\u00e4sentiert Ihnen ein unwiderstehliches Rezept, das alle Liebhaber von fruchtigen E-Liquids verf\u00fchren wird. Stellen Sie sich vor, Sie sind an einem sonnigen Strand, mit einer saftigen Mango in der Hand. Jeder Zug an diesem <strong>Mango-Eis<\/strong> bietet Ihnen dieses einzigartige Gef\u00fchl, w\u00e4hrend es Ihnen eine eiskalte Frische verleiht, die Ihre Sinne tanzen l\u00e4sst! \ud83c\udf79\u2728 Dieses sorgf\u00e4ltig hergestellte E-Liquid wird aus erstklassigen nat\u00fcrlichen Aromen hergestellt, die speziell f\u00fcr das Dampfen entwickelt wurden, ohne \u00fcberfl\u00fcssige Coolada oder S\u00fc\u00dfstoffe.<\/p>\n<p> Das Geheimnis? Eine 100 % pflanzliche Basis, die Ihre Gesundheit und Ihren Wunsch nach reinem Geschmack respektiert.<\/p>\n<p><strong>Warum sollten Sie sich f\u00fcr Nikotinsalz entscheiden?<\/strong>  Weil sie einen sanfteren Hals-Hit bieten und schnell von Ihrem K\u00f6rper aufgenommen werden. Das bedeutet, dass Sie mit einem h\u00f6heren Nikotingehalt dampfen k\u00f6nnen, w\u00e4hrend Sie die H\u00e4ufigkeit Ihrer Z\u00fcge verringern. Die Befriedigung stellt sich schneller ein, so dass Sie jeden Moment Ihres Dampferlebnisses in vollen Z\u00fcgen genie\u00dfen k\u00f6nnen. Um das Beste aus dieser k\u00f6stlichen Mango herauszuholen, wird empfohlen, nicht mehr als <strong>18 Watt<\/strong> zu verwenden, um die Integrit\u00e4t der Nikotinsalze zu erhalten, und gleichzeitig einen Widerstand von mindestens <strong>1 Ohm<\/strong> zu verwenden, um einen sanften Dampf und eine optimale Geschmackswiedergabe zu gew\u00e4hrleisten. Sind Sie bereit, in dieses tropische Festmahl einzutauchen? Das <strong>Vaping In Paris Silver Fox &#8211; Mango SELS 10 ML E-Liquid<\/strong> erwartet Sie f\u00fcr ein unvergessliches Dampferlebnis! \ud83e\udd6d\ud83c\udf0a\u2728  <\/p>\n<p>&nbsp;<\/p>\n<p><strong><span style=\"vertical-align: inherit;\">Wichtig<\/span><\/strong><span style=\"vertical-align: inherit;\"> E-Liquid bereits nikotinisiert, verkauft in einer 10 ml Flasche.<\/span><\/p>\n<p class=\"class-fabrication\"><span style=\"vertical-align: inherit;\">Hergestellt in Frankreich; Verh\u00e4ltnis MPGV\/GV: 50 % \/ 50 %. Passt sich an jede Art von Material an.<\/span><\/p>\n<p>&nbsp;<\/p>\n<p><span style=\"vertical-align: inherit;\">Entdecken Sie weitere Produkte der Marke <\/span><a href=\"\/marque\/vaping-in-paris\"><span style=\"vertical-align: inherit;\">Vaping in Paris<\/span><\/a><span style=\"vertical-align: inherit;\"> .<\/span><\/p>\n<p><span style=\"vertical-align: inherit;\">Erhalten Sie Rabatte oder die neuesten Informationen \u00fcber unsere Produkte, indem Sie uns in unseren sozialen Netzwerken folgen: <\/span><a href=\"https:\/\/www.facebook.com\/VapeAigleCH\" target=\"_blank\" rel=\"noopener\"><span style=\"vertical-align: inherit;\">Facebook<\/span><\/a><span style=\"vertical-align: inherit;\"> oder <\/span><a href=\"https:\/\/www.instagram.com\/vapotheque\" target=\"_blank\" rel=\"noopener\"><span style=\"vertical-align: inherit;\">Instagram<\/span><\/a><span style=\"vertical-align: inherit;\"> .<\/span><\/p>\n","protected":false},"excerpt":{"rendered":"<p>Vaping In Paris Silver Fox &#8211; Mango SELS 10 ML E-Liquid: Der ganze Genuss dieses E-Liquids jetzt auch als Salz! Vaping In Paris entf\u00fchrt Sie mit seinem &#8220;Vaping In Paris&#8221; ins Herz der Tropen.Vaping In Paris Silver Fox &#8211; Mango SELS 10 ML E-Liquid! \ud83e\udd6d\u2744\ufe0f Machen Sie sich bereit f\u00fcr eine Explosion fruchtiger Frische, die [&hellip;]<\/p>\n","protected":false},"featured_media":35285,"template":"","meta":{"_acf_changed":false},"product_cat":[405,404,442,408,1629,1716],"product_tag":[],"class_list":{"0":"post-36342","1":"product","2":"type-product","3":"status-publish","4":"has-post-thumbnail","6":"product_brand-vaping-in-paris-de","7":"product_cat-e-liquids","8":"product_cat-fruchtig","9":"product_cat-hervorgehobene-produkte","10":"product_cat-lieferbar-innerhalb-von-24-stunden-de","11":"product_cat-10-ml-mit-nikotin","12":"product_cat-10ml-790-de","14":"first","15":"instock","16":"taxable","17":"shipping-taxable","18":"purchasable","19":"product-type-variable"},"acf":[],"jetpack_sharing_enabled":true,"_links":{"self":[{"href":"https:\/\/vapotheque.ch\/de\/wp-json\/wp\/v2\/product\/36342","targetHints":{"allow":["GET"]}}],"collection":[{"href":"https:\/\/vapotheque.ch\/de\/wp-json\/wp\/v2\/product"}],"about":[{"href":"https:\/\/vapotheque.ch\/de\/wp-json\/wp\/v2\/types\/product"}],"wp:featuredmedia":[{"embeddable":true,"href":"https:\/\/vapotheque.ch\/de\/wp-json\/wp\/v2\/media\/35285"}],"wp:attachment":[{"href":"https:\/\/vapotheque.ch\/de\/wp-json\/wp\/v2\/media?parent=36342"}],"wp:term":[{"taxonomy":"product_cat","embeddable":true,"href":"https:\/\/vapotheque.ch\/de\/wp-json\/wp\/v2\/product_cat?post=36342"},{"taxonomy":"product_tag","embeddable":true,"href":"https:\/\/vapotheque.ch\/de\/wp-json\/wp\/v2\/product_tag?post=36342"}],"curies":[{"name":"wp","href":"https:\/\/api.w.org\/{rel}","templated":true}]}}