{"id":36336,"date":"2024-10-11T17:51:46","date_gmt":"2024-10-11T15:51:46","guid":{"rendered":"https:\/\/vapotheque.ch\/boutique\/vaping-in-paris-silver-fox-apfel-sels-10-ml-e-liquid\/"},"modified":"2024-10-11T17:51:46","modified_gmt":"2024-10-11T15:51:46","slug":"vaping-in-paris-silver-fox-apfel-sels-10-ml-e-liquid","status":"publish","type":"product","link":"https:\/\/vapotheque.ch\/de\/shop\/vaping-in-paris-silver-fox-apfel-sels-10-ml-e-liquid\/","title":{"rendered":"Vaping In Paris &#8211; Silver Fox &#8211; Apfel SELS 10 ML E-Liquid"},"content":{"rendered":"<h2><strong>Vaping In Paris Silver Fox &#8211; Apfel SELS 10 ML E-Liquid<\/strong>: Der ber\u00fchmte gr\u00fcne Apfel jetzt auch als Salz!<\/h2>\n<p>Machen Sie sich bereit, in einen Ozean der Frische einzutauchen mit dem <strong>Vaping In Paris Silver Fox &#8211; Apple SELS 10 ML E-Liquid<\/strong>! \ud83c\udf4f\u2744\ufe0f Sie sich vor, wie Sie in einen gr\u00fcnen, sonnenverw\u00f6hnten, frischen und knackigen Apfel bei\u00dfen, mit einem kleinen Hauch von Eis, der ihn noch unwiderstehlicher macht. Das ist es, was Ihnen diese k\u00f6stliche Mischung bietet! Vaping In Paris hat ein Rezept zusammengestellt, das alle Liebhaber von fruchtigen Aromen mit einem eisigen Twist begeistern wird. \ud83c\udf2c\ufe0f\u2728 Hergestellt aus sorgf\u00e4ltig ausgew\u00e4hlten nat\u00fcrlichen Aromen, zeichnet sich dieses E-Liquid durch seine Premium-Qualit\u00e4t aus, ohne S\u00fc\u00dfstoffe oder chemische Zus\u00e4tze. Jeder Zug versetzt Sie in einen Obstgarten im Hochsommer, wo sich die Frische und der reine Geschmack des Apfels zu einem Moment des puren Gl\u00fccks vermischen! Mit <strong>Nikotinsalzen<\/strong> genie\u00dfen Sie nicht nur einen hervorragenden Geschmack, sondern auch einen weichen, befriedigenden und schnell einsetzenden Kehraus. Dies ist ideal f\u00fcr diejenigen, die h\u00f6here Nikotinwerte dampfen und gleichzeitig die H\u00e4ufigkeit der Z\u00fcge reduzieren wollen. Sie werden in k\u00fcrzester Zeit zufrieden sein! \ud83d\ude80 <strong>Kleine Tipps f\u00fcr maximalen Genuss:<\/strong> Um die empfindlichen Molek\u00fcle der Nikotinsalze zu schonen, bleiben Sie unter 18 Watt und w\u00e4hlen Sie einen Widerstand von mindestens 1 Ohm. Mit der richtigen Konfiguration k\u00f6nnen Sie einen sanften Dampf und eine au\u00dfergew\u00f6hnliche Geschmackswiedergabe erwarten. Sind Sie also bereit, sich mit dem <strong>Vaping In Paris Silver Fox &#8211; Apfel SELS 10 ML E-Liquid<\/strong> zu verw\u00f6hnen? \ud83c\udf4f\u2728.<\/p>\n<p>&nbsp;<\/p>\n<p><strong><span style=\"vertical-align: inherit;\">Wichtig<\/span><\/strong><span style=\"vertical-align: inherit;\"> E-Liquid bereits nikotinisiert, verkauft in einer 10 ml Flasche.<\/span><\/p>\n<p class=\"class-fabrication\"><span style=\"vertical-align: inherit;\">Hergestellt in Frankreich; Verh\u00e4ltnis MPGV\/GV: 50 % \/ 50 %. Passt sich an jede Art von Material an.<\/span><\/p>\n<p>&nbsp;<\/p>\n<p><span style=\"vertical-align: inherit;\">Entdecken Sie weitere Produkte der Marke <\/span><a href=\"\/marque\/vaping-in-paris\"><span style=\"vertical-align: inherit;\">Vaping in Paris<\/span><\/a><span style=\"vertical-align: inherit;\"> .<\/span><\/p>\n<p><span style=\"vertical-align: inherit;\">Erhalten Sie Rabatte oder die neuesten Informationen \u00fcber unsere Produkte, indem Sie uns in unseren sozialen Netzwerken folgen: <\/span><a href=\"https:\/\/www.facebook.com\/VapeAigleCH\" target=\"_blank\" rel=\"noopener\"><span style=\"vertical-align: inherit;\">Facebook<\/span><\/a><span style=\"vertical-align: inherit;\"> oder <\/span><a href=\"https:\/\/www.instagram.com\/vapotheque\" target=\"_blank\" rel=\"noopener\"><span style=\"vertical-align: inherit;\">Instagram<\/span><\/a><span style=\"vertical-align: inherit;\"> .<\/span><\/p>\n","protected":false},"excerpt":{"rendered":"<p>Vaping In Paris Silver Fox &#8211; Apfel SELS 10 ML E-Liquid: Der ber\u00fchmte gr\u00fcne Apfel jetzt auch als Salz! Machen Sie sich bereit, in einen Ozean der Frische einzutauchen mit dem Vaping In Paris Silver Fox &#8211; Apple SELS 10 ML E-Liquid! \ud83c\udf4f\u2744\ufe0f Sie sich vor, wie Sie in einen gr\u00fcnen, sonnenverw\u00f6hnten, frischen und knackigen [&hellip;]<\/p>\n","protected":false},"featured_media":37866,"template":"","meta":{"_acf_changed":false},"product_cat":[405,404,442,408,1629,1716],"product_tag":[],"class_list":{"0":"post-36336","1":"product","2":"type-product","3":"status-publish","4":"has-post-thumbnail","6":"product_brand-vaping-in-paris-de","7":"product_cat-e-liquids","8":"product_cat-fruchtig","9":"product_cat-hervorgehobene-produkte","10":"product_cat-lieferbar-innerhalb-von-24-stunden-de","11":"product_cat-10-ml-mit-nikotin","12":"product_cat-10ml-790-de","14":"first","15":"instock","16":"taxable","17":"shipping-taxable","18":"purchasable","19":"product-type-variable"},"acf":[],"jetpack_sharing_enabled":true,"_links":{"self":[{"href":"https:\/\/vapotheque.ch\/de\/wp-json\/wp\/v2\/product\/36336","targetHints":{"allow":["GET"]}}],"collection":[{"href":"https:\/\/vapotheque.ch\/de\/wp-json\/wp\/v2\/product"}],"about":[{"href":"https:\/\/vapotheque.ch\/de\/wp-json\/wp\/v2\/types\/product"}],"wp:featuredmedia":[{"embeddable":true,"href":"https:\/\/vapotheque.ch\/de\/wp-json\/wp\/v2\/media\/37866"}],"wp:attachment":[{"href":"https:\/\/vapotheque.ch\/de\/wp-json\/wp\/v2\/media?parent=36336"}],"wp:term":[{"taxonomy":"product_cat","embeddable":true,"href":"https:\/\/vapotheque.ch\/de\/wp-json\/wp\/v2\/product_cat?post=36336"},{"taxonomy":"product_tag","embeddable":true,"href":"https:\/\/vapotheque.ch\/de\/wp-json\/wp\/v2\/product_tag?post=36336"}],"curies":[{"name":"wp","href":"https:\/\/api.w.org\/{rel}","templated":true}]}}