{"id":36329,"date":"2024-10-11T17:27:38","date_gmt":"2024-10-11T15:27:38","guid":{"rendered":"https:\/\/vapotheque.ch\/boutique\/vaping-in-paris-silver-fox-heidelbeere-sels-10-ml-e-liquide\/"},"modified":"2024-10-11T17:27:38","modified_gmt":"2024-10-11T15:27:38","slug":"vaping-in-paris-silver-fox-heidelbeere-sels-10-ml-e-liquide","status":"publish","type":"product","link":"https:\/\/vapotheque.ch\/de\/shop\/vaping-in-paris-silver-fox-heidelbeere-sels-10-ml-e-liquide\/","title":{"rendered":"Vaping In Paris &#8211; Silver Fox &#8211; Heidelbeere SELS 10 ML E-Liquide"},"content":{"rendered":"<h2><strong>Vaping In Paris Silver Fox &#8211; Heidelbeere SELS 10 ML E-Liquid<\/strong>: der ganze Genuss dieser Fl\u00fcssigkeit mit Nikotinsalzen!<\/h2>\n<p>Bereiten Sie sich auf einen Wirbelsturm fruchtiger Frische vor mit dem <strong>Vaping In Paris Silver Fox &#8211; Myrtille SELS 10 ML E-Liquide<\/strong>! \ud83c\udf2c\ufe0f Wenn Sie dachten, Sie w\u00fcssten alles \u00fcber Heidelbeeren, dann irren Sie sich! Hier geht es um wilde Beeren, die mit einer eisigen Frische verfeinert werden, die Sie bei jedem Zug \u00fcberrascht. Stellen Sie sich eine saftige, s\u00fc\u00dfe und s\u00e4uerliche Heidelbeere vor, die von einem frischen Wind aus den Bergen umh\u00fcllt wird&#8230; Ja, genau so werden Sie sich mit diesem ultra-komfortablen und erfrischenden Dampf f\u00fchlen. Die <strong>Silver Fox Salt<\/strong> Serie wurde speziell entwickelt, um die Erfahrung von Einweg-Puffs zu reproduzieren, mit der Qualit\u00e4t und dem Fachwissen &#8220;Made in France&#8221; als Bonus. Wenn Sie diese Art von Spa\u00df und fruchtigem Dampfen lieben, wird <strong>Vaping In Paris Silver Fox &#8211; Heidelbeere SELS 10 ML E-Liquid <\/strong>wahrscheinlich Ihre neue Obsession werden! Und wie immer bei <strong>Vaping In Paris<\/strong> k\u00f6nnen Sie sicher sein, dass es sich um ein 100% pflanzliches Produkt handelt, ohne S\u00fc\u00dfstoffe oder k\u00fcnstliche Zus\u00e4tze. Die Nikotinsalze, die Stars dieser Produktreihe, bieten Ihnen einen ultra-s\u00fc\u00dfen Hit und eine schnelle Absorption, ideal f\u00fcr diejenigen, die einen sofortigen Genuss mit einem h\u00f6heren Nikotingehalt suchen. Weniger Z\u00fcge, mehr Befriedigung! Kleiner Tipp: Um die Nikotinsalze voll auszunutzen, <strong>schalten Sie auf weniger als 18 Watt<\/strong> und w\u00e4hlen Sie einen <strong>Widerstand von mindestens 1 Ohm<\/strong>. So erhalten Sie einen <strong>sanften Dampf<\/strong> und eine perfekte Wiedergabe der Aromen. <\/p>\n<p>&nbsp;<\/p>\n<p><strong><span style=\"vertical-align: inherit;\">Wichtig<\/span><\/strong><span style=\"vertical-align: inherit;\"> E-Liquid bereits nikotinisiert, verkauft in einer 10 ml Flasche.<\/span><\/p>\n<p class=\"class-fabrication\"><span style=\"vertical-align: inherit;\">Hergestellt in Frankreich; Verh\u00e4ltnis MPGV\/GV: 50 % \/ 50 %. Passt sich an jede Art von Material an.<\/span><\/p>\n<p>&nbsp;<\/p>\n<p><span style=\"vertical-align: inherit;\">Entdecken Sie weitere Produkte der Marke <\/span><a href=\"\/marque\/vaping-in-paris\"><span style=\"vertical-align: inherit;\">Vaping in Paris<\/span><\/a><span style=\"vertical-align: inherit;\"> .<\/span><\/p>\n<p><span style=\"vertical-align: inherit;\">Erhalten Sie Rabatte oder die neuesten Informationen \u00fcber unsere Produkte, indem Sie uns in unseren sozialen Netzwerken folgen: <\/span><a href=\"https:\/\/www.facebook.com\/VapeAigleCH\" target=\"_blank\" rel=\"noopener\"><span style=\"vertical-align: inherit;\">Facebook<\/span><\/a><span style=\"vertical-align: inherit;\"> oder <\/span><a href=\"https:\/\/www.instagram.com\/vapotheque\" target=\"_blank\" rel=\"noopener\"><span style=\"vertical-align: inherit;\">Instagram<\/span><\/a><span style=\"vertical-align: inherit;\"> .<\/span><\/p>\n","protected":false},"excerpt":{"rendered":"<p>Vaping In Paris Silver Fox &#8211; Heidelbeere SELS 10 ML E-Liquid: der ganze Genuss dieser Fl\u00fcssigkeit mit Nikotinsalzen! Bereiten Sie sich auf einen Wirbelsturm fruchtiger Frische vor mit dem Vaping In Paris Silver Fox &#8211; Myrtille SELS 10 ML E-Liquide! \ud83c\udf2c\ufe0f Wenn Sie dachten, Sie w\u00fcssten alles \u00fcber Heidelbeeren, dann irren Sie sich! Hier geht [&hellip;]<\/p>\n","protected":false},"featured_media":35228,"template":"","meta":{"_acf_changed":false},"product_cat":[405,404,442,408,1629,1716],"product_tag":[],"class_list":{"0":"post-36329","1":"product","2":"type-product","3":"status-publish","4":"has-post-thumbnail","6":"product_brand-vaping-in-paris-de","7":"product_cat-e-liquids","8":"product_cat-fruchtig","9":"product_cat-hervorgehobene-produkte","10":"product_cat-lieferbar-innerhalb-von-24-stunden-de","11":"product_cat-10-ml-mit-nikotin","12":"product_cat-10ml-790-de","14":"first","15":"instock","16":"taxable","17":"shipping-taxable","18":"purchasable","19":"product-type-variable"},"acf":[],"jetpack_sharing_enabled":true,"_links":{"self":[{"href":"https:\/\/vapotheque.ch\/de\/wp-json\/wp\/v2\/product\/36329","targetHints":{"allow":["GET"]}}],"collection":[{"href":"https:\/\/vapotheque.ch\/de\/wp-json\/wp\/v2\/product"}],"about":[{"href":"https:\/\/vapotheque.ch\/de\/wp-json\/wp\/v2\/types\/product"}],"wp:featuredmedia":[{"embeddable":true,"href":"https:\/\/vapotheque.ch\/de\/wp-json\/wp\/v2\/media\/35228"}],"wp:attachment":[{"href":"https:\/\/vapotheque.ch\/de\/wp-json\/wp\/v2\/media?parent=36329"}],"wp:term":[{"taxonomy":"product_cat","embeddable":true,"href":"https:\/\/vapotheque.ch\/de\/wp-json\/wp\/v2\/product_cat?post=36329"},{"taxonomy":"product_tag","embeddable":true,"href":"https:\/\/vapotheque.ch\/de\/wp-json\/wp\/v2\/product_tag?post=36329"}],"curies":[{"name":"wp","href":"https:\/\/api.w.org\/{rel}","templated":true}]}}