{"id":36320,"date":"2024-10-11T17:14:33","date_gmt":"2024-10-11T15:14:33","guid":{"rendered":"https:\/\/vapotheque.ch\/boutique\/vaping-in-paris-silver-fox-rote-fruechte-sels-10-ml-e-liquid\/"},"modified":"2024-10-11T17:14:33","modified_gmt":"2024-10-11T15:14:33","slug":"vaping-in-paris-silver-fox-rote-fruechte-sels-10-ml-e-liquid","status":"publish","type":"product","link":"https:\/\/vapotheque.ch\/de\/shop\/vaping-in-paris-silver-fox-rote-fruechte-sels-10-ml-e-liquid\/","title":{"rendered":"Vaping In Paris &#8211; Silver Fox &#8211; Rote Fr\u00fcchte SELS 10 ML E-Liquid"},"content":{"rendered":"<h2><strong>Vaping In Paris Silver Fox &#8211; Rote Fr\u00fcchte SELS 10 ML E-Liquid<\/strong>: All dieses Vergn\u00fcgen jetzt in Salzen!<\/h2>\n<p>Tauchen Sie mit dem <strong>Vaping In Paris Silver Fox &#8211; Fruits Rouges SELS 10 ML E-Liquide in<\/strong> eine eiskalte und fruchtige Welle ein! Dieser frische und intensive Cocktail wird Ihre Geschmacksnerven mit seiner explosiven Mischung aus roten Fr\u00fcchten und einer Brise polarer Frische kitzeln. Perfekt f\u00fcr Dampfer, die auf der Suche nach fruchtigen, erfrischenden und kraftvollen Empfindungen sind! Hergestellt in Frankreich mit 100% nat\u00fcrlichen Aromen und ohne unn\u00f6tige Zus\u00e4tze (keine Coolada oder S\u00fc\u00dfstoffe), ist dieses Liquid eine Ode an die Authentizit\u00e4t. Mit <strong>Silver Fox Salt<\/strong> finden Sie den unwiderstehlichen Geschmack von Einweg-Puffs, aber in einer langlebigen Version. Ganz einfach, wenn Sie den intensiven Geschmack von gefrorenen Fr\u00fcchten m\u00f6gen, ist diese Liquid genau das Richtige f\u00fcr Sie! Aber das ist noch nicht alles&#8230; Dieses <strong>Vaping In Paris Silver Fox &#8211; Fruits Rouges SELS 10 ML E-Liquid<\/strong> ist mit <strong>Nikotinsalzen<\/strong> angereichert, um Sie sofort zufrieden zu stellen! Der Hit in der Kehle ist sanft, aber stark, so dass Sie einen hohen Nikotingehalt ohne Beschwerden oder Irritationen genie\u00dfen k\u00f6nnen. <\/p>\n<p>  Ergebnis? Ein schnelleres und effizienteres Dampfen, bei dem Sie nicht so viele Z\u00fcge machen m\u00fcssen wie bei einer klassischen e-Liquid. Ein kleiner Tipp f\u00fcr ein optimales Dampferlebnis: Dampfen Sie mit weniger als 18 Watt und einem Widerstand von mindestens 1 Ohm. Sie werden sehen, der Dampf wird sanft sein und der Geschmack wird Sie begeistern! Und nat\u00fcrlich alles in einer Basis von <strong>50 PG Vegetal \/ 50 VG<\/strong>, um ein perfektes Gleichgewicht zwischen Dampf und Geschmack zu erreichen. Sind Sie bereit f\u00fcr ein ultra-frisches Dampfen, das Sie umhaut?<\/p>\n<p>&nbsp;<\/p>\n<p><strong><span style=\"vertical-align: inherit;\">Wichtig<\/span><\/strong><span style=\"vertical-align: inherit;\"> E-Liquid bereits nikotinisiert, verkauft in einer 10 ml Flasche.<\/span><\/p>\n<p class=\"class-fabrication\"><span style=\"vertical-align: inherit;\">Hergestellt in Frankreich; Verh\u00e4ltnis MPGV\/GV: 50 % \/ 50 %. Passt sich an jede Art von Material an.<\/span><\/p>\n<p>&nbsp;<\/p>\n<p><span style=\"vertical-align: inherit;\">Entdecken Sie weitere Produkte der Marke <\/span><a href=\"\/marque\/vaping-in-paris\"><span style=\"vertical-align: inherit;\">Vaping in Paris<\/span><\/a><span style=\"vertical-align: inherit;\"> .<\/span><\/p>\n<p><span style=\"vertical-align: inherit;\">Erhalten Sie Rabatte oder die neuesten Informationen \u00fcber unsere Produkte, indem Sie uns in unseren sozialen Netzwerken folgen: <\/span><a href=\"https:\/\/www.facebook.com\/VapeAigleCH\" target=\"_blank\" rel=\"noopener\"><span style=\"vertical-align: inherit;\">Facebook<\/span><\/a><span style=\"vertical-align: inherit;\"> oder <\/span><a href=\"https:\/\/www.instagram.com\/vapotheque\" target=\"_blank\" rel=\"noopener\"><span style=\"vertical-align: inherit;\">Instagram<\/span><\/a><span style=\"vertical-align: inherit;\"> .<\/span><\/p>\n","protected":false},"excerpt":{"rendered":"<p>Vaping In Paris Silver Fox &#8211; Rote Fr\u00fcchte SELS 10 ML E-Liquid: All dieses Vergn\u00fcgen jetzt in Salzen! Tauchen Sie mit dem Vaping In Paris Silver Fox &#8211; Fruits Rouges SELS 10 ML E-Liquide in eine eiskalte und fruchtige Welle ein! Dieser frische und intensive Cocktail wird Ihre Geschmacksnerven mit seiner explosiven Mischung aus roten [&hellip;]<\/p>\n","protected":false},"featured_media":37682,"template":"","meta":{"_acf_changed":false},"product_cat":[405,404,442,408,1629,1716],"product_tag":[],"class_list":{"0":"post-36320","1":"product","2":"type-product","3":"status-publish","4":"has-post-thumbnail","6":"product_brand-vaping-in-paris-de","7":"product_cat-e-liquids","8":"product_cat-fruchtig","9":"product_cat-hervorgehobene-produkte","10":"product_cat-lieferbar-innerhalb-von-24-stunden-de","11":"product_cat-10-ml-mit-nikotin","12":"product_cat-10ml-790-de","14":"first","15":"instock","16":"taxable","17":"shipping-taxable","18":"purchasable","19":"product-type-variable"},"acf":[],"jetpack_sharing_enabled":true,"_links":{"self":[{"href":"https:\/\/vapotheque.ch\/de\/wp-json\/wp\/v2\/product\/36320","targetHints":{"allow":["GET"]}}],"collection":[{"href":"https:\/\/vapotheque.ch\/de\/wp-json\/wp\/v2\/product"}],"about":[{"href":"https:\/\/vapotheque.ch\/de\/wp-json\/wp\/v2\/types\/product"}],"wp:featuredmedia":[{"embeddable":true,"href":"https:\/\/vapotheque.ch\/de\/wp-json\/wp\/v2\/media\/37682"}],"wp:attachment":[{"href":"https:\/\/vapotheque.ch\/de\/wp-json\/wp\/v2\/media?parent=36320"}],"wp:term":[{"taxonomy":"product_cat","embeddable":true,"href":"https:\/\/vapotheque.ch\/de\/wp-json\/wp\/v2\/product_cat?post=36320"},{"taxonomy":"product_tag","embeddable":true,"href":"https:\/\/vapotheque.ch\/de\/wp-json\/wp\/v2\/product_tag?post=36320"}],"curies":[{"name":"wp","href":"https:\/\/api.w.org\/{rel}","templated":true}]}}