{"id":36315,"date":"2024-10-11T11:59:33","date_gmt":"2024-10-11T09:59:33","guid":{"rendered":"https:\/\/vapotheque.ch\/boutique\/vaping-in-paris-fresh-mint-sels-10-ml-e-liquid\/"},"modified":"2024-10-11T11:59:33","modified_gmt":"2024-10-11T09:59:33","slug":"vaping-in-paris-fresh-mint-sels-10-ml-e-liquid","status":"publish","type":"product","link":"https:\/\/vapotheque.ch\/de\/shop\/vaping-in-paris-fresh-mint-sels-10-ml-e-liquid\/","title":{"rendered":"Vaping In Paris &#8211; Fresh Mint SELS 10 ml E-Liquid"},"content":{"rendered":"<h2><strong>Vaping In Paris Fresh Mint SELS 10 ml E-Liquid : Eine Frische, die den Kopf frei macht!<\/strong><\/h2>\n<p>Suchen Sie nach einem stilvollen Abschied vom Tabak? <strong>Vaping In Paris<\/strong> hat mit seinem <strong>Vaping In Paris Fresh Mint SELS 10 ml E-Liquid<\/strong> genau das Richtige f\u00fcr Sie. Dieses kleine Juwel der Minzfrische wird Ihre Geschmacksknospen zum Kribbeln bringen und Ihre Raucherentw\u00f6hnung so frisch wie eine Polarbrise machen!  <\/p>\n<h3><strong>Ein Hauch von authentischer Frische!<\/strong><\/h3>\n<p>Mit seinem einfachen und authentischen Geschmack von <strong>frischer Minze<\/strong> ist dieses Liquid ein echter Klassiker in neuem Gewand. Nichts ist zu komplex, nur die Reinheit einer eiskalten Minze, verst\u00e4rkt durch eine Dosis <strong>Nikotinsalz<\/strong>, die den Unterschied macht! Es ist der ideale Begleiter f\u00fcr alle, die das Gef\u00fchl eines intensiven, aber sanften Zugs wiederfinden m\u00f6chten.  <\/p>\n<h3><strong>Warum sollten Sie sich f\u00fcr Nikotinsalz entscheiden?<\/strong><\/h3>\n<ul>\n<li><strong>Nikotinsalze<\/strong> sind der Turbo in Ihrer Fl\u00fcssigkeit: schnelle Aufnahme, ein <strong>sanfter Hit im Hals<\/strong>, selbst bei einem hohen Nikotingehalt!<\/li>\n<li><strong>Erh\u00e4ltlich in 10 mg\/ml oder 20 mg\/ml<\/strong>, sind diese Stufen ideal f\u00fcr diejenigen, die die letzten Gewohnheiten des Rauchens loswerden wollen, ohne auf das Vergn\u00fcgen des Dampfens verzichten zu m\u00fcssen.<\/li>\n<li>Sie dampfen weniger, aber Sie sind zufriedener &#8211; perfekt, um Ihre Z\u00fcge zu reduzieren, ohne an Intensit\u00e4t zu verlieren!<\/li>\n<\/ul>\n<p><strong>Profi-Tipps f\u00fcr ein optimales Dampferlebnis<\/strong>:<br \/>\nUm die Welle der Minzfrische voll auszukosten, verwenden Sie einen <strong>Widerstand von mindestens 1 Ohm<\/strong> und stellen Sie Ihr Ger\u00e4t auf unter <strong>18 Watt<\/strong> ein. So erhalten Sie einen sanften Dampf, einen perfekt ausgewogenen Hit und ein perfektes Aroma. Ob Sie ein Anf\u00e4nger oder ein erfahrener Dampfer sind, <strong>Vaping In Paris Fresh Mint SELS 10 ml E-Liquid<\/strong> ist da, um Sie bei Ihrem \u00dcbergang zu einem rauchfreien Alltag voller Frische und Genuss zu begleiten! <\/p>\n<p>&nbsp;<\/p>\n<p><strong><span style=\"vertical-align: inherit;\">Wichtig<\/span><\/strong><span style=\"vertical-align: inherit;\"> E-Liquid bereits nikotinisiert, verkauft in einer 10 ml Flasche.<\/span><\/p>\n<p class=\"class-fabrication\"><span style=\"vertical-align: inherit;\">Hergestellt in Frankreich; Verh\u00e4ltnis MPGV\/GV: 50 % \/ 50 %. Passt sich an jede Art von Material an.<\/span><\/p>\n<p>&nbsp;<\/p>\n<p><span style=\"vertical-align: inherit;\">Entdecken Sie weitere Produkte der Marke <\/span><a href=\"\/marque\/vaping-in-paris\"><span style=\"vertical-align: inherit;\">Vaping in Paris<\/span><\/a><span style=\"vertical-align: inherit;\"> .<\/span><\/p>\n<p><span style=\"vertical-align: inherit;\">Erhalten Sie Rabatte oder die neuesten Informationen \u00fcber unsere Produkte, indem Sie uns in unseren sozialen Netzwerken folgen: <\/span><a href=\"https:\/\/www.facebook.com\/VapeAigleCH\" target=\"_blank\" rel=\"noopener\"><span style=\"vertical-align: inherit;\">Facebook<\/span><\/a><span style=\"vertical-align: inherit;\"> oder <\/span><a href=\"https:\/\/www.instagram.com\/vapotheque\" target=\"_blank\" rel=\"noopener\"><span style=\"vertical-align: inherit;\">Instagram<\/span><\/a><span style=\"vertical-align: inherit;\"> .<\/span><\/p>\n","protected":false},"excerpt":{"rendered":"<p>Vaping In Paris Fresh Mint SELS 10 ml E-Liquid : Eine Frische, die den Kopf frei macht! Suchen Sie nach einem stilvollen Abschied vom Tabak? Vaping In Paris hat mit seinem Vaping In Paris Fresh Mint SELS 10 ml E-Liquid genau das Richtige f\u00fcr Sie. Dieses kleine Juwel der Minzfrische wird Ihre Geschmacksknospen zum Kribbeln [&hellip;]<\/p>\n","protected":false},"featured_media":35102,"template":"","meta":{"_acf_changed":false},"product_cat":[405,442,408,401,1629,1716],"product_tag":[],"class_list":{"0":"post-36315","1":"product","2":"type-product","3":"status-publish","4":"has-post-thumbnail","6":"product_brand-vaping-in-paris-de","7":"product_cat-e-liquids","8":"product_cat-hervorgehobene-produkte","9":"product_cat-lieferbar-innerhalb-von-24-stunden-de","10":"product_cat-minze","11":"product_cat-10-ml-mit-nikotin","12":"product_cat-10ml-790-de","14":"first","15":"instock","16":"taxable","17":"shipping-taxable","18":"purchasable","19":"product-type-variable"},"acf":[],"jetpack_sharing_enabled":true,"_links":{"self":[{"href":"https:\/\/vapotheque.ch\/de\/wp-json\/wp\/v2\/product\/36315","targetHints":{"allow":["GET"]}}],"collection":[{"href":"https:\/\/vapotheque.ch\/de\/wp-json\/wp\/v2\/product"}],"about":[{"href":"https:\/\/vapotheque.ch\/de\/wp-json\/wp\/v2\/types\/product"}],"wp:featuredmedia":[{"embeddable":true,"href":"https:\/\/vapotheque.ch\/de\/wp-json\/wp\/v2\/media\/35102"}],"wp:attachment":[{"href":"https:\/\/vapotheque.ch\/de\/wp-json\/wp\/v2\/media?parent=36315"}],"wp:term":[{"taxonomy":"product_cat","embeddable":true,"href":"https:\/\/vapotheque.ch\/de\/wp-json\/wp\/v2\/product_cat?post=36315"},{"taxonomy":"product_tag","embeddable":true,"href":"https:\/\/vapotheque.ch\/de\/wp-json\/wp\/v2\/product_tag?post=36315"}],"curies":[{"name":"wp","href":"https:\/\/api.w.org\/{rel}","templated":true}]}}