{"id":36312,"date":"2024-10-11T11:12:56","date_gmt":"2024-10-11T09:12:56","guid":{"rendered":"https:\/\/vapotheque.ch\/boutique\/vaping-in-paris-fresh-mint-10-ml-e-liquid\/"},"modified":"2024-10-11T11:12:56","modified_gmt":"2024-10-11T09:12:56","slug":"vaping-in-paris-fresh-mint-10-ml-e-liquid","status":"publish","type":"product","link":"https:\/\/vapotheque.ch\/de\/shop\/vaping-in-paris-fresh-mint-10-ml-e-liquid\/","title":{"rendered":"Vaping In Paris &#8211; Fresh Mint 10 ML E-Liquid"},"content":{"rendered":"<h2><strong>Vaping In Paris Fresh Mint 10 ML E-Liquid : Eine Welle der reinen und nat\u00fcrlichen Frische!<\/strong><\/h2>\n<p>M\u00f6chten Sie bei jedem Zug einen eisigen Sturm erleben? <strong>Vaping In Paris<\/strong> pr\u00e4sentiert Ihnen das unumg\u00e4ngliche <strong>Vaping In Paris Fresh Mint 10 ML E-Liquid<\/strong>! Dieses Juwel der Frische, hergestellt aus<strong>100% nat\u00fcrlichen Aromen<\/strong> und ohne Zusatzstoffe, verspricht ein ultrareines Dampfen, das Sie den ganzen Tag \u00fcber k\u00fchl h\u00e4lt. <strong>Eine frische Minze, anders als die anderen!<\/strong> Hier gibt es keine k\u00fcnstliche oder fade Minze, sondern <strong>echte gr\u00fcne Minzbl\u00e4tter<\/strong>, die trotz ihrer intensiven Frische ihren nat\u00fcrlichen Kr\u00e4utergeschmack beibehalten. Die perfekte Balance zwischen <strong>polarer Frische<\/strong> und <strong>zartem Geschmack<\/strong>, f\u00fcr ein garantiertes Geschmackserlebnis! <\/p>\n<h3><strong>Warum sollten Sie sich f\u00fcr Vaping In Paris Fresh Mint 10 ML E-Liquid entscheiden?<\/strong><\/h3>\n<ul>\n<li><strong>100% pflanzliche Basis<\/strong>, nat\u00fcrliche Aromen und ohne Koolada oder S\u00fc\u00dfstoffe: alles ist f\u00fcr ein gesundes und authentisches Dampferlebnis gemacht.<\/li>\n<li>Ein <strong>belebender Minzgeschmack<\/strong>, ideal f\u00fcr Liebhaber von Frische, die sich eine e-Liquid w\u00fcnschen, die nicht nur erfrischt, sondern auch einen feinen Geschmack von <strong>gr\u00fcner Minze<\/strong> im Mund hinterl\u00e4sst.<\/li>\n<\/ul>\n<p>&nbsp;<\/p>\n<p><strong><span style=\"vertical-align: inherit;\">Wichtig<\/span><\/strong><span style=\"vertical-align: inherit;\"> E-Liquid bereits nikotinisiert, verkauft in einer 10 ml Flasche.<\/span><\/p>\n<p class=\"class-fabrication\"><span style=\"vertical-align: inherit;\">Hergestellt in Frankreich; Verh\u00e4ltnis MPGV\/GV: 50 % \/ 50 %. Passt sich an jede Art von Material an.<\/span><\/p>\n<p>&nbsp;<\/p>\n<p><span style=\"vertical-align: inherit;\">Entdecken Sie weitere Produkte der Marke <\/span><a href=\"\/marque\/vaping-in-paris\"><span style=\"vertical-align: inherit;\">Vaping in Paris<\/span><\/a><span style=\"vertical-align: inherit;\"> .<\/span><\/p>\n<p><span style=\"vertical-align: inherit;\">Erhalten Sie Rabatte oder die neuesten Informationen \u00fcber unsere Produkte, indem Sie uns in unseren sozialen Netzwerken folgen: <\/span><a href=\"https:\/\/www.facebook.com\/VapeAigleCH\" target=\"_blank\" rel=\"noopener\"><span style=\"vertical-align: inherit;\">Facebook<\/span><\/a><span style=\"vertical-align: inherit;\"> oder <\/span><a href=\"https:\/\/www.instagram.com\/vapotheque\" target=\"_blank\" rel=\"noopener\"><span style=\"vertical-align: inherit;\">Instagram<\/span><\/a><span style=\"vertical-align: inherit;\"> .<\/span><\/p>\n","protected":false},"excerpt":{"rendered":"<p>Vaping In Paris Fresh Mint 10 ML E-Liquid : Eine Welle der reinen und nat\u00fcrlichen Frische! M\u00f6chten Sie bei jedem Zug einen eisigen Sturm erleben? Vaping In Paris pr\u00e4sentiert Ihnen das unumg\u00e4ngliche Vaping In Paris Fresh Mint 10 ML E-Liquid! Dieses Juwel der Frische, hergestellt aus100% nat\u00fcrlichen Aromen und ohne Zusatzstoffe, verspricht ein ultrareines Dampfen, [&hellip;]<\/p>\n","protected":false},"featured_media":35094,"template":"","meta":{"_acf_changed":false},"product_cat":[405,442,408,401,1629,1716],"product_tag":[],"class_list":{"0":"post-36312","1":"product","2":"type-product","3":"status-publish","4":"has-post-thumbnail","6":"product_brand-vaping-in-paris-de","7":"product_cat-e-liquids","8":"product_cat-hervorgehobene-produkte","9":"product_cat-lieferbar-innerhalb-von-24-stunden-de","10":"product_cat-minze","11":"product_cat-10-ml-mit-nikotin","12":"product_cat-10ml-790-de","14":"first","15":"instock","16":"taxable","17":"shipping-taxable","18":"purchasable","19":"product-type-variable"},"acf":[],"jetpack_sharing_enabled":true,"_links":{"self":[{"href":"https:\/\/vapotheque.ch\/de\/wp-json\/wp\/v2\/product\/36312","targetHints":{"allow":["GET"]}}],"collection":[{"href":"https:\/\/vapotheque.ch\/de\/wp-json\/wp\/v2\/product"}],"about":[{"href":"https:\/\/vapotheque.ch\/de\/wp-json\/wp\/v2\/types\/product"}],"wp:featuredmedia":[{"embeddable":true,"href":"https:\/\/vapotheque.ch\/de\/wp-json\/wp\/v2\/media\/35094"}],"wp:attachment":[{"href":"https:\/\/vapotheque.ch\/de\/wp-json\/wp\/v2\/media?parent=36312"}],"wp:term":[{"taxonomy":"product_cat","embeddable":true,"href":"https:\/\/vapotheque.ch\/de\/wp-json\/wp\/v2\/product_cat?post=36312"},{"taxonomy":"product_tag","embeddable":true,"href":"https:\/\/vapotheque.ch\/de\/wp-json\/wp\/v2\/product_tag?post=36312"}],"curies":[{"name":"wp","href":"https:\/\/api.w.org\/{rel}","templated":true}]}}