{"id":36311,"date":"2024-10-11T11:01:12","date_gmt":"2024-10-11T09:01:12","guid":{"rendered":"https:\/\/vapotheque.ch\/boutique\/vaping-in-paris-fresh-mint-e-liquid\/"},"modified":"2026-03-23T09:34:22","modified_gmt":"2026-03-23T08:34:22","slug":"vaping-in-paris-fresh-mint-e-liquid","status":"publish","type":"product","link":"https:\/\/vapotheque.ch\/de\/shop\/vaping-in-paris-fresh-mint-e-liquid\/","title":{"rendered":"Vaping In Paris &#8211; Frische Minze E-Fl\u00fcssigkeit 50 ml \/ 75 ml"},"content":{"rendered":"<h2><strong>Vaping In Paris Fresh Mint E-Liquid 50 ml \/ 75 ml: Eine Welle reiner und nat\u00fcrlicher Frische!<\/strong><\/h2>\n<p>Lust auf einen echten Eissturm mit jedem Zug? <strong>Vaping In Paris<\/strong> pr\u00e4sentiert sein <strong>Must-Have Vaping In Paris Fresh Mint E-Liquid 50 ml \/ 75 ml<\/strong> ! Dieses Juwel der Frische, das aus <strong>100% nat\u00fcrlichen Aromen<\/strong> und ohne Zusatzstoffe hergestellt wird, verspricht einen ultrareinen Dampf, der Sie den ganzen Tag \u00fcber k\u00fchl h\u00e4lt.<\/p>\n<p><strong>Eine frische Minze, wie keine andere!<\/strong> Hier handelt es sich nicht um k\u00fcnstliche oder fade Minze, <strong>sondern um das echte gr\u00fcne Minzblatt<\/strong> , das zwar eine intensive Frische liefert, aber diesen kleinen nat\u00fcrlichen krautigen Geschmack beibeh\u00e4lt. Die perfekte Balance zwischen <strong>polarer Frische<\/strong> und <strong>delikaten Aromen<\/strong> f\u00fcr einen garantierten Geschmacksgenuss! <\/p>\n<h3><strong>Warum sollten Sie sich f\u00fcr Vaping In Paris Fresh Mint E-Liquid 50 ml \/ 75 ml entscheiden?<\/strong><\/h3>\n<ul>\n<li><strong>100% pflanzliche Basis<\/strong>, nat\u00fcrliche Aromen und ohne Koolada oder S\u00fc\u00dfstoffe: alles ist f\u00fcr ein gesundes und authentisches Dampferlebnis gemacht.<\/li>\n<li>Ein <strong>belebender Minzgeschmack<\/strong>, ideal f\u00fcr Liebhaber von Frische, die sich eine e-Liquid w\u00fcnschen, die nicht nur erfrischt, sondern auch einen feinen Geschmack von <strong>gr\u00fcner Minze<\/strong> im Mund hinterl\u00e4sst.<\/li>\n<li>Ein <strong>nikotinfreies 50-ml-Shortfill-Format<\/strong> , das bereit ist, Ihre <strong>Booster<\/strong> aufzunehmen, um den Nikotingehalt nach Ihren W\u00fcnschen anzupassen.<\/li>\n<\/ul>\n<p><strong>F\u00fcgen Sie Ihre Nikotinbooster hinzu (nicht im Lieferumfang enthalten)<\/strong>:<\/p>\n<ul>\n<li>F\u00fcr einen Gehalt von 3 mg\/ml f\u00fcgen Sie <strong>einen<\/strong> Nikotinbooster hinzu.<\/li>\n<li>F\u00fcr einen Wert von 6 mg\/ml f\u00fcgen Sie <strong>zwei<\/strong> Booster hinzu.<\/li>\n<\/ul>\n<p><strong>Der Tipp des Dampfers<\/strong>: Wenn Sie mit Nikotinsalz dampfen oder einen geeigneten Widerstand verwenden m\u00f6chten, achten Sie darauf, dass Sie die <strong>18 Watt<\/strong> nicht \u00fcberschreiten und w\u00e4hlen Sie einen <strong>Widerstand von mindestens 1 Ohm<\/strong>, um den Geschmack und die Weichheit Ihres Dampfes zu bewahren.<\/p>\n<p><span style=\"vertical-align: inherit\">Hergestellt in Frankreich; MPGV\/GV-Dosierung: 50% \/ 50%. Passt sich jeder Art von Ausr\u00fcstung an. <\/span><\/p>\n<\/p>\n<p><span style=\"vertical-align: inherit\">Entdecken Sie weitere Produkte der Marke <\/span><a href=\"..\/..\/marque\/vaping-in-paris\"><span style=\"vertical-align: inherit\">Vaping in Paris<\/span><\/a><span style=\"vertical-align: inherit\"> .<\/span><\/p>\n<p><span style=\"vertical-align: inherit\">Erhalten Sie Rabatte oder die neuesten Informationen zu unseren Produkten, indem Sie uns in unseren sozialen Netzwerken folgen: <\/span><a href=\"https:\/\/www.facebook.com\/VapeAigleCH\" target=\"_blank\" rel=\"noopener\"><span style=\"vertical-align: inherit\">Facebook<\/span><\/a><span style=\"vertical-align: inherit\"> oder <\/span><a href=\"https:\/\/www.instagram.com\/vapotheque\/\" target=\"_blank\" rel=\"noopener\"><span style=\"vertical-align: inherit\">Instagram<\/span><\/a><span style=\"vertical-align: inherit\"> .<\/span><\/p>\n","protected":false},"excerpt":{"rendered":"<p>Vaping In Paris Fresh Mint E-Liquid 50 ml \/ 75 ml: Eine Welle reiner und nat\u00fcrlicher Frische! Lust auf einen echten Eissturm mit jedem Zug? Vaping In Paris pr\u00e4sentiert sein Must-Have Vaping In Paris Fresh Mint E-Liquid 50 ml \/ 75 ml ! Dieses Juwel der Frische, das aus 100% nat\u00fcrlichen Aromen und ohne Zusatzstoffe [&hellip;]<\/p>\n","protected":false},"featured_media":35090,"template":"","meta":{"_acf_changed":false},"product_cat":[405,442,408,401,1686,1679],"product_tag":[],"class_list":{"0":"post-36311","1":"product","2":"type-product","3":"status-publish","4":"has-post-thumbnail","6":"product_brand-vaping-in-paris-de","7":"product_cat-e-liquids","8":"product_cat-hervorgehobene-produkte","9":"product_cat-lieferbar-innerhalb-von-24-stunden-de","10":"product_cat-minze","11":"product_cat-50-ml-fur-70-ml","12":"product_cat-menge-e-flussigkeit-kapazitat-flasche","14":"first","15":"instock","16":"taxable","17":"shipping-taxable","18":"purchasable","19":"product-type-simple"},"acf":[],"jetpack_sharing_enabled":true,"_links":{"self":[{"href":"https:\/\/vapotheque.ch\/de\/wp-json\/wp\/v2\/product\/36311","targetHints":{"allow":["GET"]}}],"collection":[{"href":"https:\/\/vapotheque.ch\/de\/wp-json\/wp\/v2\/product"}],"about":[{"href":"https:\/\/vapotheque.ch\/de\/wp-json\/wp\/v2\/types\/product"}],"wp:featuredmedia":[{"embeddable":true,"href":"https:\/\/vapotheque.ch\/de\/wp-json\/wp\/v2\/media\/35090"}],"wp:attachment":[{"href":"https:\/\/vapotheque.ch\/de\/wp-json\/wp\/v2\/media?parent=36311"}],"wp:term":[{"taxonomy":"product_cat","embeddable":true,"href":"https:\/\/vapotheque.ch\/de\/wp-json\/wp\/v2\/product_cat?post=36311"},{"taxonomy":"product_tag","embeddable":true,"href":"https:\/\/vapotheque.ch\/de\/wp-json\/wp\/v2\/product_tag?post=36311"}],"curies":[{"name":"wp","href":"https:\/\/api.w.org\/{rel}","templated":true}]}}