{"id":36308,"date":"2024-10-09T17:39:51","date_gmt":"2024-10-09T15:39:51","guid":{"rendered":"https:\/\/vapotheque.ch\/boutique\/vaping-in-paris-madacar-10-ml-e-liquid\/"},"modified":"2024-10-09T17:39:51","modified_gmt":"2024-10-09T15:39:51","slug":"vaping-in-paris-madacar-10-ml-e-liquid","status":"publish","type":"product","link":"https:\/\/vapotheque.ch\/de\/shop\/vaping-in-paris-madacar-10-ml-e-liquid\/","title":{"rendered":"Vaping In Paris &#8211; Madacar 10 ML E-Liquid"},"content":{"rendered":"<h2><strong>Vaping In Paris Madacar 10 ML E-Liquid : Franz\u00f6sische Eleganz mit einem Hauch von Exotik!<\/strong><\/h2>\n<p>Haben Sie Lust auf ein E-Liquid, das den Charme der gro\u00dfen Klassiker mit einem Hauch von exotischem Abenteuer verbindet? Dann ist <b>Vaping In Paris Madacar 10 ML E-Liquid<\/b> genau das Richtige f\u00fcr Sie! Dieses E-Liquid zeigt einen weichen und raffinierten hellen Tabak, der durch zarte Noten von <strong>Vanille aus Madagaskar<\/strong> und einen Hauch von zartem <strong>Karamell<\/strong> verfeinert wird. Eine wahre Geschmacksreise, die Sie von den Champs-\u00c9lys\u00e9es zu den goldenen Str\u00e4nden von Madagaskar f\u00fchrt. <strong>Vaping in Paris<\/strong> macht keine halben Sachen! Schluss mit S\u00fc\u00dfstoffen und anderen synthetischen Zus\u00e4tzen, die die Authentizit\u00e4t zerst\u00f6ren. Hier ist <strong>Reinheit<\/strong> angesagt: sorgf\u00e4ltig ausgew\u00e4hlte nat\u00fcrliche Aromen, eine 100% pflanzliche Basis und nat\u00fcrlich der kleine franz\u00f6sische Touch, der den Unterschied ausmacht. Sind Sie also bereit, einen Klassiker mit einem Hauch von Exotik zu dampfen? <strong><b>Vaping In Paris Madacar 10 ML E-Liquid<\/b><\/strong> ist der perfekte Verb\u00fcndete f\u00fcr ein sanftes, subtiles und ungek\u00fcnsteltes Dampfen, f\u00fcr diejenigen, die gerne Einfachheit und Raffinesse kombinieren.   <\/p>\n<p><strong><span style=\"vertical-align: inherit;\">Wichtig<\/span><\/strong><span style=\"vertical-align: inherit;\"> E-Liquid bereits nikotinisiert, verkauft in einer 10 ml Flasche.<\/span><\/p>\n<p class=\"class-fabrication\"><span style=\"vertical-align: inherit;\">Hergestellt in Frankreich; Verh\u00e4ltnis MPGV\/GV: 50 % \/ 50 %. Passt sich an jede Art von Material an.<\/span><\/p>\n<p>&nbsp;<\/p>\n<p><span style=\"vertical-align: inherit;\">Entdecken Sie weitere Produkte der Marke <\/span><a href=\"\/marque\/vaping-in-paris\"><span style=\"vertical-align: inherit;\">Vaping in Paris<\/span><\/a><span style=\"vertical-align: inherit;\"> .<\/span><\/p>\n<p><span style=\"vertical-align: inherit;\">Erhalten Sie Rabatte oder die neuesten Informationen \u00fcber unsere Produkte, indem Sie uns in unseren sozialen Netzwerken folgen: <\/span><a href=\"https:\/\/www.facebook.com\/VapeAigleCH\" target=\"_blank\" rel=\"noopener\"><span style=\"vertical-align: inherit;\">Facebook<\/span><\/a><span style=\"vertical-align: inherit;\"> oder <\/span><a href=\"https:\/\/www.instagram.com\/vapotheque\" target=\"_blank\" rel=\"noopener\"><span style=\"vertical-align: inherit;\">Instagram<\/span><\/a><span style=\"vertical-align: inherit;\"> .<\/span><\/p>\n","protected":false},"excerpt":{"rendered":"<p>Vaping In Paris Madacar 10 ML E-Liquid : Franz\u00f6sische Eleganz mit einem Hauch von Exotik! Haben Sie Lust auf ein E-Liquid, das den Charme der gro\u00dfen Klassiker mit einem Hauch von exotischem Abenteuer verbindet? Dann ist Vaping In Paris Madacar 10 ML E-Liquid genau das Richtige f\u00fcr Sie! Dieses E-Liquid zeigt einen weichen und raffinierten [&hellip;]<\/p>\n","protected":false},"featured_media":35053,"template":"","meta":{"_acf_changed":false},"product_cat":[405,442,408,403,1629,1716],"product_tag":[],"class_list":{"0":"post-36308","1":"product","2":"type-product","3":"status-publish","4":"has-post-thumbnail","6":"product_brand-vaping-in-paris-de","7":"product_cat-e-liquids","8":"product_cat-hervorgehobene-produkte","9":"product_cat-lieferbar-innerhalb-von-24-stunden-de","10":"product_cat-tabak","11":"product_cat-10-ml-mit-nikotin","12":"product_cat-10ml-790-de","14":"first","15":"instock","16":"taxable","17":"shipping-taxable","18":"purchasable","19":"product-type-variable"},"acf":[],"jetpack_sharing_enabled":true,"_links":{"self":[{"href":"https:\/\/vapotheque.ch\/de\/wp-json\/wp\/v2\/product\/36308","targetHints":{"allow":["GET"]}}],"collection":[{"href":"https:\/\/vapotheque.ch\/de\/wp-json\/wp\/v2\/product"}],"about":[{"href":"https:\/\/vapotheque.ch\/de\/wp-json\/wp\/v2\/types\/product"}],"wp:featuredmedia":[{"embeddable":true,"href":"https:\/\/vapotheque.ch\/de\/wp-json\/wp\/v2\/media\/35053"}],"wp:attachment":[{"href":"https:\/\/vapotheque.ch\/de\/wp-json\/wp\/v2\/media?parent=36308"}],"wp:term":[{"taxonomy":"product_cat","embeddable":true,"href":"https:\/\/vapotheque.ch\/de\/wp-json\/wp\/v2\/product_cat?post=36308"},{"taxonomy":"product_tag","embeddable":true,"href":"https:\/\/vapotheque.ch\/de\/wp-json\/wp\/v2\/product_tag?post=36308"}],"curies":[{"name":"wp","href":"https:\/\/api.w.org\/{rel}","templated":true}]}}