{"id":36307,"date":"2024-10-09T17:11:30","date_gmt":"2024-10-09T15:11:30","guid":{"rendered":"https:\/\/vapotheque.ch\/boutique\/vaping-in-paris-madacar-e-liquide\/"},"modified":"2025-04-26T12:38:40","modified_gmt":"2025-04-26T10:38:40","slug":"vaping-in-paris-madacar-e-liquide","status":"publish","type":"product","link":"https:\/\/vapotheque.ch\/de\/shop\/vaping-in-paris-madacar-e-liquide\/","title":{"rendered":"Verdampfen In Paris &#8211; Madacar E-Liquid 50 ml \/ 75 ml"},"content":{"rendered":"<h2><strong>Vaping In Paris Madacar E-Liquid 50 ml \/ 75 ml: Franz\u00f6sische Eleganz mit exotischem Touch!<\/strong><\/h2>\n<p>Lust auf ein E-Liquid, das den Charme der Klassiker mit einem Hauch von exotischem Abenteuer verbindet? Das <b>Vaping In Paris Madacar E-Liquid 50 ml \/ 75 ml<\/b> ist hier, um Ihre Erwartungen zu erf\u00fcllen! Dieses E-Liquid zeichnet sich durch einen weichen und raffinierten blonden Tabak aus, der durch zarte Noten <strong>von Madagaskar-Vanille<\/strong> und einen Hauch von <strong>schmelzendem Karamell<\/strong> sublimiert wird. Eine echte Geschmacksreise, die Sie von den Champs-\u00c9lys\u00e9es zu den goldenen Str\u00e4nden Madagaskars f\u00fchrt.   <\/p>\n<p><strong>Dampfen in Paris<\/strong> macht nie halbe Sachen! Keine S\u00fc\u00dfstoffe und andere synthetische Zusatzstoffe mehr, die die Authentizit\u00e4t beeintr\u00e4chtigen. Hier ist es Zeit f\u00fcr <strong>Reinheit<\/strong> : sorgf\u00e4ltig ausgew\u00e4hlte nat\u00fcrliche Aromen, eine 100% pflanzliche Basis und nat\u00fcrlich die kleine franz\u00f6sische Note, die den Unterschied ausmacht.  <\/p>\n<p>Sind Sie also bereit, einen Klassiker mit einem Hauch von Exotik zu verdampfen? <strong><b>Vaping In Paris Madacar E-Liquid 50 ml \/ 75 ml<\/b><\/strong> ist der perfekte Verb\u00fcndete f\u00fcr ein sanftes, subtiles und unpr\u00e4tenti\u00f6ses Dampfen, f\u00fcr diejenigen, die gerne Einfachheit und Raffinesse kombinieren.<\/p>\n<p class=\"class-fabrication\"><span style=\"vertical-align: inherit\">Hergestellt in Frankreich; MPGV\/GV-Dosierung: 50% \/ 50%. Passt sich jeder Art von Ausr\u00fcstung an. <\/span><\/p>\n<\/p>\n<p><span style=\"vertical-align: inherit\">Entdecken Sie weitere Produkte der Marke <\/span><a href=\"..\/..\/marque\/vaping-in-paris\"><span style=\"vertical-align: inherit\">Vaping in Paris<\/span><\/a><span style=\"vertical-align: inherit\"> .<\/span><\/p>\n<p><span style=\"vertical-align: inherit\">Erhalten Sie Rabatte oder die neuesten Informationen zu unseren Produkten, indem Sie uns in unseren sozialen Netzwerken folgen: <\/span><a href=\"https:\/\/www.facebook.com\/VapeAigleCH\" target=\"_blank\" rel=\"noopener\"><span style=\"vertical-align: inherit\">Facebook<\/span><\/a><span style=\"vertical-align: inherit\"> oder <\/span><a href=\"https:\/\/www.instagram.com\/vapotheque\/\" target=\"_blank\" rel=\"noopener\"><span style=\"vertical-align: inherit\">Instagram<\/span><\/a><span style=\"vertical-align: inherit\"> .<\/span><\/p>\n","protected":false},"excerpt":{"rendered":"<p>Vaping In Paris Madacar E-Liquid 50 ml \/ 75 ml: Franz\u00f6sische Eleganz mit exotischem Touch! Lust auf ein E-Liquid, das den Charme der Klassiker mit einem Hauch von exotischem Abenteuer verbindet? Das Vaping In Paris Madacar E-Liquid 50 ml \/ 75 ml ist hier, um Ihre Erwartungen zu erf\u00fcllen! Dieses E-Liquid zeichnet sich durch einen [&hellip;]<\/p>\n","protected":false},"featured_media":35048,"template":"","meta":{"_acf_changed":false},"product_cat":[405,442,408,403,1686,1679],"product_tag":[],"class_list":{"0":"post-36307","1":"product","2":"type-product","3":"status-publish","4":"has-post-thumbnail","6":"product_brand-vaping-in-paris-de","7":"product_cat-e-liquids","8":"product_cat-hervorgehobene-produkte","9":"product_cat-lieferbar-innerhalb-von-24-stunden-de","10":"product_cat-tabak","11":"product_cat-50-ml-fur-70-ml","12":"product_cat-menge-e-flussigkeit-kapazitat-flasche","14":"first","15":"instock","16":"taxable","17":"shipping-taxable","18":"purchasable","19":"product-type-simple"},"acf":[],"jetpack_sharing_enabled":true,"_links":{"self":[{"href":"https:\/\/vapotheque.ch\/de\/wp-json\/wp\/v2\/product\/36307","targetHints":{"allow":["GET"]}}],"collection":[{"href":"https:\/\/vapotheque.ch\/de\/wp-json\/wp\/v2\/product"}],"about":[{"href":"https:\/\/vapotheque.ch\/de\/wp-json\/wp\/v2\/types\/product"}],"wp:featuredmedia":[{"embeddable":true,"href":"https:\/\/vapotheque.ch\/de\/wp-json\/wp\/v2\/media\/35048"}],"wp:attachment":[{"href":"https:\/\/vapotheque.ch\/de\/wp-json\/wp\/v2\/media?parent=36307"}],"wp:term":[{"taxonomy":"product_cat","embeddable":true,"href":"https:\/\/vapotheque.ch\/de\/wp-json\/wp\/v2\/product_cat?post=36307"},{"taxonomy":"product_tag","embeddable":true,"href":"https:\/\/vapotheque.ch\/de\/wp-json\/wp\/v2\/product_tag?post=36307"}],"curies":[{"name":"wp","href":"https:\/\/api.w.org\/{rel}","templated":true}]}}