{"id":36304,"date":"2024-10-09T16:37:25","date_gmt":"2024-10-09T14:37:25","guid":{"rendered":"https:\/\/vapotheque.ch\/boutique\/vaping-in-paris-cigarillo-10-ml-e-liquid\/"},"modified":"2024-10-09T16:37:25","modified_gmt":"2024-10-09T14:37:25","slug":"vaping-in-paris-cigarillo-10-ml-e-liquid","status":"publish","type":"product","link":"https:\/\/vapotheque.ch\/de\/shop\/vaping-in-paris-cigarillo-10-ml-e-liquid\/","title":{"rendered":"Vaping In Paris &#8211; Cigarillo 10 ml E-Liquid"},"content":{"rendered":"<h2><strong>Vaping In Paris Cigarillo 10 ml E-Liquid : Eine exotische Reise f\u00fcr den Gaumen!<\/strong><\/h2>\n<p><strong>Vaping In Paris pr\u00e4sentiert Ihnen die e-Liquids Cigarillo &#8211; Die Essenz der Raffinesse!<\/strong><\/p>\n<p>Bei <strong>Vaping In Paris<\/strong> stehen Eleganz und Qualit\u00e4t immer an erster Stelle. Ihre neue Kreation, die <strong>Vaping In Paris Cigarillo 10 ml E-Liquid<\/strong>, ist da keine Ausnahme! Hergestellt aus nat\u00fcrlichen Aromen, die speziell f\u00fcr das Dampfen entwickelt wurden, l\u00e4dt dieses E-Liquid Sie dazu ein, die Subtilit\u00e4t eines traditionellen Cigarillos zu entdecken, der durch authentische Aromen aus Indonesien und der Karibik verfeinert wird. Der <strong>Cigarillo<\/strong> bietet ein reiches und nat\u00fcrliches Aroma, das perfekt f\u00fcr diejenigen ist, die einen starken Geschmack ohne k\u00fcnstliche Aromen suchen. Stellen Sie sich vor, Sie genie\u00dfen einen Cigarillo am Meer, unter Palmen, mit diesem exquisiten Hauch von Tabak, der an Feinheit und Authentizit\u00e4t erinnert. Es ist ein robustes und raffiniertes Dampferlebnis! Dieses E-Liquid wird auf einer 100% pflanzlichen Basis hergestellt, ohne Coolada oder S\u00fc\u00dfstoffe, f\u00fcr ein reines und nat\u00fcrliches Dampfen, das die Ethik von <strong>Vaping In Paris<\/strong> respektiert. Jeder Zug entf\u00fchrt Sie in eine Welt, in der Qualit\u00e4t und Genuss aufeinandertreffen.  <\/p>\n<p><strong>Lust auf ein Dampfen mit Charakter? Dann wartet das Vaping In Paris Cigarillo 10 ml E-Liquid auf Sie! <\/strong><\/p>\n<p><strong><span style=\"vertical-align: inherit;\">Wichtig<\/span><\/strong><span style=\"vertical-align: inherit;\"> E-Liquid bereits nikotinisiert, verkauft in einer 10 ml Flasche.<\/span><\/p>\n<p class=\"class-fabrication\"><span style=\"vertical-align: inherit;\">Hergestellt in Frankreich; Verh\u00e4ltnis MPGV\/GV: 50 % \/ 50 %. Passt sich an jede Art von Material an.<\/span><\/p>\n<p>&nbsp;<\/p>\n<p><span style=\"vertical-align: inherit;\">Entdecken Sie weitere Produkte der Marke <\/span><a href=\"\/marque\/vaping-in-paris\"><span style=\"vertical-align: inherit;\">Vaping in Paris<\/span><\/a><span style=\"vertical-align: inherit;\"> .<\/span><\/p>\n<p><span style=\"vertical-align: inherit;\">Erhalten Sie Rabatte oder die neuesten Informationen \u00fcber unsere Produkte, indem Sie uns in unseren sozialen Netzwerken folgen: <\/span><a href=\"https:\/\/www.facebook.com\/VapeAigleCH\" target=\"_blank\" rel=\"noopener\"><span style=\"vertical-align: inherit;\">Facebook<\/span><\/a><span style=\"vertical-align: inherit;\"> oder <\/span><a href=\"https:\/\/www.instagram.com\/vapotheque\" target=\"_blank\" rel=\"noopener\"><span style=\"vertical-align: inherit;\">Instagram<\/span><\/a><span style=\"vertical-align: inherit;\"> .<\/span><\/p>\n","protected":false},"excerpt":{"rendered":"<p>Vaping In Paris Cigarillo 10 ml E-Liquid : Eine exotische Reise f\u00fcr den Gaumen! Vaping In Paris pr\u00e4sentiert Ihnen die e-Liquids Cigarillo &#8211; Die Essenz der Raffinesse! Bei Vaping In Paris stehen Eleganz und Qualit\u00e4t immer an erster Stelle. Ihre neue Kreation, die Vaping In Paris Cigarillo 10 ml E-Liquid, ist da keine Ausnahme! Hergestellt [&hellip;]<\/p>\n","protected":false},"featured_media":35037,"template":"","meta":{"_acf_changed":false},"product_cat":[405,442,408,403,1629,1716],"product_tag":[],"class_list":{"0":"post-36304","1":"product","2":"type-product","3":"status-publish","4":"has-post-thumbnail","6":"product_brand-vaping-in-paris-de","7":"product_cat-e-liquids","8":"product_cat-hervorgehobene-produkte","9":"product_cat-lieferbar-innerhalb-von-24-stunden-de","10":"product_cat-tabak","11":"product_cat-10-ml-mit-nikotin","12":"product_cat-10ml-790-de","14":"first","15":"instock","16":"taxable","17":"shipping-taxable","18":"purchasable","19":"product-type-variable"},"acf":[],"jetpack_sharing_enabled":true,"_links":{"self":[{"href":"https:\/\/vapotheque.ch\/de\/wp-json\/wp\/v2\/product\/36304","targetHints":{"allow":["GET"]}}],"collection":[{"href":"https:\/\/vapotheque.ch\/de\/wp-json\/wp\/v2\/product"}],"about":[{"href":"https:\/\/vapotheque.ch\/de\/wp-json\/wp\/v2\/types\/product"}],"wp:featuredmedia":[{"embeddable":true,"href":"https:\/\/vapotheque.ch\/de\/wp-json\/wp\/v2\/media\/35037"}],"wp:attachment":[{"href":"https:\/\/vapotheque.ch\/de\/wp-json\/wp\/v2\/media?parent=36304"}],"wp:term":[{"taxonomy":"product_cat","embeddable":true,"href":"https:\/\/vapotheque.ch\/de\/wp-json\/wp\/v2\/product_cat?post=36304"},{"taxonomy":"product_tag","embeddable":true,"href":"https:\/\/vapotheque.ch\/de\/wp-json\/wp\/v2\/product_tag?post=36304"}],"curies":[{"name":"wp","href":"https:\/\/api.w.org\/{rel}","templated":true}]}}