{"id":34841,"date":"2024-10-02T18:26:48","date_gmt":"2024-10-02T16:26:48","guid":{"rendered":"https:\/\/vapotheque.ch\/boutique\/vaping-in-paris-light-sels-10-ml-e-liquid\/"},"modified":"2024-11-12T11:29:50","modified_gmt":"2024-11-12T10:29:50","slug":"vaping-in-paris-light-sels-10-ml-e-liquid","status":"publish","type":"product","link":"https:\/\/vapotheque.ch\/de\/shop\/vaping-in-paris-light-sels-10-ml-e-liquid\/","title":{"rendered":"Vaping In Paris &#8211; Light SELS 10 ml E-Liquid"},"content":{"rendered":"<h2><strong>Vaping In Paris Light SELS 10 ml E-Liquid: Lassen Sie sich von seiner intensiv s\u00fc\u00dfen Seite verzaubern!<\/strong><\/h2>\n<p>Vaping In Paris pr\u00e4sentiert Ihnen <strong>Vaping In Paris Light SELS 10 ml E-Liquid<\/strong> mit Nikotinsalzen! Ein Klassiker in neuem Gewand, der die Intensit\u00e4t eines hellen Tabaks mit der Zartheit eines Hauchs von Honig verbindet, alles in einer Premium-Version f\u00fcr die Liebhaber von kr\u00e4ftigen, aber subtilen Aromen. Ein Dampfen, das einen Hauch von Neuheit auf Ihre Geschmacksnerven bringt, ohne jemals zu \u00fcbertreiben! Alle Liquids von Vaping In Paris werden mit 100% nat\u00fcrlichen Aromen hergestellt, die speziell f\u00fcr das Dampfen entwickelt wurden. Sie sind das Ergebnis einer Expertise made in France, bei der Qualit\u00e4t und Genuss aufeinandertreffen, um den Dampfern das Beste zu bieten. Und das <strong>Vaping In Paris Light SELS 10 ml E-Liquid<\/strong> ist keine Ausnahme! Sie suchen einen authentischen Tabakgeschmack mit einer kleinen s\u00fc\u00dfen Note, die ihn unwiderstehlich macht? Genau das bietet er Ihnen, dank einer perfekten Kombination aus der Robustheit eines hellen Tabaks und der s\u00fc\u00dfen S\u00fc\u00dfe von Honig, alles auf einer 100% pflanzlichen Basis. Keine S\u00fc\u00dfstoffe, keine erfrischenden \u00dcberraschungen &#8211; nur nat\u00fcrlicher Genuss ohne Kompromisse. Mit Nikotinsalzen erhalten Sie einen ultra-angenehmen Twist! Schluss mit einem zu aggressiven Hit, der wie ein Blatt Sandpapier im Hals kratzt: Hier kommt es auf die Feinheit an. Nikotinsalze sind wie ein Freifahrtschein f\u00fcr eine schnelle, intensive und gleichzeitig sanfte Befriedigung. Sie k\u00f6nnen mit einem h\u00f6heren Nikotingehalt dampfen, aber ohne das geringste unangenehme Gef\u00fchl. Perfekt f\u00fcr diejenigen, die genie\u00dfen wollen, ohne alle f\u00fcnf Minuten an ihrer Dampfe ziehen zu m\u00fcssen! Um das Beste aus diesem kleinen Juwel herauszuholen, wird empfohlen, die Leistung von 18 Watt nicht zu \u00fcberschreiten, da sonst die Molek\u00fcle der Nikotinsalze abgebaut werden (und wir wollen uns ja nicht den Spa\u00df verderben lassen, oder?). Dar\u00fcber hinaus wird ein Widerstand von mindestens 1 Ohm oder mehr empfohlen, um die Qualit\u00e4t des Dampfes zu optimieren. Was ist das Ergebnis? Ein weicherer Dampf und feinere Aromen, wobei die Authentizit\u00e4t und die Intensit\u00e4t des Geschmacks erhalten bleiben. Ob Sie nun ein neugieriger Dampfer oder ein Fan von hellem Tabak sind, <strong>Vaping In Paris Light SELS 10 ml E-Liquid<\/strong> ist eine Einladung zum Entspannen, um jeden Moment voll auszukosten.  <\/p>\n<p><strong><span style=\"vertical-align: inherit;\">Wichtig<\/span><\/strong><span style=\"vertical-align: inherit;\"> E-Liquid bereits nikotinisiert, verkauft in einer 10 ml Flasche.<\/span><\/p>\n<p class=\"class-fabrication\"><span style=\"vertical-align: inherit;\">Hergestellt in Frankreich; Verh\u00e4ltnis MPGV\/GV: 50 % \/ 50 %. Passt sich an jede Art von Material an.<\/span><\/p>\n<p>&nbsp;<\/p>\n<p><span style=\"vertical-align: inherit;\">Entdecken Sie weitere Produkte der Marke <\/span><a href=\"\/marque\/vaping-in-paris\"><span style=\"vertical-align: inherit;\">Vaping in Paris<\/span><\/a><span style=\"vertical-align: inherit;\"> .<\/span><\/p>\n<p><span style=\"vertical-align: inherit;\">Erhalten Sie Rabatte oder die neuesten Informationen \u00fcber unsere Produkte, indem Sie uns in unseren sozialen Netzwerken folgen: <\/span><a href=\"https:\/\/www.facebook.com\/VapeAigleCH\" target=\"_blank\" rel=\"noopener\"><span style=\"vertical-align: inherit;\">Facebook<\/span><\/a><span style=\"vertical-align: inherit;\"> oder <\/span><a href=\"https:\/\/www.instagram.com\/vapotheque\" target=\"_blank\" rel=\"noopener\"><span style=\"vertical-align: inherit;\">Instagram<\/span><\/a><span style=\"vertical-align: inherit;\"> .<\/span><\/p>\n","protected":false},"excerpt":{"rendered":"<p>Vaping In Paris Light SELS 10 ml E-Liquid: Lassen Sie sich von seiner intensiv s\u00fc\u00dfen Seite verzaubern! Vaping In Paris pr\u00e4sentiert Ihnen Vaping In Paris Light SELS 10 ml E-Liquid mit Nikotinsalzen! Ein Klassiker in neuem Gewand, der die Intensit\u00e4t eines hellen Tabaks mit der Zartheit eines Hauchs von Honig verbindet, alles in einer Premium-Version [&hellip;]<\/p>\n","protected":false},"featured_media":34826,"template":"","meta":{"_acf_changed":false},"product_cat":[405,442,408,1629,1716],"product_tag":[],"class_list":{"0":"post-34841","1":"product","2":"type-product","3":"status-publish","4":"has-post-thumbnail","6":"product_brand-vaping-in-paris-de","7":"product_cat-e-liquids","8":"product_cat-hervorgehobene-produkte","9":"product_cat-lieferbar-innerhalb-von-24-stunden-de","10":"product_cat-10-ml-mit-nikotin","11":"product_cat-10ml-790-de","13":"first","14":"instock","15":"taxable","16":"shipping-taxable","17":"purchasable","18":"product-type-variable"},"acf":[],"jetpack_sharing_enabled":true,"_links":{"self":[{"href":"https:\/\/vapotheque.ch\/de\/wp-json\/wp\/v2\/product\/34841","targetHints":{"allow":["GET"]}}],"collection":[{"href":"https:\/\/vapotheque.ch\/de\/wp-json\/wp\/v2\/product"}],"about":[{"href":"https:\/\/vapotheque.ch\/de\/wp-json\/wp\/v2\/types\/product"}],"wp:featuredmedia":[{"embeddable":true,"href":"https:\/\/vapotheque.ch\/de\/wp-json\/wp\/v2\/media\/34826"}],"wp:attachment":[{"href":"https:\/\/vapotheque.ch\/de\/wp-json\/wp\/v2\/media?parent=34841"}],"wp:term":[{"taxonomy":"product_cat","embeddable":true,"href":"https:\/\/vapotheque.ch\/de\/wp-json\/wp\/v2\/product_cat?post=34841"},{"taxonomy":"product_tag","embeddable":true,"href":"https:\/\/vapotheque.ch\/de\/wp-json\/wp\/v2\/product_tag?post=34841"}],"curies":[{"name":"wp","href":"https:\/\/api.w.org\/{rel}","templated":true}]}}